{"id":6541,"date":"2019-02-14T17:51:48","date_gmt":"2019-02-14T15:51:48","guid":{"rendered":"https:\/\/www.barefoot-baltics.ee\/product\/odinis-kantaras-2-viename\/"},"modified":"2019-08-15T11:48:35","modified_gmt":"2019-08-15T08:48:35","slug":"odinis-kantaras-2-viename","status":"publish","type":"product","link":"https:\/\/www.barefoot-baltics.ee\/lt\/produktas\/odinis-kantaras-2-viename\/","title":{"rendered":"Odinis kantaras (2 viename)"},"content":{"rendered":"<p>\u0160is odinis Barefoot kantaras turi dvi pakei\u010diamas pakau\u0161io dalis &#8211; abi su \u017eirgui draugi\u0161ka funkcija. <\/p>\n<p>Jie \u017eirgas turi b\u016bti priri\u0161tas saugiai, j\u016bs galite naudoti u\u017edar\u0105 pakau\u0161io dal\u012f, pagamint\u0105 i\u0161 mink\u0161tos nubuko odos su termo-elastiniu pamink\u0161tinimu. Anatomi\u0161kai pritaikyta prie \u017eirgo pakau\u0161io, kad nesukelt\u0173 spaudimo ties aus\u0173 pagrindu.<\/p>\n<p>Jei jums reikia priri\u0161ti ir i\u0161vesti \u017eirg\u0105, j\u016bs galite naudoti pakau\u0161io dal\u012f su greito paleidimo funkcija. Ji yra dviguba ir prisisega lipukais. Jei j\u016bs\u0173 \u017eirgas supanikuos, atsistos ant kantaro ar u\u017esikabins u\u017e tvoros, lipuk\u0173 u\u017esegimas atsisegs ir gyv\u016bnas gal\u0117s i\u0161silaisvinti, taip i\u0161vengiant blogiausio&#8230; Pakau\u0161io dalis pamink\u0161tinta tikra \u0117riuko vilna.<\/p>\n<p>Kantaras kapsul\u0117s dydis reguliuojamas, \u017eiedas priri\u0161imui yra perkeliamas. Kapsul\u0117 ir \u0161oniniai dir\u017eeliai yra pamink\u0161tinti. Kaklo dir\u017eelis apsi\u016btas ir prisisega tvirtu karabinu.<\/p>\n","protected":false},"excerpt":{"rendered":"<ul>\n<li>Pra\u0161matnus odinis kantaras su dviejomis skirtingomis pakau\u0161io dalimis<\/li>\n<li>Tvirta, anatomin\u0117 pakau\u0161io dalis yra pamink\u0161tinta<\/li>\n<li>Subtili pakau\u0161io dalis turi greito paleidimo funkcij\u0105 bei yra pamink\u0161tinta tikra \u0117riuko vilna<\/li>\n<\/ul>\n","protected":false},"featured_media":1729,"template":"","meta":[],"product_brand":[],"product_cat":[1850],"product_tag":[1877,1878,1891],"class_list":{"0":"post-6541","1":"product","2":"type-product","3":"status-publish","4":"has-post-thumbnail","6":"product_cat-kamanos-vesterno-kamanos-kantarai-ir-kapsules","7":"product_tag-labai-patogus","8":"product_tag-labai-saugus","9":"product_tag-oda","10":"product_shipping_class-siuntu-stotis","11":"pa_size-1-cob-lt","12":"pa_size-2-full-lt","14":"first","15":"instock","16":"shipping-taxable","17":"purchasable","18":"product-type-variable"},"_links":{"self":[{"href":"https:\/\/www.barefoot-baltics.ee\/lt\/wp-json\/wp\/v2\/product\/6541","targetHints":{"allow":["GET"]}}],"collection":[{"href":"https:\/\/www.barefoot-baltics.ee\/lt\/wp-json\/wp\/v2\/product"}],"about":[{"href":"https:\/\/www.barefoot-baltics.ee\/lt\/wp-json\/wp\/v2\/types\/product"}],"wp:featuredmedia":[{"embeddable":true,"href":"https:\/\/www.barefoot-baltics.ee\/lt\/wp-json\/wp\/v2\/media\/1729"}],"wp:attachment":[{"href":"https:\/\/www.barefoot-baltics.ee\/lt\/wp-json\/wp\/v2\/media?parent=6541"}],"wp:term":[{"taxonomy":"product_brand","embeddable":true,"href":"https:\/\/www.barefoot-baltics.ee\/lt\/wp-json\/wp\/v2\/product_brand?post=6541"},{"taxonomy":"product_cat","embeddable":true,"href":"https:\/\/www.barefoot-baltics.ee\/lt\/wp-json\/wp\/v2\/product_cat?post=6541"},{"taxonomy":"product_tag","embeddable":true,"href":"https:\/\/www.barefoot-baltics.ee\/lt\/wp-json\/wp\/v2\/product_tag?post=6541"}],"curies":[{"name":"wp","href":"https:\/\/api.w.org\/{rel}","templated":true}]}}