{"id":6526,"date":"2018-11-06T16:02:17","date_gmt":"2018-11-06T14:02:17","guid":{"rendered":"https:\/\/www.barefoot-baltics.ee\/product\/pagrindine-anatomine-kamanu-dalis-fizio\/"},"modified":"2020-12-29T10:59:13","modified_gmt":"2020-12-29T08:59:13","slug":"anatomines-kamanos-fizio","status":"publish","type":"product","link":"https:\/\/www.barefoot-baltics.ee\/lt\/produktas\/anatomines-kamanos-fizio\/","title":{"rendered":"Anatomin\u0117s kamanos \u201cFizio\u201d"},"content":{"rendered":"<p>\u0160i pagrindin\u0117 kaman\u0173 dalis yra i\u0161 m\u016bs\u0173 \u201cFizio\u201d linijos, kuri u\u017etikrina ypating\u0105 patogum\u0105 \u017eirgui. Keletas pakeitim\u0173, kurie \u0161ias kamanas padaro geresnes \u017eirgui ir leid\u017eia jas  naudoti \u012fvairiems jojimo stiliams ir vaikymui.<\/p>\n<p>\u201cFizio\u201d pagrindin\u0117 kaman\u0173 dalis gali b\u016bti tiksliai pritaikyta prie \u017eirgo galvos d\u0117l savo i\u0161skirtinio dizaino.<\/p>\n<p>Pakau\u0161io dir\u017eelis yra su specialiu i\u0161linkimu (paslinkimu \u012f priek\u012f),  tod\u0117l nesusidaro spaudimas u\u017e aus\u0173, kur nerv\u0173 kamienas jungiasi su pakau\u0161io kaulu. Pagrindin\u0117 kaman\u0173 dalis pamink\u0161tinta ir i\u0161lenkta aplink \u017eirgo ausis\u2013 ausys turi vietos ir pagrindin\u0117 kaman\u0173 dalis \u0161velniai priglunda.<\/p>\n<p>\u0160oniniai ir kaklo dir\u017eeliai pritaikyti prie \u017eirgo galvos kiek kitaip. \u0160oniniai dir\u017eeliai i\u0161si\u0161akoja: \u0161i Y forma neleid\u017eia dir\u017eeliui slysti link \u017eirgo aki\u0173, jo neu\u017egaunamos. Kamanos gali b\u016bti tiksliai pritaikytos prie \u017eirgo galvos ir lieka vietoje.<\/p>\n<p>Yra daugelis b\u016bd\u0173 panaudoti \u0161i\u0105 Barefoot pagrindin\u0119 kaman\u0173 dal\u012f. Pavyzd\u017eiui:<\/p>\n<ol>\n<li>Su Barefoot \u201cSuformuok\u201d kapsule ar kavesonu jojimui be \u017e\u0105sl\u0173 arba vaikymui.<\/li>\n<li>Su Barefoot \u201cSuformuok\u201d kapsule ar kavesonu su \u017e\u0105sl\u0173 dir\u017eeliais jojimui ir vaikymui.<\/li>\n<li>Su hakemore arba bosal tipo kapsule.<\/li>\n<li>Su \u017e\u0105slais tiesiog prisegant \u017e\u0105slus prie pagrindin\u0117s kaman\u0173 dalies ir kt<\/li>\n<\/ol>\n<p>Pagrindin\u0117 anatomin\u0117 kaman\u0173 dalis parduodama be kapsul\u0117s. J\u0105 gali \u012fsigyti atskirai. <\/p>\n","protected":false},"excerpt":{"rendered":"<ul>\n<li>Anatomi\u0161kai suformuota pagrindin\u0117 kaman\u0173 dalis (patentuota) <\/li>\n<li>Tikslus pritaikymas \u017eirgo galvai<\/li>\n<li>Idealaus pritaikymo d\u0117ka \u2013 tikslios komandos<\/li>\n<li>Neslysta link \u017eirgo akies<\/li>\n<li>Daug panaudojimo b\u016bd\u0173<\/li>\n<\/ul>\n","protected":false},"featured_media":1432,"template":"","meta":[],"product_brand":[],"product_cat":[1850],"product_tag":[1895,1877,1891],"class_list":{"0":"post-6526","1":"product","2":"type-product","3":"status-publish","4":"has-post-thumbnail","6":"product_cat-kamanos-vesterno-kamanos-kantarai-ir-kapsules","7":"product_tag-fizio-lt","8":"product_tag-labai-patogus","9":"product_tag-oda","10":"product_shipping_class-siuntu-stotis","11":"pa_colour-juoda-pilka","12":"pa_colour-ruda-sviesiai-ruda","13":"pa_size-0-pony-lt","14":"pa_size-1-cob-lt","15":"pa_size-2-full-lt","16":"pa_size-3-draft-lt","18":"first","19":"instock","20":"shipping-taxable","21":"purchasable","22":"product-type-variable"},"_links":{"self":[{"href":"https:\/\/www.barefoot-baltics.ee\/lt\/wp-json\/wp\/v2\/product\/6526","targetHints":{"allow":["GET"]}}],"collection":[{"href":"https:\/\/www.barefoot-baltics.ee\/lt\/wp-json\/wp\/v2\/product"}],"about":[{"href":"https:\/\/www.barefoot-baltics.ee\/lt\/wp-json\/wp\/v2\/types\/product"}],"wp:featuredmedia":[{"embeddable":true,"href":"https:\/\/www.barefoot-baltics.ee\/lt\/wp-json\/wp\/v2\/media\/1432"}],"wp:attachment":[{"href":"https:\/\/www.barefoot-baltics.ee\/lt\/wp-json\/wp\/v2\/media?parent=6526"}],"wp:term":[{"taxonomy":"product_brand","embeddable":true,"href":"https:\/\/www.barefoot-baltics.ee\/lt\/wp-json\/wp\/v2\/product_brand?post=6526"},{"taxonomy":"product_cat","embeddable":true,"href":"https:\/\/www.barefoot-baltics.ee\/lt\/wp-json\/wp\/v2\/product_cat?post=6526"},{"taxonomy":"product_tag","embeddable":true,"href":"https:\/\/www.barefoot-baltics.ee\/lt\/wp-json\/wp\/v2\/product_tag?post=6526"}],"curies":[{"name":"wp","href":"https:\/\/api.w.org\/{rel}","templated":true}]}}