{"id":6519,"date":"2018-11-05T19:11:55","date_gmt":"2018-11-05T17:11:55","guid":{"rendered":"https:\/\/www.barefoot-baltics.ee\/product\/bezasles-kamanos-alyva-su-pavadziais\/"},"modified":"2021-06-11T16:15:34","modified_gmt":"2021-06-11T13:15:34","slug":"bezasles-kamanos-alyva-su-pavadziais","status":"publish","type":"product","link":"https:\/\/www.barefoot-baltics.ee\/lt\/produktas\/bezasles-kamanos-alyva-su-pavadziais\/","title":{"rendered":"Be\u017e\u0105sl\u0117s kamanos \u201cAlyva\u201d su pavad\u017eiais"},"content":{"rendered":"<p>Barefoot \u201cAlyva\u201d yra puikus pasirinkimas i\u0161 be\u017e\u0105sli\u0173 kaman\u0173. Galimas tiek \u0161oninis, tiek kry\u017eminis valdymas, kaip tik nor\u0117site.<\/p>\n<p>Antkaktis ir pakau\u0161io dalis yra pamink\u0161tinti. Pakau\u0161io dalis yra labai plati su storu pamink\u0161tinimu, taigi ji pastebimai suma\u017eina ta\u0161kin\u012f spaudim\u0105 u\u017e aus\u0173. Spaudimas nosiai sudaromas dviguboss  virv\u0117s, suri\u0161tos \u0161onuose.<\/p>\n<p>Norint jas naudoti kaip kry\u017eminio valdymo be\u017e\u0105sles kamanas, jums reikia prailginti pavad\u017eius ir prisegti juos prie kaklo dir\u017eelio. Sukry\u017eiuot\u0173 pavad\u017ei\u0173 d\u0117ka komandos yra lengvai suprantamos ir \u017eirgo sutelkimas lengviau pasiekiamas. Trumpas kairiojo pavad\u017eio impulsas suteiks mink\u0161t\u0105, bet ai\u0161k\u0173 spaudim\u0105 \u012f de\u0161in\u012f \u017eand\u0105\u2013 \u017eirgas jud\u0117s nuo spaudimo kair\u0117n. Trumpas abiej\u0173 pavad\u017ei\u0173 impulsas arba j\u0173 kaitaliojimas prives j\u016bs\u0173 \u017eirg\u0105 sustoti. <\/p>\n<p>Jei norite naudoti kamanas kaip \u0161onines be\u017e\u0105sles, papras\u010diausiai prisekite pavad\u017eius prie kapsul\u0117s ir nuimkite odinius dir\u017eelius, kurie eina iki kaklo dir\u017eelio ir prisisega karabinais.<\/p>\n<p>\u0160ios kamanos yra reguliuojamos i\u0161 abiej\u0173 pusi\u0173, kaip ir odinis pasmakrio dir\u017eelis. \u012e komplektacij\u0105 \u012feina deran\u010dios spalvos odos-virv\u0117s pavad\u017eiai su karabinu.<\/p>\n","protected":false},"excerpt":{"rendered":"<ul>\n<li>Gra\u017eios bei madingos be\u017e\u0105sl\u0117s kamanos<\/li>\n<li>Gali b\u016bti naudojamas \u0161oninis ar kry\u017eminis valdymas<\/li>\n<li>Labai plati ir storai pamink\u0161tinta pakau\u0161io dalis<\/li>\n<\/ul>\n","protected":false},"featured_media":1333,"template":"","meta":[],"product_brand":[],"product_cat":[1850],"product_tag":[1864,1869,1891,1902,1900],"class_list":{"0":"post-6519","1":"product","2":"type-product","3":"status-publish","4":"has-post-thumbnail","6":"product_cat-kamanos-vesterno-kamanos-kantarai-ir-kapsules","7":"product_tag-bezasles","8":"product_tag-kryzmines-bezasles","9":"product_tag-oda","10":"product_tag-sonines-bezasles","11":"product_tag-virve-lt","12":"product_shipping_class-siuntu-stotis","13":"pa_colour-juoda","14":"pa_colour-ruda-bordo","15":"pa_colour-ruda-oranzine","16":"pa_size-1-cob-lt","17":"pa_size-2-full-lt","19":"first","20":"instock","21":"shipping-taxable","22":"purchasable","23":"product-type-variable"},"_links":{"self":[{"href":"https:\/\/www.barefoot-baltics.ee\/lt\/wp-json\/wp\/v2\/product\/6519","targetHints":{"allow":["GET"]}}],"collection":[{"href":"https:\/\/www.barefoot-baltics.ee\/lt\/wp-json\/wp\/v2\/product"}],"about":[{"href":"https:\/\/www.barefoot-baltics.ee\/lt\/wp-json\/wp\/v2\/types\/product"}],"wp:featuredmedia":[{"embeddable":true,"href":"https:\/\/www.barefoot-baltics.ee\/lt\/wp-json\/wp\/v2\/media\/1333"}],"wp:attachment":[{"href":"https:\/\/www.barefoot-baltics.ee\/lt\/wp-json\/wp\/v2\/media?parent=6519"}],"wp:term":[{"taxonomy":"product_brand","embeddable":true,"href":"https:\/\/www.barefoot-baltics.ee\/lt\/wp-json\/wp\/v2\/product_brand?post=6519"},{"taxonomy":"product_cat","embeddable":true,"href":"https:\/\/www.barefoot-baltics.ee\/lt\/wp-json\/wp\/v2\/product_cat?post=6519"},{"taxonomy":"product_tag","embeddable":true,"href":"https:\/\/www.barefoot-baltics.ee\/lt\/wp-json\/wp\/v2\/product_tag?post=6519"}],"curies":[{"name":"wp","href":"https:\/\/api.w.org\/{rel}","templated":true}]}}