{"id":6512,"date":"2018-10-31T11:00:10","date_gmt":"2018-10-31T09:00:10","guid":{"rendered":"https:\/\/www.barefoot-baltics.ee\/product\/kamanos-gintaras-2-viename\/"},"modified":"2021-08-30T19:24:56","modified_gmt":"2021-08-30T16:24:56","slug":"kamanos-gintaras-2-viename","status":"publish","type":"product","link":"https:\/\/www.barefoot-baltics.ee\/lt\/produktas\/kamanos-gintaras-2-viename\/","title":{"rendered":"Kamanos \u201cGintaras\u201d (2 viename)"},"content":{"rendered":"<p>Tai kamanos 2 viename, kurias galite naudoti kaip be\u017e\u0105sles (\u0161oninio valdymo) arba su \u017e\u0105slais. Viskas priklauso nuo j\u016bs\u0173 ir jas lengva pakeisti.<\/p>\n<p>Kamanos reguliuojamos i\u0161 abiej\u0173 pusi\u0173, susi\u016bta dviguba si\u016ble ir graviruotomis knied\u0117mis (ang. <em>Chicago screw<\/em>). \u012e koplektacij\u0105 \u012feina smakro dir\u017eelis ir du arkli\u0173 plauk\u0173 kutai.<\/p>\n<p>\u0160oninio valdymo be\u017e\u0105sli\u0173 kaman\u0173 kapsul\u0117 yra pinta ir sustiprinta tvirtesne \u0161erdimi. Kaklo dir\u017eelis apvaliai supintas ir gali b\u016bti suri\u0161tas \u012f mazg\u0105. Antkak\u010dio pynimas yra plok\u0161\u010dias.<\/p>\n<p>Norint naudoti \u0161ias kamanas su \u017e\u0105slais, atsukite knied\u0119, nuimkite \u0161oninius be\u017e\u0105sli\u0173 kaman\u0173 nosies dir\u017eo \u017eiedus ir \u012fd\u0117kite \u017e\u0105slus vietoj j\u0173.<\/p>\n","protected":false},"excerpt":{"rendered":"<ul>\n<li>Galite naudoti kaip \u0161oninio valdymo be\u017e\u0105sles kamanas<\/li>\n<li>Taip pat lengva naudoti su \u017e\u0105slais<\/li>\n<li>Lanksti brazili\u0161ka oda<\/li>\n<li>Rankomis pinta kaln\u0173 virv\u0117<\/li>\n<\/ul>\n","protected":false},"featured_media":1238,"template":"","meta":[],"product_brand":[],"product_cat":[1850],"product_tag":[1864,1891,1900,1863],"class_list":{"0":"post-6512","1":"product","2":"type-product","3":"status-publish","4":"has-post-thumbnail","6":"product_cat-kamanos-vesterno-kamanos-kantarai-ir-kapsules","7":"product_tag-bezasles","8":"product_tag-oda","9":"product_tag-virve-lt","10":"product_tag-zaslai","11":"product_shipping_class-siuntu-stotis","12":"pa_colour-juoda-avietine","13":"pa_colour-juoda-melyna","14":"pa_colour-ruda-turkio-spalva","15":"pa_colour-ruda-juoda","16":"pa_colour-silta-ruda-oranzine","17":"pa_size-1-cob-lt","18":"pa_size-2-full-lt","20":"first","21":"instock","22":"shipping-taxable","23":"purchasable","24":"product-type-variable"},"_links":{"self":[{"href":"https:\/\/www.barefoot-baltics.ee\/lt\/wp-json\/wp\/v2\/product\/6512","targetHints":{"allow":["GET"]}}],"collection":[{"href":"https:\/\/www.barefoot-baltics.ee\/lt\/wp-json\/wp\/v2\/product"}],"about":[{"href":"https:\/\/www.barefoot-baltics.ee\/lt\/wp-json\/wp\/v2\/types\/product"}],"wp:featuredmedia":[{"embeddable":true,"href":"https:\/\/www.barefoot-baltics.ee\/lt\/wp-json\/wp\/v2\/media\/1238"}],"wp:attachment":[{"href":"https:\/\/www.barefoot-baltics.ee\/lt\/wp-json\/wp\/v2\/media?parent=6512"}],"wp:term":[{"taxonomy":"product_brand","embeddable":true,"href":"https:\/\/www.barefoot-baltics.ee\/lt\/wp-json\/wp\/v2\/product_brand?post=6512"},{"taxonomy":"product_cat","embeddable":true,"href":"https:\/\/www.barefoot-baltics.ee\/lt\/wp-json\/wp\/v2\/product_cat?post=6512"},{"taxonomy":"product_tag","embeddable":true,"href":"https:\/\/www.barefoot-baltics.ee\/lt\/wp-json\/wp\/v2\/product_tag?post=6512"}],"curies":[{"name":"wp","href":"https:\/\/api.w.org\/{rel}","templated":true}]}}