{"id":6509,"date":"2018-11-06T15:05:53","date_gmt":"2018-11-06T13:05:53","guid":{"rendered":"https:\/\/www.barefoot-baltics.ee\/product\/angliskos-kamanos-devonas\/"},"modified":"2019-08-15T10:59:30","modified_gmt":"2019-08-15T07:59:30","slug":"angliskos-kamanos-devonas","status":"publish","type":"product","link":"https:\/\/www.barefoot-baltics.ee\/lt\/produktas\/angliskos-kamanos-devonas\/","title":{"rendered":"Angli\u0161kos kamanos \u201cDevonas\u201d"},"content":{"rendered":"<p>M\u016bs\u0173 angli\u0161kos kamanos \u201cDevonas\u201d pagamintos i\u0161 ypatingai mink\u0161tos odos ir yra labai patogios \u017eirgui. Jos sukurtos pagal Barefoot \u0161\u016bk\u012f: \u201craiteliams, kuriems r\u016bpi\u201d.<\/p>\n<p>Antkaktis, pakau\u0161io dalis ir kapsul\u0117 yra pamink\u0161tintos, \u012fskaitant ir vietas po sagtimis. Pamink\u0161tinimas pagamintas i\u0161 ver\u0161iuko odos su neopreno u\u017epildu, norint i\u0161vengti per didelio spaudimo  \u017eirgo pakau\u0161iui ir nosies kaului. Pamink\u0161tinimas yra platus, o plok\u0161\u010dias vir\u0161us padaro kamanas labai lanks\u010diomis, apsaugo nuo odos erzinimo ir trinties ant jautri\u0173 \u017eirgo galvos viet\u0173. Pakau\u0161io dalis turi plat\u0173 ir \u0161veln\u0173 pamink\u0161tinim\u0105 jautriai vietai u\u017e \u017eirgo aus\u0173 apsaugoti. Ji taip pat nuima spaudim\u0105 nuo pirmojo kaklo slankstelio.<\/p>\n<p>Nor\u0117dami, jog kamanos i\u0161 ties\u0173 b\u016bt\u0173 draugi\u0161kos \u017eirgui, mes neprid\u0117jome apatinio dir\u017eelio. Mes manome, jog apatiniai dir\u017eeliai yra nereikalingi. Kiekvienas \u017eirgas, kuris pasitiki raiteliu, nesi\u017eios, nebent tai yra problemos su dantimis arba \u017e\u0105slais. Jei j\u016bs\u0173 \u017eirgas turi b\u0117d\u0173 su \u017e\u0105slais, mes rekomenduojame jas spr\u0119sti reguliariais dant\u0173 patikrinimais arba pereiti prie be\u017e\u0105sli\u0173 kaman\u0173\u2013 mes esame prie\u0161 bet kok\u012f inventori\u0173, kuris u\u017e\u010diaupia \u017eirgo burn\u0105.<\/p>\n","protected":false},"excerpt":{"rendered":"<ul>\n<li>Pamink\u0161tinta pakau\u0161io dalis, antkaktis ir kapsul\u0117<\/li>\n<li>Labai patogios \u017eirgui<\/li>\n<li>Madingos kamanos, pagamintos i\u0161 ver\u0161iuko odos<\/li>\n<\/ul>\n","protected":false},"featured_media":1391,"template":"","meta":[],"product_brand":[],"product_cat":[1850],"product_tag":[1876,1877,1865,1891],"class_list":{"0":"post-6509","1":"product","2":"type-product","3":"status-publish","4":"has-post-thumbnail","6":"product_cat-kamanos-vesterno-kamanos-kantarai-ir-kapsules","7":"product_tag-angliska","8":"product_tag-labai-patogus","9":"product_tag-madingas","10":"product_tag-oda","11":"product_shipping_class-siuntu-stotis","12":"pa_size-1-cob-lt","13":"pa_size-2-full-lt","15":"first","16":"instock","17":"shipping-taxable","18":"purchasable","19":"product-type-variable"},"_links":{"self":[{"href":"https:\/\/www.barefoot-baltics.ee\/lt\/wp-json\/wp\/v2\/product\/6509","targetHints":{"allow":["GET"]}}],"collection":[{"href":"https:\/\/www.barefoot-baltics.ee\/lt\/wp-json\/wp\/v2\/product"}],"about":[{"href":"https:\/\/www.barefoot-baltics.ee\/lt\/wp-json\/wp\/v2\/types\/product"}],"wp:featuredmedia":[{"embeddable":true,"href":"https:\/\/www.barefoot-baltics.ee\/lt\/wp-json\/wp\/v2\/media\/1391"}],"wp:attachment":[{"href":"https:\/\/www.barefoot-baltics.ee\/lt\/wp-json\/wp\/v2\/media?parent=6509"}],"wp:term":[{"taxonomy":"product_brand","embeddable":true,"href":"https:\/\/www.barefoot-baltics.ee\/lt\/wp-json\/wp\/v2\/product_brand?post=6509"},{"taxonomy":"product_cat","embeddable":true,"href":"https:\/\/www.barefoot-baltics.ee\/lt\/wp-json\/wp\/v2\/product_cat?post=6509"},{"taxonomy":"product_tag","embeddable":true,"href":"https:\/\/www.barefoot-baltics.ee\/lt\/wp-json\/wp\/v2\/product_tag?post=6509"}],"curies":[{"name":"wp","href":"https:\/\/api.w.org\/{rel}","templated":true}]}}