{"id":6506,"date":"2018-10-31T13:14:32","date_gmt":"2018-10-31T11:14:32","guid":{"rendered":"https:\/\/www.barefoot-baltics.ee\/product\/kamanos-gile-2-viename\/"},"modified":"2019-08-15T10:57:37","modified_gmt":"2019-08-15T07:57:37","slug":"kamanos-gile-2-viename","status":"publish","type":"product","link":"https:\/\/www.barefoot-baltics.ee\/lt\/produktas\/kamanos-gile-2-viename\/","title":{"rendered":"Kamanos \u201cGil\u0117\u201d (2 viename)"},"content":{"rendered":"<p>Tai yra gra\u017eios, auk\u0161tos kokyb\u0117s, mink\u0161tos, tvirtos nubuko odos, \u017eirgui draugi\u0161kos \u0161oninio tempimo be\u017e\u0105sl\u0117s kamanos su tikros neapdirbtos odos kapsule bei antkak\u010diu. Greito atsegimo karabin\u0173 d\u0117ka \u0161onini\u0173 be\u017e\u0105sli\u0173 kapsul\u0117 gali b\u016bti laisvai nuimta ir pakeista \u017e\u0105slais.<\/p>\n<p>Lengvai pakeiskite: be \u017e\u0105sl\u0173 \u2013 su \u017e\u0105slais \u2013 trunka vos kelias sekundes!<\/p>\n<p>Antkaktis yra ypatingai mink\u0161tas. Pamink\u0161tinimas dengtas tikra, mink\u0161ta oda. Kamanos reguliuojamos i\u0161  abiej\u0173 pusi\u0173, bei yra papuo\u0161tos patraukliu apsiuvimu.<\/p>\n<p>Kaklo dir\u017eelis ir derantys pavad\u017eiai (perkami atskirai) pagaminti i\u0161 pintos, \u0161okolado rudumo virv\u0117s.<\/p>\n","protected":false},"excerpt":{"rendered":"<ul>\n<li>\u017dirgui draugi\u0161kos \u0161oninio valdymo kamanos<\/li>\n<li>Greito pakeitimo karabinai leid\u017eia lengvai pakeisti \u017e\u0105slus<\/li>\n<li>Mink\u0161ta nubuko oda su neapdirbtos odos vijomis<\/li>\n<li>Galimi derantys pavad\u017eiai<\/li>\n<\/ul>\n","protected":false},"featured_media":1264,"template":"","meta":[],"product_brand":[],"product_cat":[1850],"product_tag":[1864,1899,1891,1902,1863],"class_list":{"0":"post-6506","1":"product","2":"type-product","3":"status-publish","4":"has-post-thumbnail","6":"product_cat-kamanos-vesterno-kamanos-kantarai-ir-kapsules","7":"product_tag-bezasles","8":"product_tag-neapdorota-oda","9":"product_tag-oda","10":"product_tag-sonines-bezasles","11":"product_tag-zaslai","12":"product_shipping_class-siuntu-stotis","13":"pa_size-1-cob-lt","14":"pa_size-2-full-lt","16":"first","17":"instock","18":"shipping-taxable","19":"purchasable","20":"product-type-variable"},"_links":{"self":[{"href":"https:\/\/www.barefoot-baltics.ee\/lt\/wp-json\/wp\/v2\/product\/6506","targetHints":{"allow":["GET"]}}],"collection":[{"href":"https:\/\/www.barefoot-baltics.ee\/lt\/wp-json\/wp\/v2\/product"}],"about":[{"href":"https:\/\/www.barefoot-baltics.ee\/lt\/wp-json\/wp\/v2\/types\/product"}],"wp:featuredmedia":[{"embeddable":true,"href":"https:\/\/www.barefoot-baltics.ee\/lt\/wp-json\/wp\/v2\/media\/1264"}],"wp:attachment":[{"href":"https:\/\/www.barefoot-baltics.ee\/lt\/wp-json\/wp\/v2\/media?parent=6506"}],"wp:term":[{"taxonomy":"product_brand","embeddable":true,"href":"https:\/\/www.barefoot-baltics.ee\/lt\/wp-json\/wp\/v2\/product_brand?post=6506"},{"taxonomy":"product_cat","embeddable":true,"href":"https:\/\/www.barefoot-baltics.ee\/lt\/wp-json\/wp\/v2\/product_cat?post=6506"},{"taxonomy":"product_tag","embeddable":true,"href":"https:\/\/www.barefoot-baltics.ee\/lt\/wp-json\/wp\/v2\/product_tag?post=6506"}],"curies":[{"name":"wp","href":"https:\/\/api.w.org\/{rel}","templated":true}]}}