{"id":6505,"date":"2018-11-05T19:04:43","date_gmt":"2018-11-05T17:04:43","guid":{"rendered":"https:\/\/www.barefoot-baltics.ee\/product\/vesterno-kamanos-virdzinijos-roze\/"},"modified":"2019-08-14T16:13:30","modified_gmt":"2019-08-14T13:13:30","slug":"vesterno-kamanos-virdzinijos-roze","status":"publish","type":"product","link":"https:\/\/www.barefoot-baltics.ee\/lt\/produktas\/vesterno-kamanos-virdzinijos-roze\/","title":{"rendered":"Vesterno kamanos \u201cVird\u017einijos ro\u017e\u0117\u201d"},"content":{"rendered":"<p>Savo gra\u017eiausias vesterno kamanas, kaip ir baln\u0105 pavadinome\u201cVird\u017einijos ro\u017e\u0117\u201d. Pagamintos i\u0161 auk\u0161\u010diausios kokyb\u0117s brazili\u0161kos odos, dvigubo sluoksnio ir siuvimo, turi\u010dios krep\u0161io ra\u0161t\u0105. Jos skirtos visiems raiteliams, kuriems patinka autenti\u0161ka vesterno i\u0161vaizda ir tiems, kurie vertina \u017eirgui draugi\u0161k\u0105 inventori\u0173. Antkaktis ir pakau\u0161io dalis yra  pamink\u0161tinta. Reguliuojami \u0161oniniai dir\u017eeliai su greito pakeitimo odin\u0117mis kilput\u0117mis leid\u017eia lengvai pakeisti \u017e\u0105slus.<\/p>\n","protected":false},"excerpt":{"rendered":"<ul>\n<li>Pra\u0161matnios, autenti\u0161kos vesterno stiliaus kamanosk<\/li>\n<li>Pagamintos i\u0161 auk\u0161tos kokyb\u0117s brazili\u0161kos odos<\/li>\n<li>Krep\u0161io ra\u0161tas<\/li>\n<li>Greitai kei\u010diami galai<\/li>\n<\/ul>\n","protected":false},"featured_media":1326,"template":"","meta":[],"product_brand":[],"product_cat":[1850],"product_tag":[1865,1891,1909],"class_list":{"0":"post-6505","1":"product","2":"type-product","3":"status-publish","4":"has-post-thumbnail","6":"product_cat-kamanos-vesterno-kamanos-kantarai-ir-kapsules","7":"product_tag-madingas","8":"product_tag-oda","9":"product_tag-vesterno","10":"product_shipping_class-siuntu-stotis","12":"first","13":"onbackorder","14":"shipping-taxable","15":"purchasable","16":"product-type-simple"},"_links":{"self":[{"href":"https:\/\/www.barefoot-baltics.ee\/lt\/wp-json\/wp\/v2\/product\/6505","targetHints":{"allow":["GET"]}}],"collection":[{"href":"https:\/\/www.barefoot-baltics.ee\/lt\/wp-json\/wp\/v2\/product"}],"about":[{"href":"https:\/\/www.barefoot-baltics.ee\/lt\/wp-json\/wp\/v2\/types\/product"}],"wp:featuredmedia":[{"embeddable":true,"href":"https:\/\/www.barefoot-baltics.ee\/lt\/wp-json\/wp\/v2\/media\/1326"}],"wp:attachment":[{"href":"https:\/\/www.barefoot-baltics.ee\/lt\/wp-json\/wp\/v2\/media?parent=6505"}],"wp:term":[{"taxonomy":"product_brand","embeddable":true,"href":"https:\/\/www.barefoot-baltics.ee\/lt\/wp-json\/wp\/v2\/product_brand?post=6505"},{"taxonomy":"product_cat","embeddable":true,"href":"https:\/\/www.barefoot-baltics.ee\/lt\/wp-json\/wp\/v2\/product_cat?post=6505"},{"taxonomy":"product_tag","embeddable":true,"href":"https:\/\/www.barefoot-baltics.ee\/lt\/wp-json\/wp\/v2\/product_tag?post=6505"}],"curies":[{"name":"wp","href":"https:\/\/api.w.org\/{rel}","templated":true}]}}