{"id":6504,"date":"2018-11-06T14:33:39","date_gmt":"2018-11-06T12:33:39","guid":{"rendered":"https:\/\/www.barefoot-baltics.ee\/product\/vesterno-kamanos-mizulos-riesutas\/"},"modified":"2019-08-14T16:09:28","modified_gmt":"2019-08-14T13:09:28","slug":"vesterno-kamanos-mizulos-riesutas","status":"publish","type":"product","link":"https:\/\/www.barefoot-baltics.ee\/lt\/produktas\/vesterno-kamanos-mizulos-riesutas\/","title":{"rendered":"Vesterno kamanos \u201cMizulos rie\u0161utas\u201d"},"content":{"rendered":"<p>\u0160ios, brazili\u0161kos odos vesterno kamanos yra i\u0161 dvigubo sluoksnio ir siuvimo bei turi krep\u0161io ra\u0161t\u0105. Jos skirtos visiems raiteliams, kuriems patinka autenti\u0161ka vesterno i\u0161vaizda ir tiems, kurie vertina \u017eirgui draugi\u0161k\u0105 inventori\u0173. Antkaktis ir pakau\u0161io dalis yra  pamink\u0161tinta. Reguliuojami \u0161oniniai dir\u017eeliai su greito pakeitimo odin\u0117mis kilput\u0117mis leid\u017eia lengvai pakeisti \u017e\u0105slus.<\/p>\n<p>\u0160ios kamanos puikiai dera prie vesterno balno \u201cMizulos rie\u0161utas\u201d.<\/p>\n","protected":false},"excerpt":{"rendered":"<ul>\n<li>Pra\u0161matnios, autenti\u0161kos vesterno stiliaus kamanos<\/li>\n<li>Pagamintos i\u0161 auk\u0161tos kokyb\u0117s brazili\u0161kos odos<\/li>\n<li>Krep\u0161io ra\u0161tas<\/li>\n<li>Greitai kei\u010diami galai<\/li>\n<\/ul>\n","protected":false},"featured_media":1377,"template":"","meta":[],"product_brand":[],"product_cat":[1850],"product_tag":[1865,1891,1909],"class_list":{"0":"post-6504","1":"product","2":"type-product","3":"status-publish","4":"has-post-thumbnail","6":"product_cat-kamanos-vesterno-kamanos-kantarai-ir-kapsules","7":"product_tag-madingas","8":"product_tag-oda","9":"product_tag-vesterno","10":"product_shipping_class-siuntu-stotis","12":"first","13":"onbackorder","14":"shipping-taxable","15":"purchasable","16":"product-type-simple"},"_links":{"self":[{"href":"https:\/\/www.barefoot-baltics.ee\/lt\/wp-json\/wp\/v2\/product\/6504","targetHints":{"allow":["GET"]}}],"collection":[{"href":"https:\/\/www.barefoot-baltics.ee\/lt\/wp-json\/wp\/v2\/product"}],"about":[{"href":"https:\/\/www.barefoot-baltics.ee\/lt\/wp-json\/wp\/v2\/types\/product"}],"wp:featuredmedia":[{"embeddable":true,"href":"https:\/\/www.barefoot-baltics.ee\/lt\/wp-json\/wp\/v2\/media\/1377"}],"wp:attachment":[{"href":"https:\/\/www.barefoot-baltics.ee\/lt\/wp-json\/wp\/v2\/media?parent=6504"}],"wp:term":[{"taxonomy":"product_brand","embeddable":true,"href":"https:\/\/www.barefoot-baltics.ee\/lt\/wp-json\/wp\/v2\/product_brand?post=6504"},{"taxonomy":"product_cat","embeddable":true,"href":"https:\/\/www.barefoot-baltics.ee\/lt\/wp-json\/wp\/v2\/product_cat?post=6504"},{"taxonomy":"product_tag","embeddable":true,"href":"https:\/\/www.barefoot-baltics.ee\/lt\/wp-json\/wp\/v2\/product_tag?post=6504"}],"curies":[{"name":"wp","href":"https:\/\/api.w.org\/{rel}","templated":true}]}}