{"id":6500,"date":"2018-11-13T14:31:28","date_gmt":"2018-11-13T12:31:28","guid":{"rendered":"https:\/\/www.barefoot-baltics.ee\/product\/kantaras-jojimui-seneka-3-viename\/"},"modified":"2019-11-30T20:23:36","modified_gmt":"2019-11-30T18:23:36","slug":"kantaras-jojimui-seneka-3-viename","status":"publish","type":"product","link":"https:\/\/www.barefoot-baltics.ee\/lt\/produktas\/kantaras-jojimui-seneka-3-viename\/","title":{"rendered":"Kantaras jojimui \u201cSeneka\u201d (3 viename)"},"content":{"rendered":"<p>M\u016bs\u0173 kantaras jojimui \u201cSeneka\u201d yra universalumo ir gro\u017eio kombinacija. Kas tai: pintas kantaras ar kamanos? Atsakymas: abu.<\/p>\n<p>Manome, kad tai gudrus m\u016bs\u0173 sprendimas. Jis gali b\u016bti naudojamas kaip tipinis kantaras darbui nuo \u017eem\u0117s, kaip be\u017e\u0105sl\u0117s arba kamanos su \u017e\u0105slais (kurie lengvai prisegami odin\u0117mis kilpomis).<\/p>\n<p>\u201cSeneka\u201d turi keturis ner\u016bdijan\u010dio plieno \u017eiedus ir  mazgus, kurie reguliuojami pagal arklio galvos dyd\u012f. \u0160is kantaras jojimui  gali b\u016bti naudojamas su mekatos pavad\u017eiais.<\/p>\n<p>Polipropileno med\u017eiaga su medviln\u0117s \u0161erdimi, neapdirbtos odos kapsul\u0117 ir antkaktis. Kutas pagamintas i\u0161 tikr\u0173 \u017eirgo plauk\u0173.<\/p>\n<p>1 dydis tinka jojamiesiems poniams, angl\u0173 grynakraujams ir haflingeriams. 2 dydis tinkamas \u0161iltakraujams. Galimi derantys pavad\u017eiai.<\/p>\n","protected":false},"excerpt":{"rendered":"<ul>\n<li>Universalus su trimis skirtingomis funkcijomis<\/li>\n<li>Dekoratyvinis neapdirbtos odos antkaktis ir kapsul\u0117<\/li>\n<li>Galimi derantys pavad\u017eiai<\/li>\n<\/ul>\n","protected":false},"featured_media":1491,"template":"","meta":[],"product_brand":[],"product_cat":[1850],"product_tag":[1899,1908,1900],"class_list":{"0":"post-6500","1":"product","2":"type-product","3":"status-publish","4":"has-post-thumbnail","6":"product_cat-kamanos-vesterno-kamanos-kantarai-ir-kapsules","7":"product_tag-neapdorota-oda","8":"product_tag-universalus-lt","9":"product_tag-virve-lt","10":"product_shipping_class-siuntu-stotis","11":"pa_size-1-cob-lt","12":"pa_size-2-full-lt","14":"first","15":"instock","16":"shipping-taxable","17":"purchasable","18":"product-type-variable"},"_links":{"self":[{"href":"https:\/\/www.barefoot-baltics.ee\/lt\/wp-json\/wp\/v2\/product\/6500","targetHints":{"allow":["GET"]}}],"collection":[{"href":"https:\/\/www.barefoot-baltics.ee\/lt\/wp-json\/wp\/v2\/product"}],"about":[{"href":"https:\/\/www.barefoot-baltics.ee\/lt\/wp-json\/wp\/v2\/types\/product"}],"wp:featuredmedia":[{"embeddable":true,"href":"https:\/\/www.barefoot-baltics.ee\/lt\/wp-json\/wp\/v2\/media\/1491"}],"wp:attachment":[{"href":"https:\/\/www.barefoot-baltics.ee\/lt\/wp-json\/wp\/v2\/media?parent=6500"}],"wp:term":[{"taxonomy":"product_brand","embeddable":true,"href":"https:\/\/www.barefoot-baltics.ee\/lt\/wp-json\/wp\/v2\/product_brand?post=6500"},{"taxonomy":"product_cat","embeddable":true,"href":"https:\/\/www.barefoot-baltics.ee\/lt\/wp-json\/wp\/v2\/product_cat?post=6500"},{"taxonomy":"product_tag","embeddable":true,"href":"https:\/\/www.barefoot-baltics.ee\/lt\/wp-json\/wp\/v2\/product_tag?post=6500"}],"curies":[{"name":"wp","href":"https:\/\/api.w.org\/{rel}","templated":true}]}}