{"id":6495,"date":"2018-11-05T18:38:55","date_gmt":"2018-11-05T16:38:55","guid":{"rendered":"https:\/\/www.barefoot-baltics.ee\/product\/bezasles-kamanos-riesutmedis-vaikams-dirbtine-oda\/"},"modified":"2021-08-30T19:23:09","modified_gmt":"2021-08-30T16:23:09","slug":"bezasles-kamanos-riesutmedis-vaikams-dirbtine-oda","status":"publish","type":"product","link":"https:\/\/www.barefoot-baltics.ee\/lt\/produktas\/bezasles-kamanos-riesutmedis-vaikams-dirbtine-oda\/","title":{"rendered":"Be\u017e\u0105sl\u0117s kamanos \u201cRie\u0161utmedis\u201d vaikams (dirbtin\u0117 oda)"},"content":{"rendered":"<p>Tai m\u016bs\u0173 nuostabusis \u201cRie\u0161utmedis\u201d, pamink\u0161tintos be\u017e\u0105sl\u0117s kamanos vaikams. Galima rinktis i\u0161 keli\u0173 spalv\u0173.<\/p>\n<p>Barefoot be\u017e\u0105sl\u0117s kamanos tolygiai paskirsto spaudim\u0105 po ponio nos\u012f, \u017eandikaul\u012f ir pakau\u0161\u012f, tod\u0117l arklys nejau\u010dia diskomforto. Kaklo dir\u017eeliai pagaminti i\u0161 stiprios, mink\u0161tos virv\u0117s.<\/p>\n<p>Kaklo dir\u017eeliai pailgina pavad\u017eius, kurie susikry\u017eiuoja po ponio smakru ir eina pro \u017eiedus, esan\u010dius ant kapsul\u0117s. Tai u\u017etikrina, jog ponis lengvai supranta visas komandas. <\/p>\n<ul>\n<li>\u0160velnus spaudimo paskirstymas be j\u0117gos<\/li>\n<li>Pamink\u0161tinta kapsul\u0117 ir antkaktis<\/li>\n<li>Labai plati, pamink\u0161tinta, pagrindin\u0117 kaman\u0173 dalis apsauganti nuo spaudimo u\u017e ponio aus\u0173<\/li>\n<\/ul>\n<p>Jojimas be \u017e\u0105sl\u0173 linksmas ir j\u016bs\u0173 vaikams, ir poniams.<\/p>\n","protected":false},"excerpt":{"rendered":"<ul>\n<li>\u0160velni be\u017e\u0105sli\u0173 kaman\u0173 alternatyva j\u016bs\u0173 vaikui ir poniui<\/li>\n<li>\u0160oniniam ir kry\u017eminiam valdymui<\/li>\n<li>Mink\u0161tas dvispalvis kapsul\u0117s, antkak\u010dio ir pakau\u0161io pamink\u0161tinimas<\/li>\n<\/ul>\n","protected":false},"featured_media":1324,"template":"","meta":[],"product_brand":[],"product_cat":[1850],"product_tag":[1864,1861,1869,1902,1882],"class_list":{"0":"post-6495","1":"product","2":"type-product","3":"status-publish","4":"has-post-thumbnail","6":"product_cat-kamanos-vesterno-kamanos-kantarai-ir-kapsules","7":"product_tag-bezasles","8":"product_tag-dirbtine-oda","9":"product_tag-kryzmines-bezasles","10":"product_tag-sonines-bezasles","11":"product_tag-vaikams","12":"product_shipping_class-siuntu-stotis","13":"pa_colour-juoda","14":"pa_colour-juoda-sviesiai-melyna","15":"pa_colour-ruda","16":"pa_colour-ruda-rozine","18":"first","19":"instock","20":"shipping-taxable","21":"purchasable","22":"product-type-variable"},"_links":{"self":[{"href":"https:\/\/www.barefoot-baltics.ee\/lt\/wp-json\/wp\/v2\/product\/6495","targetHints":{"allow":["GET"]}}],"collection":[{"href":"https:\/\/www.barefoot-baltics.ee\/lt\/wp-json\/wp\/v2\/product"}],"about":[{"href":"https:\/\/www.barefoot-baltics.ee\/lt\/wp-json\/wp\/v2\/types\/product"}],"wp:featuredmedia":[{"embeddable":true,"href":"https:\/\/www.barefoot-baltics.ee\/lt\/wp-json\/wp\/v2\/media\/1324"}],"wp:attachment":[{"href":"https:\/\/www.barefoot-baltics.ee\/lt\/wp-json\/wp\/v2\/media?parent=6495"}],"wp:term":[{"taxonomy":"product_brand","embeddable":true,"href":"https:\/\/www.barefoot-baltics.ee\/lt\/wp-json\/wp\/v2\/product_brand?post=6495"},{"taxonomy":"product_cat","embeddable":true,"href":"https:\/\/www.barefoot-baltics.ee\/lt\/wp-json\/wp\/v2\/product_cat?post=6495"},{"taxonomy":"product_tag","embeddable":true,"href":"https:\/\/www.barefoot-baltics.ee\/lt\/wp-json\/wp\/v2\/product_tag?post=6495"}],"curies":[{"name":"wp","href":"https:\/\/api.w.org\/{rel}","templated":true}]}}