{"id":6494,"date":"2018-11-06T14:52:56","date_gmt":"2018-11-06T12:52:56","guid":{"rendered":"https:\/\/www.barefoot-baltics.ee\/product\/vesterno-kamanos-azuolas\/"},"modified":"2019-08-14T15:58:46","modified_gmt":"2019-08-14T12:58:46","slug":"vesterno-kamanos-azuolas","status":"publish","type":"product","link":"https:\/\/www.barefoot-baltics.ee\/lt\/produktas\/vesterno-kamanos-azuolas\/","title":{"rendered":"Vesterno kamanos \u201c\u0104\u017euolas\u201d"},"content":{"rendered":"<p>\u0160ios gra\u017eios vesterno kamanos pagamintos i\u0161 tikros, auk\u0161tos kokyb\u0117s nubuko odos su kontrastingomis spalvomis. Dekoratyviniai apipynimai antkaktyje ir \u0161oniniuose dir\u017eeliuose, pagaminti i\u0161 tikros, neapdirbtos odos.<\/p>\n<p>Pagrindin\u0117s \u0161i\u0173 vesterno kaman\u0173 ypatyb\u0117s:<\/p>\n<ul>\n<li>U\u017esukamos knied\u0117s(Chicago screw) saugiam u\u017edarumui<\/li>\n<li>Madingai suri\u0161tas antkaktis<\/li>\n<li>Pusiau apvalios ner\u016bdijan\u010dio plieno sagtys<\/li>\n<li>Patraukl\u016bs Barefoot metaliniai papuo\u0161imai<\/li>\n<li>Reguliuojamas dydis \u2013 nuo \u0161iltakrauj\u0173 iki ma\u017e\u0173 sunki\u0173j\u0173 arkli\u0173<\/li>\n<\/ul>\n","protected":false},"excerpt":{"rendered":"<ul>\n<li>Gra\u017eios vesterno kamanos i\u0161 nubuko odos<\/li>\n<li>Dekoratyvinis apypinimas i\u0161 neapdirbtos odos<\/li>\n<li>Sukurtos naudoti su Barefoot bosal tipo kapsule arba hakemore<\/li>\n<\/ul>\n","protected":false},"featured_media":1383,"template":"","meta":[],"product_brand":[],"product_cat":[1850],"product_tag":[1899,1891,1909],"class_list":{"0":"post-6494","1":"product","2":"type-product","3":"status-publish","4":"has-post-thumbnail","6":"product_cat-kamanos-vesterno-kamanos-kantarai-ir-kapsules","7":"product_tag-neapdorota-oda","8":"product_tag-oda","9":"product_tag-vesterno","10":"product_shipping_class-siuntu-stotis","12":"first","13":"onbackorder","14":"shipping-taxable","15":"purchasable","16":"product-type-simple"},"_links":{"self":[{"href":"https:\/\/www.barefoot-baltics.ee\/lt\/wp-json\/wp\/v2\/product\/6494","targetHints":{"allow":["GET"]}}],"collection":[{"href":"https:\/\/www.barefoot-baltics.ee\/lt\/wp-json\/wp\/v2\/product"}],"about":[{"href":"https:\/\/www.barefoot-baltics.ee\/lt\/wp-json\/wp\/v2\/types\/product"}],"wp:featuredmedia":[{"embeddable":true,"href":"https:\/\/www.barefoot-baltics.ee\/lt\/wp-json\/wp\/v2\/media\/1383"}],"wp:attachment":[{"href":"https:\/\/www.barefoot-baltics.ee\/lt\/wp-json\/wp\/v2\/media?parent=6494"}],"wp:term":[{"taxonomy":"product_brand","embeddable":true,"href":"https:\/\/www.barefoot-baltics.ee\/lt\/wp-json\/wp\/v2\/product_brand?post=6494"},{"taxonomy":"product_cat","embeddable":true,"href":"https:\/\/www.barefoot-baltics.ee\/lt\/wp-json\/wp\/v2\/product_cat?post=6494"},{"taxonomy":"product_tag","embeddable":true,"href":"https:\/\/www.barefoot-baltics.ee\/lt\/wp-json\/wp\/v2\/product_tag?post=6494"}],"curies":[{"name":"wp","href":"https:\/\/api.w.org\/{rel}","templated":true}]}}