{"id":6485,"date":"2018-12-29T13:05:39","date_gmt":"2018-12-29T11:05:39","guid":{"rendered":"https:\/\/www.barefoot-baltics.ee\/product\/kavesonas-suformuok\/"},"modified":"2020-12-14T11:36:18","modified_gmt":"2020-12-14T09:36:18","slug":"kavesonas-suformuok","status":"publish","type":"product","link":"https:\/\/www.barefoot-baltics.ee\/lt\/produktas\/kavesonas-suformuok\/","title":{"rendered":"Kavesonas \u201cSuformuok!\u201d"},"content":{"rendered":"<p>Tai yra m\u016bs\u0173 \u201cSuformuok!\u201d serijos kavesonas, rei\u0161kia, j\u016bs j\u012f galite pats suformuoti, kad idealiai tikt\u0173 j\u016bs\u0173 \u017eirgo nosiai.<\/p>\n<p>Paprast\u0173 treniruo\u010di\u0173  ir darbo nuo \u017eem\u0117s metu labai svarbu, jog j\u016bs\u0173 komandos pasiekt\u0173 \u017eirg\u0105 kiek \u012fmanoma tiksliau \u2013 kitaip, ko galima tik\u0117tis? Tai ypa\u010d svarbu su itin jautri\u0105 galv\u0105 turin\u010diais \u017eirgais. Dauguma kaveson\u0173 slidin\u0117ja, tod\u0117l tikslios komandos tampa ne\u012fmanomomis. <\/p>\n<p>\u0160tai kod\u0117l mes suk\u016br\u0117me nosies dal\u012f, kurioje yra tvirta, lanksti viela. Kapsul\u0117s viduje yra stora, lanksti viela, tod\u0117l \u201cSuformuok!\u201d tampa daug stabilesne ir taip lengvai neslysta, nes gali b\u016bti i\u0161lankstoma pagal arklio nosies form\u0105. Garantuojamos tikslesn\u0117s komandos, nes kavesonas neslidin\u0117ja.<\/p>\n<p>\u0160is kavesonas yra platus ir pamink\u0161tintas. Turi 5 integruotus \u017eiedus, kuriuos galima naudoti \u012fvairiai. Jis taip pat tinkamas jojimui be \u017e\u0105sl\u0173\u2013 pavad\u017eiai gali b\u016bti prisegti prie i\u0161orini\u0173 \u017eied\u0173. Vaikymui naudokite vidurin\u012f ar vien\u0105 i\u0161 \u0161onini\u0173 \u017eied\u0173.<\/p>\n<p>Mes rekomenduojame naudoti \u0161i\u0105 kapsul\u0119 kartu su pagrindine kaman\u0173 dalimi \u201cFizio\u201d, kuri puikiai prisitaiko prie \u017eirgo galvos, nelie\u010diant jautrios aki\u0173 vietos. \u017dinoma, jei norite, j\u016bs galite \u0161\u012f kaveson\u0105 naudoti su bet kokia kita standartine pagrindine kaman\u0173 dalimi.<\/p>\n<p>Dyd\u017eiai:<\/p>\n<ul>\n<li>0 PONY: 57-66 cm<\/li>\n<li>1 COB: 63-73 cm<\/li>\n<li>2 FULL: 67-77 cm<\/li>\n<li>3 DRAFT: 76-85 cm<\/li>\n<\/ul>\n","protected":false},"excerpt":{"rendered":"<ul>\n<li>Lankstus ir pritaikomas<\/li>\n<li>\u0160velnus pamink\u0161tintas<\/li>\n<li>Tikslios komandos puikaus prisitaikymo d\u0117ka<\/li>\n<li>Neslysta, tvirti \u017eiedai<\/li>\n<li>Taip pat tinka jojimui be \u017e\u0105sl\u0173<\/li>\n<\/ul>\n","protected":false},"featured_media":1585,"template":"","meta":[],"product_brand":[],"product_cat":[1850],"product_tag":[1864,1877,1891,1887],"class_list":{"0":"post-6485","1":"product","2":"type-product","3":"status-publish","4":"has-post-thumbnail","6":"product_cat-kamanos-vesterno-kamanos-kantarai-ir-kapsules","7":"product_tag-bezasles","8":"product_tag-labai-patogus","9":"product_tag-oda","10":"product_tag-zirgo-treniravimas","11":"product_shipping_class-siuntu-stotis","12":"pa_colour-juoda-pilka","13":"pa_colour-ruda-sviesiai-ruda","14":"pa_size-0-pony-lt","15":"pa_size-1-cob-lt","16":"pa_size-2-full-lt","17":"pa_size-3-draft-lt","19":"first","20":"instock","21":"shipping-taxable","22":"purchasable","23":"product-type-variable"},"_links":{"self":[{"href":"https:\/\/www.barefoot-baltics.ee\/lt\/wp-json\/wp\/v2\/product\/6485","targetHints":{"allow":["GET"]}}],"collection":[{"href":"https:\/\/www.barefoot-baltics.ee\/lt\/wp-json\/wp\/v2\/product"}],"about":[{"href":"https:\/\/www.barefoot-baltics.ee\/lt\/wp-json\/wp\/v2\/types\/product"}],"wp:featuredmedia":[{"embeddable":true,"href":"https:\/\/www.barefoot-baltics.ee\/lt\/wp-json\/wp\/v2\/media\/1585"}],"wp:attachment":[{"href":"https:\/\/www.barefoot-baltics.ee\/lt\/wp-json\/wp\/v2\/media?parent=6485"}],"wp:term":[{"taxonomy":"product_brand","embeddable":true,"href":"https:\/\/www.barefoot-baltics.ee\/lt\/wp-json\/wp\/v2\/product_brand?post=6485"},{"taxonomy":"product_cat","embeddable":true,"href":"https:\/\/www.barefoot-baltics.ee\/lt\/wp-json\/wp\/v2\/product_cat?post=6485"},{"taxonomy":"product_tag","embeddable":true,"href":"https:\/\/www.barefoot-baltics.ee\/lt\/wp-json\/wp\/v2\/product_tag?post=6485"}],"curies":[{"name":"wp","href":"https:\/\/api.w.org\/{rel}","templated":true}]}}