{"id":6482,"date":"2018-11-06T15:13:41","date_gmt":"2018-11-06T13:13:41","guid":{"rendered":"https:\/\/www.barefoot-baltics.ee\/product\/angliskos-kamanos-devonas-vaikams-dirbtine-oda\/"},"modified":"2019-08-14T15:52:06","modified_gmt":"2019-08-14T12:52:06","slug":"angliskos-kamanos-devonas-vaikams-dirbtine-oda","status":"publish","type":"product","link":"https:\/\/www.barefoot-baltics.ee\/lt\/produktas\/angliskos-kamanos-devonas-vaikams-dirbtine-oda\/","title":{"rendered":"Angli\u0161kos kamanos \u201cDevonas\u201d vaikams (dirbtin\u0117 oda)"},"content":{"rendered":"<p>\u0160ias gra\u017eias kamanas poniams galima rinktis i\u0161 dviej\u0173 spalv\u0173. \u0160velniai pamink\u0161tintos vaikams ir poniams, turi blizgi\u0173, dirbtini\u0173 kristaliuk\u0173 dekoracij\u0105 ant antkak\u010dio.<\/p>\n<p>Antkaktis, pakau\u0161io dalis ir kapsul\u0117 yra pamink\u0161tinti, \u012fskaitant ir vietas po sagtimis. Pamink\u0161tinimas pagamintas i\u0161 ver\u0161iuko odos su neopreno u\u017epildu, norint i\u0161vengti per didelio spaudimo \u017eirgo pakau\u0161io ir nosies srityje. Platus ir plok\u0161\u010dias pamink\u0161tinimas kamanas padaro itin lanks\u010diomis, tod\u0117l i\u0161vengiama odos erzinimo ir trynimo jautriose galvos vietose.<\/p>\n<p>Pakau\u0161io dalis yra plati ir mink\u0161ta, tod\u0117l apsaugomo jautrios vietos u\u017e aus\u0173, nuimamas spaudimas pirmojo kaklo slanktelio srityje.<\/p>\n<p>Nor\u0117dami, jog kamanos b\u016bt\u0173 draugi\u0161kos \u017eirgui, neprid\u0117jome apatinio dir\u017eelio. <\/p>\n","protected":false},"excerpt":{"rendered":"<ul>\n<li>Labai \u0161velniai pamink\u0161tintos ir tvirtos poni kamanos<\/li>\n<li>\u0160velnus pamink\u0161tintas, dvispalvis antkaktis ir kapsul\u0117<\/li>\n<li>Antkakt\u012f puo\u0161ia dirbtiniai kristaliukai<\/li>\n<\/ul>\n","protected":false},"featured_media":1397,"template":"","meta":[],"product_brand":[],"product_cat":[1850],"product_tag":[1876,1861,1896,1882],"class_list":{"0":"post-6482","1":"product","2":"type-product","3":"status-publish","4":"has-post-thumbnail","6":"product_cat-kamanos-vesterno-kamanos-kantarai-ir-kapsules","7":"product_tag-angliska","8":"product_tag-dirbtine-oda","9":"product_tag-poni","10":"product_tag-vaikams","11":"product_shipping_class-siuntu-stotis","12":"pa_colour-juoda-sviesiai-melyna","13":"pa_colour-ruda-rozine","15":"first","16":"instock","17":"shipping-taxable","18":"purchasable","19":"product-type-variable"},"_links":{"self":[{"href":"https:\/\/www.barefoot-baltics.ee\/lt\/wp-json\/wp\/v2\/product\/6482","targetHints":{"allow":["GET"]}}],"collection":[{"href":"https:\/\/www.barefoot-baltics.ee\/lt\/wp-json\/wp\/v2\/product"}],"about":[{"href":"https:\/\/www.barefoot-baltics.ee\/lt\/wp-json\/wp\/v2\/types\/product"}],"wp:featuredmedia":[{"embeddable":true,"href":"https:\/\/www.barefoot-baltics.ee\/lt\/wp-json\/wp\/v2\/media\/1397"}],"wp:attachment":[{"href":"https:\/\/www.barefoot-baltics.ee\/lt\/wp-json\/wp\/v2\/media?parent=6482"}],"wp:term":[{"taxonomy":"product_brand","embeddable":true,"href":"https:\/\/www.barefoot-baltics.ee\/lt\/wp-json\/wp\/v2\/product_brand?post=6482"},{"taxonomy":"product_cat","embeddable":true,"href":"https:\/\/www.barefoot-baltics.ee\/lt\/wp-json\/wp\/v2\/product_cat?post=6482"},{"taxonomy":"product_tag","embeddable":true,"href":"https:\/\/www.barefoot-baltics.ee\/lt\/wp-json\/wp\/v2\/product_tag?post=6482"}],"curies":[{"name":"wp","href":"https:\/\/api.w.org\/{rel}","templated":true}]}}