{"id":6465,"date":"2019-01-22T07:00:05","date_gmt":"2019-01-22T05:00:05","guid":{"rendered":"https:\/\/www.barefoot-baltics.ee\/product\/kapsule-suformuok\/"},"modified":"2020-11-04T15:10:14","modified_gmt":"2020-11-04T13:10:14","slug":"kapsule-suformuok","status":"publish","type":"product","link":"https:\/\/www.barefoot-baltics.ee\/lt\/produktas\/kapsule-suformuok\/","title":{"rendered":"Kapsul\u0117 \u201cSuformuok!\u201d"},"content":{"rendered":"<p>\u0160i kapsul\u0117 ypatinga, nes j\u016bs galite suformuoti taip, jog tiksliai tikt\u0173 j\u016bs\u0173 \u017eirgo nosiai. \u201cSuformuok!\u201d kapsul\u0117 pagaminta i\u0161 tikros nubuko odos ir turi \u017eiedus abiejose pus\u0117se pavad\u017ei\u0173 prisegimui.<\/p>\n<p>Naujov\u0117! Kapsul\u0117s viduje yra stora, lanksti viela, tod\u0117l \u201cSuformuok!\u201d tampa daug stabilesne ir taip lengvai neslysta. Garantuojamos tikslesn\u0117s komandos.<\/p>\n<p>Pritaikymas: Du vir\u0161utiniai \u017eiedai yra prisegami prie tradicini\u0173 kaman\u0173 \u0161onini\u0173 dir\u017eeli\u0173. Kapsul\u0117 tur\u0117t\u0173 gul\u0117ti 2-3 cm \u017eemiau skruostikaulio Ji idealiai tinka jojimui be \u017e\u0105sl\u0173, vaikymui ir darbui nuo \u017eem\u0117s vietoj vaikymo kavesono. O jei prisegsite \u017e\u0105sl\u0173 dir\u017eelius, \u201cSuformuok!\u201d kapsul\u0119 galite naudoti su \u017e\u0105slais.<\/p>\n<p>Ilgis gali b\u016bti reguliuojamas:<\/p>\n<ul>\n<li>0 PONY, 57-66 cm<\/li>\n<li>1 COB, 63-73 cm<\/li>\n<li>2 FULL, 67-77 cm<\/li>\n<\/ul>\n<p>Derantys antkak\u010diai, pavad\u017eiai ir \u017e\u0105sl\u0173 dir\u017eeliai parduodami atskirai.<\/p>\n","protected":false},"excerpt":{"rendered":"<ul>\n<li>Kapsul\u0117 jojimui be \u017e\u0105sl\u0173 ir darbui nuo \u017eem\u0117s<\/li>\n<li>Lanksti, puikiai prisitaiko prie \u017eirgo nosies<\/li>\n<li>Tinka visoms tradicin\u0117ms kamanoms<\/li>\n<li>Tikra oda<\/li>\n<\/ul>\n","protected":false},"featured_media":1622,"template":"","meta":[],"product_brand":[],"product_cat":[1850],"product_tag":[1877,1891,1858],"class_list":{"0":"post-6465","1":"product","2":"type-product","3":"status-publish","4":"has-post-thumbnail","6":"product_cat-kamanos-vesterno-kamanos-kantarai-ir-kapsules","7":"product_tag-labai-patogus","8":"product_tag-oda","9":"product_tag-reguliuojamas","10":"product_shipping_class-siuntu-stotis","11":"pa_colour-juoda","12":"pa_colour-ruda","13":"pa_size-0-pony-lt","14":"pa_size-1-cob-lt","15":"pa_size-2-full-lt","17":"first","18":"instock","19":"shipping-taxable","20":"purchasable","21":"product-type-variable"},"_links":{"self":[{"href":"https:\/\/www.barefoot-baltics.ee\/lt\/wp-json\/wp\/v2\/product\/6465","targetHints":{"allow":["GET"]}}],"collection":[{"href":"https:\/\/www.barefoot-baltics.ee\/lt\/wp-json\/wp\/v2\/product"}],"about":[{"href":"https:\/\/www.barefoot-baltics.ee\/lt\/wp-json\/wp\/v2\/types\/product"}],"wp:featuredmedia":[{"embeddable":true,"href":"https:\/\/www.barefoot-baltics.ee\/lt\/wp-json\/wp\/v2\/media\/1622"}],"wp:attachment":[{"href":"https:\/\/www.barefoot-baltics.ee\/lt\/wp-json\/wp\/v2\/media?parent=6465"}],"wp:term":[{"taxonomy":"product_brand","embeddable":true,"href":"https:\/\/www.barefoot-baltics.ee\/lt\/wp-json\/wp\/v2\/product_brand?post=6465"},{"taxonomy":"product_cat","embeddable":true,"href":"https:\/\/www.barefoot-baltics.ee\/lt\/wp-json\/wp\/v2\/product_cat?post=6465"},{"taxonomy":"product_tag","embeddable":true,"href":"https:\/\/www.barefoot-baltics.ee\/lt\/wp-json\/wp\/v2\/product_tag?post=6465"}],"curies":[{"name":"wp","href":"https:\/\/api.w.org\/{rel}","templated":true}]}}