{"id":6462,"date":"2018-11-09T14:47:24","date_gmt":"2018-11-09T12:47:24","guid":{"rendered":"https:\/\/www.barefoot-baltics.ee\/product\/kantaras-jojimui-kadagys-3-viename\/"},"modified":"2021-08-30T19:22:47","modified_gmt":"2021-08-30T16:22:47","slug":"kantaras-jojimui-kadagys-3-viename","status":"publish","type":"product","link":"https:\/\/www.barefoot-baltics.ee\/lt\/produktas\/kantaras-jojimui-kadagys-3-viename\/","title":{"rendered":"Kantaras jojimui \u201cKadagys\u201d (3 viename)"},"content":{"rendered":"<p>Tai yra pintas kantaras jojimui, kuris truput\u012f ne\u012fprastas.<\/p>\n<p>J\u016bs galite j\u012f naudoti darbui nuo \u017eem\u0117s arba jojimui. Kai josite su juo, j\u016bs gal\u0117site naudoti j\u012f su \u017e\u0105slais arba be. Jei norite, galite naudoti hakemor\u0119. Taip pat galima \u012fsigyti deran\u010dius pavad\u017eius ir virv\u0119. \u0160is kantaras turi 5 ner\u016bdijan\u010dio plieno \u017eiedus. Mazg\u0173 d\u0117ka kantaras lengvai pritaikomas \u017eirgui. <\/p>\n<p>Med\u017eiaga \u2013 polipropilenas su medviln\u0117s \u0161erdimi.<\/p>\n<p>Nerekomenduojame su \u0161iuo kantaru palikti priri\u0161to arklio ar paleisti j\u012f \u012f levad\u0105. Tam rekomenduojame naudoti kantarus su lengvo pa(si)leidimo funkcija.<\/p>\n","protected":false},"excerpt":{"rendered":"<ul>\n<li>Puo\u0161niai atrodantis pintas kantaras, turintis tris specialias funkcijas<\/li>\n<li>Darbui nuo \u017eem\u0117s ir jojimui<\/li>\n<li>Jokite su \u017e\u0105slais arba be j\u0173<\/li>\n<li>Galimi derantys pavad\u017eiai ir virv\u0117<\/li>\n<\/ul>\n","protected":false},"featured_media":1455,"template":"","meta":[],"product_brand":[],"product_cat":[1850],"product_tag":[1864,1885,1900,1863],"class_list":{"0":"post-6462","1":"product","2":"type-product","3":"status-publish","4":"has-post-thumbnail","6":"product_cat-kamanos-vesterno-kamanos-kantarai-ir-kapsules","7":"product_tag-bezasles","8":"product_tag-darbas-nuo-zemes","9":"product_tag-virve-lt","10":"product_tag-zaslai","11":"product_shipping_class-siuntu-stotis","12":"pa_size-1-cob-lt","13":"pa_size-2-full-lt","15":"first","16":"instock","17":"shipping-taxable","18":"purchasable","19":"product-type-variable"},"_links":{"self":[{"href":"https:\/\/www.barefoot-baltics.ee\/lt\/wp-json\/wp\/v2\/product\/6462","targetHints":{"allow":["GET"]}}],"collection":[{"href":"https:\/\/www.barefoot-baltics.ee\/lt\/wp-json\/wp\/v2\/product"}],"about":[{"href":"https:\/\/www.barefoot-baltics.ee\/lt\/wp-json\/wp\/v2\/types\/product"}],"wp:featuredmedia":[{"embeddable":true,"href":"https:\/\/www.barefoot-baltics.ee\/lt\/wp-json\/wp\/v2\/media\/1455"}],"wp:attachment":[{"href":"https:\/\/www.barefoot-baltics.ee\/lt\/wp-json\/wp\/v2\/media?parent=6462"}],"wp:term":[{"taxonomy":"product_brand","embeddable":true,"href":"https:\/\/www.barefoot-baltics.ee\/lt\/wp-json\/wp\/v2\/product_brand?post=6462"},{"taxonomy":"product_cat","embeddable":true,"href":"https:\/\/www.barefoot-baltics.ee\/lt\/wp-json\/wp\/v2\/product_cat?post=6462"},{"taxonomy":"product_tag","embeddable":true,"href":"https:\/\/www.barefoot-baltics.ee\/lt\/wp-json\/wp\/v2\/product_tag?post=6462"}],"curies":[{"name":"wp","href":"https:\/\/api.w.org\/{rel}","templated":true}]}}