{"id":6453,"date":"2019-02-16T09:57:02","date_gmt":"2019-02-16T07:57:02","guid":{"rendered":"https:\/\/www.barefoot-baltics.ee\/product\/kantaras-issitempk-ir-kvepuok\/"},"modified":"2021-05-22T11:45:40","modified_gmt":"2021-05-22T08:45:40","slug":"kantaras-issitempk-ir-kvepuok","status":"publish","type":"product","link":"https:\/\/www.barefoot-baltics.ee\/lt\/produktas\/kantaras-issitempk-ir-kvepuok\/","title":{"rendered":"Kantaras \u201cI\u0161sitempk ir kv\u0117puok\u201d"},"content":{"rendered":"<p>\u0160is kantaras yra labai funkcionalus. Ypatingai saugus ir labai patogus \u017eirgui. Pagamintas i\u0161 Barefoot dirbtin\u0117s med\u017eiagos \u201cI\u0161sitempk ir kv\u0117puok\u201d.<\/p>\n<p>Pakau\u0161io ir nosies srityje esanti elastin\u0117 med\u017eiaga i\u0161sitemps ir atsipalaiduos, jei arklys ims panikuoti ar bandys i\u0161tr\u016bkti. Arklys gali nusimauti kantar\u0105, jo nesupl\u0117\u0161ydamas, tod\u0117l j\u012f gal\u0117site naudoti ne vien\u0105 kart\u0105. <\/p>\n<p>Idealiai tinka naudoti levadoje arba ganykloje su jaunais \u017eirgais, kurie n\u0117ra priprat\u0119 b\u016bti priri\u0161ti. Prie kantaro pridedama avies vilnos \u012fmovos pakau\u0161io ir nosies dalims, kurias galima prisegti lipukais. <\/p>\n<p>Kantaras u\u017esegamas lengvai atsegamu karabinu, taip suteikiant papildomo saugumo.<\/p>\n<p>Kantar\u0105 galima skalbti 30 laipsni\u0173 temperat\u016broje, i\u0161skyrus avies vilnos movas. Jos tur\u0117t\u0173 b\u016bti skalbiamos atskirai rankomis, prie\u0161 d\u017eiovinant jas reikia i\u0161tempti iki buvusios formos.<\/p>\n","protected":false},"excerpt":{"rendered":"<ul>\n<li>Elastin\u0117  \u201cI\u0161sitempk ir kv\u0117puok\u201d med\u017eiaga<\/li>\n<li>Saugus kantaras, kuris paleid\u017eia panikuojant\u012f \u017eirg\u0105<\/li>\n<li>Nosies ir pakau\u0161io dalies avies vilnos \u012fmova, tvirtinama lipukais<\/li>\n<\/ul>\n","protected":false},"featured_media":1745,"template":"","meta":[],"product_brand":[],"product_cat":[1850],"product_tag":[1874,1877,1878],"class_list":{"0":"post-6453","1":"product","2":"type-product","3":"status-publish","4":"has-post-thumbnail","6":"product_cat-kamanos-vesterno-kamanos-kantarai-ir-kapsules","7":"product_tag-elastinas","8":"product_tag-labai-patogus","9":"product_tag-labai-saugus","10":"product_shipping_class-siuntu-stotis","11":"pa_colour-ruda","12":"pa_colour-sviesiai-melyna","13":"pa_size-0-pony-lt","14":"pa_size-1-cob-lt","15":"pa_size-2-full-lt","16":"pa_size-3-draft-lt","18":"first","19":"instock","20":"shipping-taxable","21":"purchasable","22":"product-type-variable"},"_links":{"self":[{"href":"https:\/\/www.barefoot-baltics.ee\/lt\/wp-json\/wp\/v2\/product\/6453","targetHints":{"allow":["GET"]}}],"collection":[{"href":"https:\/\/www.barefoot-baltics.ee\/lt\/wp-json\/wp\/v2\/product"}],"about":[{"href":"https:\/\/www.barefoot-baltics.ee\/lt\/wp-json\/wp\/v2\/types\/product"}],"wp:featuredmedia":[{"embeddable":true,"href":"https:\/\/www.barefoot-baltics.ee\/lt\/wp-json\/wp\/v2\/media\/1745"}],"wp:attachment":[{"href":"https:\/\/www.barefoot-baltics.ee\/lt\/wp-json\/wp\/v2\/media?parent=6453"}],"wp:term":[{"taxonomy":"product_brand","embeddable":true,"href":"https:\/\/www.barefoot-baltics.ee\/lt\/wp-json\/wp\/v2\/product_brand?post=6453"},{"taxonomy":"product_cat","embeddable":true,"href":"https:\/\/www.barefoot-baltics.ee\/lt\/wp-json\/wp\/v2\/product_cat?post=6453"},{"taxonomy":"product_tag","embeddable":true,"href":"https:\/\/www.barefoot-baltics.ee\/lt\/wp-json\/wp\/v2\/product_tag?post=6453"}],"curies":[{"name":"wp","href":"https:\/\/api.w.org\/{rel}","templated":true}]}}