{"id":6429,"date":"2018-10-18T16:43:35","date_gmt":"2018-10-18T13:43:35","guid":{"rendered":"https:\/\/www.barefoot-baltics.ee\/product\/vesterno-kilpos-veseilija\/"},"modified":"2019-08-14T15:27:43","modified_gmt":"2019-08-14T12:27:43","slug":"vesterno-kilpos-veseilija","status":"publish","type":"product","link":"https:\/\/www.barefoot-baltics.ee\/lt\/produktas\/vesterno-kilpos-veseilija\/","title":{"rendered":"Vesterno kilpos \u201cVeseilija\u201d"},"content":{"rendered":"<p>\u201cVeseilija\u201d yra gra\u017eios, plat\u0117jan\u010dios vesterno kilpos. Jos pagamintos i\u0161 mikropluo\u0161to bei dengtos auk\u0161tos kokyb\u0117s oda. Supintos abiejose pus\u0117se.<\/p>\n<p>Pado plotis \u2013 13 cm. Vidutinio svorio, parduodamos poromis.<\/p>\n","protected":false},"excerpt":{"rendered":"<ul>\n<li>Stiklo pluo\u0161to \u0161erdis<\/li>\n<li>Dengtos tikra nubuko oda<\/li>\n<li>Simpati\u0161kas apsiuvimas odiniais rai\u0161teliais<\/li>\n<li>Svoris: vidutinis<\/li>\n<\/ul>\n","protected":false},"featured_media":871,"template":"","meta":[],"product_brand":[],"product_cat":[1849],"product_tag":[1857,1891,1909],"class_list":{"0":"post-6429","1":"product","2":"type-product","3":"status-publish","4":"has-post-thumbnail","6":"product_cat-kilpos-ir-kilpdirziai","7":"product_tag-2-coliai","8":"product_tag-oda","9":"product_tag-vesterno","10":"product_shipping_class-siuntu-stotis","11":"pa_colour-juoda","12":"pa_colour-ruda","13":"pa_colour-sviesi","15":"first","16":"onbackorder","17":"shipping-taxable","18":"purchasable","19":"product-type-variable"},"_links":{"self":[{"href":"https:\/\/www.barefoot-baltics.ee\/lt\/wp-json\/wp\/v2\/product\/6429","targetHints":{"allow":["GET"]}}],"collection":[{"href":"https:\/\/www.barefoot-baltics.ee\/lt\/wp-json\/wp\/v2\/product"}],"about":[{"href":"https:\/\/www.barefoot-baltics.ee\/lt\/wp-json\/wp\/v2\/types\/product"}],"wp:featuredmedia":[{"embeddable":true,"href":"https:\/\/www.barefoot-baltics.ee\/lt\/wp-json\/wp\/v2\/media\/871"}],"wp:attachment":[{"href":"https:\/\/www.barefoot-baltics.ee\/lt\/wp-json\/wp\/v2\/media?parent=6429"}],"wp:term":[{"taxonomy":"product_brand","embeddable":true,"href":"https:\/\/www.barefoot-baltics.ee\/lt\/wp-json\/wp\/v2\/product_brand?post=6429"},{"taxonomy":"product_cat","embeddable":true,"href":"https:\/\/www.barefoot-baltics.ee\/lt\/wp-json\/wp\/v2\/product_cat?post=6429"},{"taxonomy":"product_tag","embeddable":true,"href":"https:\/\/www.barefoot-baltics.ee\/lt\/wp-json\/wp\/v2\/product_tag?post=6429"}],"curies":[{"name":"wp","href":"https:\/\/api.w.org\/{rel}","templated":true}]}}