{"id":6425,"date":"2018-09-19T09:21:40","date_gmt":"2018-09-19T06:21:40","guid":{"rendered":"https:\/\/www.barefoot-baltics.ee\/product\/balnasparniai-platus\/"},"modified":"2019-08-14T15:25:31","modified_gmt":"2019-08-14T12:25:31","slug":"balnasparniai-platus","status":"publish","type":"product","link":"https:\/\/www.barefoot-baltics.ee\/lt\/produktas\/balnasparniai-platus\/","title":{"rendered":"Balnasparniai, plat\u016bs"},"content":{"rendered":"<p>Plat\u016bs, \u0161velnios, patvarios odos vesterno kilpdir\u017eiai yra itin tvirti. \u0160iuose balnasparniuose sagtys yra \u017eemai, tod\u0117l nesusidaro guzas po \u0161launimis. Jie geriausiai tinka m\u016bs\u0173 baln\u0173 modeliams &#8211; \u201cArizona\u201d, \u201cAtlanta\u201d, \u201c\u010cerokis\u201d ir \u201cNevada\u201d.<\/p>\n<p>Visos m\u016bs\u0173 vesterno kilpos tinka \u0161iems balnasparniams.<\/p>\n<ul>\n<li>N\u0117ra spaudimo d\u0117l sag\u010di\u0173 ant \u017eirgo nugaros<\/li>\n<li>Lengvai reguliuojamos s\u0117dint balne<\/li>\n<li>Nailono pagrindas<\/li>\n<\/ul>\n<p>Parduodami poromis kartu su rai\u0161\u010diais balnasparniams. Galimi du ilgiai: trumpi ir ilgi. Paskutin\u0117je nuotraukoje pateikiami trumpi balnasparniai.  Mes rekomenduojame trumpus balnasparnius raiteliams, kurie yra \u017eemesni nei 160 cm ir ilgus auk\u0161tesniems raiteliams.<\/p>\n","protected":false},"excerpt":{"rendered":"<ul>\n<li>Plat\u016bs vesterno balnasparniai<\/li>\n<li>Prid\u0117ti rai\u0161\u010diai su papuo\u0161imais balnasparniams<\/li>\n<li>Skirti vesterno kilpoms<\/li>\n<li>Sagtys \u017eemai, norint i\u0161vengti spaudimo<\/li>\n<\/ul>\n","protected":false},"featured_media":597,"template":"","meta":[],"product_brand":[],"product_cat":[1849],"product_tag":[1891,1909],"class_list":{"0":"post-6425","1":"product","2":"type-product","3":"status-publish","4":"has-post-thumbnail","6":"product_cat-kilpos-ir-kilpdirziai","7":"product_tag-oda","8":"product_tag-vesterno","9":"product_shipping_class-siuntu-stotis","10":"pa_colour-juoda","11":"pa_colour-ruda","12":"pa_version-ilgas","13":"pa_version-trumpas","15":"first","16":"onbackorder","17":"shipping-taxable","18":"purchasable","19":"product-type-variable"},"_links":{"self":[{"href":"https:\/\/www.barefoot-baltics.ee\/lt\/wp-json\/wp\/v2\/product\/6425","targetHints":{"allow":["GET"]}}],"collection":[{"href":"https:\/\/www.barefoot-baltics.ee\/lt\/wp-json\/wp\/v2\/product"}],"about":[{"href":"https:\/\/www.barefoot-baltics.ee\/lt\/wp-json\/wp\/v2\/types\/product"}],"wp:featuredmedia":[{"embeddable":true,"href":"https:\/\/www.barefoot-baltics.ee\/lt\/wp-json\/wp\/v2\/media\/597"}],"wp:attachment":[{"href":"https:\/\/www.barefoot-baltics.ee\/lt\/wp-json\/wp\/v2\/media?parent=6425"}],"wp:term":[{"taxonomy":"product_brand","embeddable":true,"href":"https:\/\/www.barefoot-baltics.ee\/lt\/wp-json\/wp\/v2\/product_brand?post=6425"},{"taxonomy":"product_cat","embeddable":true,"href":"https:\/\/www.barefoot-baltics.ee\/lt\/wp-json\/wp\/v2\/product_cat?post=6425"},{"taxonomy":"product_tag","embeddable":true,"href":"https:\/\/www.barefoot-baltics.ee\/lt\/wp-json\/wp\/v2\/product_tag?post=6425"}],"curies":[{"name":"wp","href":"https:\/\/api.w.org\/{rel}","templated":true}]}}