{"id":6417,"date":"2018-10-06T15:29:42","date_gmt":"2018-10-06T12:29:42","guid":{"rendered":"https:\/\/www.barefoot-baltics.ee\/product\/isjodinejimo-kilpdirziai\/"},"modified":"2020-12-29T09:55:05","modified_gmt":"2020-12-29T07:55:05","slug":"isjodinejimo-kilpdirziai","status":"publish","type":"product","link":"https:\/\/www.barefoot-baltics.ee\/lt\/produktas\/isjodinejimo-kilpdirziai\/","title":{"rendered":"I\u0161jodin\u0117jimo kilpdir\u017eiai"},"content":{"rendered":"<p>Tai mink\u0161tos, tvirtos odos i\u0161jodin\u0117jimo kilpdir\u017eiai. Viengubas dir\u017eas \u2013 ne kilpa \u2013 tod\u0117l  jie negrem\u0117zdi\u0161ki, yra lengvesni, negnaibo. Galimi du skirtingi ilgiai.<\/p>\n<p>Kilpdir\u017eiai prisegami vir\u0161uje ir apa\u010dioje tvarkingomis, T formos sagtimis. Vir\u0161utin\u0117 sagtis skirta nailono kilpai prie kilpdir\u017eio laikiklio prisegti; apatin\u0117 sagtis kilpdir\u017eio ilgiui reguliuoti.  Lengva ir saugu reguliuoti kilp\u0173 ilg\u012f s\u0117dint balne, nes raitelio koja nepraranda kontakto su balnu. <\/p>\n<p>Kilpdir\u017ei\u0173 nailoninis pagrindas apsaugo nuo i\u0161sitampymo. Kadangi kilpdir\u017eiai po balno s\u0117dyn\u0117s sparnu n\u0117ra dengti oda, po raitelio \u0161launimis nesusidaro guzas.  <\/p>\n<p>Matoma, apa\u010dioje esanti T formos sagtis u\u017edengiama ma\u017ea odos mova. <\/p>\n<p>J\u0173 plotis yra 1 colis (2.5 cm) ir juos galima reguliuoti \u0161iais intervalais:<\/p>\n<ul>\n<li>Trumpi: 49-63 cm<\/li>\n<li>Ilgi: 57-72 cm<\/li>\n<\/ul>\n<p>Parduodami poromis.<\/p>\n","protected":false},"excerpt":{"rendered":"<ul>\n<li>Viengubas dir\u017eas \u2013 jokio raitelio kojos gnaibymo<\/li>\n<li>Sagtis nesukelia spaudimo \u017eirgo nugarai<\/li>\n<li>Nailono pagrindas apsaugo nuo i\u0161sitampymo<\/li>\n<li>Galimi du skirtingi ilgiai<\/li>\n<\/ul>\n","protected":false},"featured_media":797,"template":"","meta":[],"product_brand":[],"product_cat":[1849],"product_tag":[1871,1891],"class_list":{"0":"post-6417","1":"product","2":"type-product","3":"status-publish","4":"has-post-thumbnail","6":"product_cat-kilpos-ir-kilpdirziai","7":"product_tag-dailusis-jojimas","8":"product_tag-oda","9":"product_shipping_class-siuntu-stotis","10":"pa_colour-juoda","11":"pa_colour-ruda","12":"pa_version-ilgas","13":"pa_version-trumpas","15":"first","16":"instock","17":"shipping-taxable","18":"purchasable","19":"product-type-variable"},"_links":{"self":[{"href":"https:\/\/www.barefoot-baltics.ee\/lt\/wp-json\/wp\/v2\/product\/6417","targetHints":{"allow":["GET"]}}],"collection":[{"href":"https:\/\/www.barefoot-baltics.ee\/lt\/wp-json\/wp\/v2\/product"}],"about":[{"href":"https:\/\/www.barefoot-baltics.ee\/lt\/wp-json\/wp\/v2\/types\/product"}],"wp:featuredmedia":[{"embeddable":true,"href":"https:\/\/www.barefoot-baltics.ee\/lt\/wp-json\/wp\/v2\/media\/797"}],"wp:attachment":[{"href":"https:\/\/www.barefoot-baltics.ee\/lt\/wp-json\/wp\/v2\/media?parent=6417"}],"wp:term":[{"taxonomy":"product_brand","embeddable":true,"href":"https:\/\/www.barefoot-baltics.ee\/lt\/wp-json\/wp\/v2\/product_brand?post=6417"},{"taxonomy":"product_cat","embeddable":true,"href":"https:\/\/www.barefoot-baltics.ee\/lt\/wp-json\/wp\/v2\/product_cat?post=6417"},{"taxonomy":"product_tag","embeddable":true,"href":"https:\/\/www.barefoot-baltics.ee\/lt\/wp-json\/wp\/v2\/product_tag?post=6417"}],"curies":[{"name":"wp","href":"https:\/\/api.w.org\/{rel}","templated":true}]}}