{"id":6414,"date":"2018-10-06T11:18:42","date_gmt":"2018-10-06T08:18:42","guid":{"rendered":"https:\/\/www.barefoot-baltics.ee\/product\/vesterno-kilpdirziai-zemomis-sagtimis\/"},"modified":"2019-08-14T15:12:34","modified_gmt":"2019-08-14T12:12:34","slug":"vesterno-kilpdirziai-zemomis-sagtimis","status":"publish","type":"product","link":"https:\/\/www.barefoot-baltics.ee\/lt\/produktas\/vesterno-kilpdirziai-zemomis-sagtimis\/","title":{"rendered":"Vesterno kilpdir\u017eiai \u017eemomis sagtimis"},"content":{"rendered":"<p>\u0160ie vesterno stiliaus kilpdir\u017eiai yra dvigubai platesni nei \u012fprastiniai: 2 coliai vietoj \u012fprasto 1 colio. Raitelio koja pasidaro stabilesn\u0117. Rekomenduojame \u0161iuos kilpdir\u017eius  naudoti kartu su m\u016bs\u0173 balnais  \u201c\u010cerokis\u201d (bet ne \u201c\u010ceroki klasika\u201d) ir \u201cAtlanta\u201d. Visos m\u016bs\u0173 vesterno kilpos tiks \u0161iems platiems kilpdir\u017eiams. <\/p>\n<p>\u0160i\u0173 kilpdir\u017ei\u0173 sagtys yra apa\u010dioje, tod\u0117l nesusidaro guzas po vidine \u0161launimi. Lengvai reguliuojamos s\u0117dint balne. Nailono pagrindas neleid\u017eia i\u0161sitampyti. \u0160ie plat\u016bs kilpdir\u017eiai puikiai tinka jojimui be aul\u0173 ar ilgaauli\u0173 bat\u0173, nes jie nesugnybia kojos.<\/p>\n<p>Pagrindin\u0117s funkcijos:<\/p>\n<ul>\n<li>Sagtis nesukelia spaudimo \u017eirgo nugarai<\/li>\n<li>Lengvai reguliuojamos s\u0117dint balne<\/li>\n<\/ul>\n<p>Ilgis \u2013 140 cm. Parduodami poromis.<\/p>\n","protected":false},"excerpt":{"rendered":"<ul>\n<li>2 coli\u0173 plo\u010dio<\/li>\n<li>Sagtys apa\u010dioje<\/li>\n<li>Patvari, \u0161velni oda<\/li>\n<li>Nailono pagrindas apsaugo nuo i\u0161sitampymo<\/li>\n<\/ul>\n","protected":false},"featured_media":773,"template":"","meta":[],"product_brand":[],"product_cat":[1849],"product_tag":[1891,1909],"class_list":{"0":"post-6414","1":"product","2":"type-product","3":"status-publish","4":"has-post-thumbnail","6":"product_cat-kilpos-ir-kilpdirziai","7":"product_tag-oda","8":"product_tag-vesterno","9":"product_shipping_class-siuntu-stotis","10":"pa_colour-juoda","11":"pa_colour-ruda","13":"first","14":"onbackorder","15":"shipping-taxable","16":"purchasable","17":"product-type-variable"},"_links":{"self":[{"href":"https:\/\/www.barefoot-baltics.ee\/lt\/wp-json\/wp\/v2\/product\/6414","targetHints":{"allow":["GET"]}}],"collection":[{"href":"https:\/\/www.barefoot-baltics.ee\/lt\/wp-json\/wp\/v2\/product"}],"about":[{"href":"https:\/\/www.barefoot-baltics.ee\/lt\/wp-json\/wp\/v2\/types\/product"}],"wp:featuredmedia":[{"embeddable":true,"href":"https:\/\/www.barefoot-baltics.ee\/lt\/wp-json\/wp\/v2\/media\/773"}],"wp:attachment":[{"href":"https:\/\/www.barefoot-baltics.ee\/lt\/wp-json\/wp\/v2\/media?parent=6414"}],"wp:term":[{"taxonomy":"product_brand","embeddable":true,"href":"https:\/\/www.barefoot-baltics.ee\/lt\/wp-json\/wp\/v2\/product_brand?post=6414"},{"taxonomy":"product_cat","embeddable":true,"href":"https:\/\/www.barefoot-baltics.ee\/lt\/wp-json\/wp\/v2\/product_cat?post=6414"},{"taxonomy":"product_tag","embeddable":true,"href":"https:\/\/www.barefoot-baltics.ee\/lt\/wp-json\/wp\/v2\/product_tag?post=6414"}],"curies":[{"name":"wp","href":"https:\/\/api.w.org\/{rel}","templated":true}]}}