{"id":6413,"date":"2018-10-13T14:12:39","date_gmt":"2018-10-13T11:12:39","guid":{"rendered":"https:\/\/www.barefoot-baltics.ee\/product\/ispaniskos-kilpos-sevelija\/"},"modified":"2019-10-25T08:47:41","modified_gmt":"2019-10-25T05:47:41","slug":"ispaniskos-kilpos-sevelija","status":"publish","type":"product","link":"https:\/\/www.barefoot-baltics.ee\/lt\/produktas\/ispaniskos-kilpos-sevelija\/","title":{"rendered":"Ispani\u0161kos kilpos \u201cSevelija\u201d"},"content":{"rendered":"<p>M\u016bs\u0173 \u201cSevelija\u201d ispani\u0161kos kilpos pagamintos i\u0161 auk\u0161tos kokyb\u0117s ner\u016bdijan\u010dio plieno. J\u0173 i\u0161vaizda yra gana ne\u012fprasta m\u016bs\u0173 laikais, bet buvo populiari karaliaujant barokui. Kilp\u0173 akut\u0117 pasukta 90 laipsni\u0173, tod\u0117l kilpos visada lengvai pagaunamos p\u0117da.<\/p>\n<p>Jos turi neslid\u017eius, 12 cm plo\u010dio padukus. Vidutinio sunkumo. Parduodamos poromis. <\/p>\n","protected":false},"excerpt":{"rendered":"<ul>\n<li>Klasikinio barokinio stiliaus kilpos<\/li>\n<li>Pagamintos i\u0161 blizgaus ner\u016bdijan\u010dio plieno<\/li>\n<\/ul>\n","protected":false},"featured_media":858,"template":"","meta":[],"product_brand":[],"product_cat":[1849],"product_tag":[1903,1865,1904],"class_list":{"0":"post-6413","1":"product","2":"type-product","3":"status-publish","4":"has-post-thumbnail","6":"product_cat-kilpos-ir-kilpdirziai","7":"product_tag-ispaniskas","8":"product_tag-madingas","9":"product_tag-nerudijantis-plienas","10":"product_shipping_class-siuntu-stotis","12":"first","13":"instock","14":"shipping-taxable","15":"purchasable","16":"product-type-simple"},"_links":{"self":[{"href":"https:\/\/www.barefoot-baltics.ee\/lt\/wp-json\/wp\/v2\/product\/6413","targetHints":{"allow":["GET"]}}],"collection":[{"href":"https:\/\/www.barefoot-baltics.ee\/lt\/wp-json\/wp\/v2\/product"}],"about":[{"href":"https:\/\/www.barefoot-baltics.ee\/lt\/wp-json\/wp\/v2\/types\/product"}],"wp:featuredmedia":[{"embeddable":true,"href":"https:\/\/www.barefoot-baltics.ee\/lt\/wp-json\/wp\/v2\/media\/858"}],"wp:attachment":[{"href":"https:\/\/www.barefoot-baltics.ee\/lt\/wp-json\/wp\/v2\/media?parent=6413"}],"wp:term":[{"taxonomy":"product_brand","embeddable":true,"href":"https:\/\/www.barefoot-baltics.ee\/lt\/wp-json\/wp\/v2\/product_brand?post=6413"},{"taxonomy":"product_cat","embeddable":true,"href":"https:\/\/www.barefoot-baltics.ee\/lt\/wp-json\/wp\/v2\/product_cat?post=6413"},{"taxonomy":"product_tag","embeddable":true,"href":"https:\/\/www.barefoot-baltics.ee\/lt\/wp-json\/wp\/v2\/product_tag?post=6413"}],"curies":[{"name":"wp","href":"https:\/\/api.w.org\/{rel}","templated":true}]}}