{"id":6409,"date":"2018-10-06T15:14:03","date_gmt":"2018-10-06T12:14:03","guid":{"rendered":"https:\/\/www.barefoot-baltics.ee\/product\/minksti-kilpdirziai\/"},"modified":"2021-08-30T15:53:25","modified_gmt":"2021-08-30T12:53:25","slug":"minksti-kilpdirziai","status":"publish","type":"product","link":"https:\/\/www.barefoot-baltics.ee\/lt\/produktas\/minksti-kilpdirziai\/","title":{"rendered":"Mink\u0161ti kilpdir\u017eiai"},"content":{"rendered":"<p>Tai  labai plok\u0161ti ir labai mink\u0161ti kilpdir\u017eiai, pagaminti i\u0161 \u0161velnios karv\u0117s odos ir turi stabilizuojant\u012f nailono \u012fd\u0117kl\u0105. \u0160ie kilpdir\u017eiai neturi a\u0161tri\u0173 kra\u0161t\u0173 ar metalini\u0173 knied\u017ei\u0173, tod\u0117l juos puikiai galima naudoti net balnams, pagamintiems i\u0161  mink\u0161tos odos. Kadangi sagties vir\u0161utin\u0117 dalis yra plok\u0161\u010dia, po oda nesusidaro guzas, tod\u0117l sagtis ne\u017enaibo raitelio \u0161laun\u0173. 15 sunumeruot\u0173 ovali\u0173 skyli\u0173 reguliavim\u0105 padaro lengvu. Ner\u016bdijan\u010dio plieno sagtys.<\/p>\n<p>Spalva \u2013 juoda. Parduodami poromis.<\/p>\n","protected":false},"excerpt":{"rendered":"<ul>\n<li>Jokio nemalonaus \u0161laun\u0173 spaudimo<\/li>\n<li>Sunumeruotos, ovalios skyl\u0117s<\/li>\n<li>Nailono pagrindas apsaugo nuo i\u0161sitampymo<\/li>\n<li>Mink\u0161tos, be a\u0161tri\u0173 kra\u0161t\u0173<\/li>\n<\/ul>\n","protected":false},"featured_media":991,"template":"","meta":[],"product_brand":[],"product_cat":[1849],"product_tag":[1877,1891],"class_list":{"0":"post-6409","1":"product","2":"type-product","3":"status-publish","4":"has-post-thumbnail","6":"product_cat-kilpos-ir-kilpdirziai","7":"product_tag-labai-patogus","8":"product_tag-oda","9":"product_shipping_class-siuntu-stotis","10":"pa_length-130-cm-lt","11":"pa_length-145-cm-lt","12":"pa_length-155-cm-lt","14":"first","15":"instock","16":"shipping-taxable","17":"purchasable","18":"product-type-variable"},"_links":{"self":[{"href":"https:\/\/www.barefoot-baltics.ee\/lt\/wp-json\/wp\/v2\/product\/6409","targetHints":{"allow":["GET"]}}],"collection":[{"href":"https:\/\/www.barefoot-baltics.ee\/lt\/wp-json\/wp\/v2\/product"}],"about":[{"href":"https:\/\/www.barefoot-baltics.ee\/lt\/wp-json\/wp\/v2\/types\/product"}],"wp:featuredmedia":[{"embeddable":true,"href":"https:\/\/www.barefoot-baltics.ee\/lt\/wp-json\/wp\/v2\/media\/991"}],"wp:attachment":[{"href":"https:\/\/www.barefoot-baltics.ee\/lt\/wp-json\/wp\/v2\/media?parent=6409"}],"wp:term":[{"taxonomy":"product_brand","embeddable":true,"href":"https:\/\/www.barefoot-baltics.ee\/lt\/wp-json\/wp\/v2\/product_brand?post=6409"},{"taxonomy":"product_cat","embeddable":true,"href":"https:\/\/www.barefoot-baltics.ee\/lt\/wp-json\/wp\/v2\/product_cat?post=6409"},{"taxonomy":"product_tag","embeddable":true,"href":"https:\/\/www.barefoot-baltics.ee\/lt\/wp-json\/wp\/v2\/product_tag?post=6409"}],"curies":[{"name":"wp","href":"https:\/\/api.w.org\/{rel}","templated":true}]}}