{"id":6402,"date":"2018-10-01T12:23:58","date_gmt":"2018-10-01T09:23:58","guid":{"rendered":"https:\/\/www.barefoot-baltics.ee\/product\/lankscios-kilpos-nerudijantis-plienas\/"},"modified":"2019-08-14T14:37:55","modified_gmt":"2019-08-14T11:37:55","slug":"lankscios-kilpos-nerudijantis-plienas","status":"publish","type":"product","link":"https:\/\/www.barefoot-baltics.ee\/lt\/produktas\/lankscios-kilpos-nerudijantis-plienas\/","title":{"rendered":"Lanks\u010dios kilpos (ner\u016bdijantis plienas)"},"content":{"rendered":"<p>Lanksti kilpos dalis u\u017etikrina, kad koja neu\u017estrigs kilpoje raiteliui krentant, o jojimo metu suteikia patogumo.<\/p>\n<p>Jos pagamintos i\u0161 ner\u016bdijan\u010dio plieno su pakei\u010diamais gumos padukais. Parduodamos mai\u0161elyje, patogesniam laikymui. <\/p>\n<p>Pado plotis \u2013 12.5 cm. Parduodamos poromis.<\/p>\n","protected":false},"excerpt":{"rendered":"<ul>\n<li>Krentant raiteliui, koja neu\u017estringa kilpoje<\/li>\n<li>Lanks\u010dios bei patogios<\/li>\n<li>Pado plotis: 12.5 cm<\/li>\n<\/ul>\n","protected":false},"featured_media":746,"template":"","meta":[],"product_brand":[],"product_cat":[1849],"product_tag":[1878,1904],"class_list":{"0":"post-6402","1":"product","2":"type-product","3":"status-publish","4":"has-post-thumbnail","6":"product_cat-kilpos-ir-kilpdirziai","7":"product_tag-labai-saugus","8":"product_tag-nerudijantis-plienas","9":"product_shipping_class-siuntu-stotis","11":"first","12":"onbackorder","13":"shipping-taxable","14":"purchasable","15":"product-type-simple"},"_links":{"self":[{"href":"https:\/\/www.barefoot-baltics.ee\/lt\/wp-json\/wp\/v2\/product\/6402","targetHints":{"allow":["GET"]}}],"collection":[{"href":"https:\/\/www.barefoot-baltics.ee\/lt\/wp-json\/wp\/v2\/product"}],"about":[{"href":"https:\/\/www.barefoot-baltics.ee\/lt\/wp-json\/wp\/v2\/types\/product"}],"wp:featuredmedia":[{"embeddable":true,"href":"https:\/\/www.barefoot-baltics.ee\/lt\/wp-json\/wp\/v2\/media\/746"}],"wp:attachment":[{"href":"https:\/\/www.barefoot-baltics.ee\/lt\/wp-json\/wp\/v2\/media?parent=6402"}],"wp:term":[{"taxonomy":"product_brand","embeddable":true,"href":"https:\/\/www.barefoot-baltics.ee\/lt\/wp-json\/wp\/v2\/product_brand?post=6402"},{"taxonomy":"product_cat","embeddable":true,"href":"https:\/\/www.barefoot-baltics.ee\/lt\/wp-json\/wp\/v2\/product_cat?post=6402"},{"taxonomy":"product_tag","embeddable":true,"href":"https:\/\/www.barefoot-baltics.ee\/lt\/wp-json\/wp\/v2\/product_tag?post=6402"}],"curies":[{"name":"wp","href":"https:\/\/api.w.org\/{rel}","templated":true}]}}