{"id":6399,"date":"2018-10-18T16:39:39","date_gmt":"2018-10-18T13:39:39","guid":{"rendered":"https:\/\/www.barefoot-baltics.ee\/product\/vesterno-kilpos-paprasta\/"},"modified":"2019-08-13T16:02:26","modified_gmt":"2019-08-13T13:02:26","slug":"vesterno-kilpos-paprasta","status":"publish","type":"product","link":"https:\/\/www.barefoot-baltics.ee\/lt\/produktas\/vesterno-kilpos-paprasta\/","title":{"rendered":"Vesterno kilpos \u201cPaprasta\u201d"},"content":{"rendered":"<p>Tai yra paprastos, labai funkcionalios bei \u012fperkamos vesterno stiliaus kilpos. Jos dengtos oda ir yra labai patvarios. Kilpos turi \u012fdubim\u0105 j\u016bs\u0173 p\u0117dai. Vidus pagamintas i\u0161 tvirtos, sintetin\u0117s med\u017eiagos.<\/p>\n<p>Pado plotis\u2013 12.5 cm. Parduodamos poromis. <\/p>\n","protected":false},"excerpt":{"rendered":"<ul>\n<li>Ekonomi\u0161kas pasirinkimas, jei ie\u0161kote vesterno kilp\u0173<\/li>\n<li>Dengtos oda<\/li>\n<li>Labai patvarios<\/li>\n<\/ul>\n","protected":false},"featured_media":867,"template":"","meta":[],"product_brand":[],"product_cat":[1849],"product_tag":[1891,1909],"class_list":{"0":"post-6399","1":"product","2":"type-product","3":"status-publish","4":"has-post-thumbnail","6":"product_cat-kilpos-ir-kilpdirziai","7":"product_tag-oda","8":"product_tag-vesterno","9":"product_shipping_class-siuntu-stotis","10":"pa_colour-juoda","11":"pa_colour-ruda","13":"first","14":"onbackorder","15":"shipping-taxable","16":"purchasable","17":"product-type-variable"},"_links":{"self":[{"href":"https:\/\/www.barefoot-baltics.ee\/lt\/wp-json\/wp\/v2\/product\/6399","targetHints":{"allow":["GET"]}}],"collection":[{"href":"https:\/\/www.barefoot-baltics.ee\/lt\/wp-json\/wp\/v2\/product"}],"about":[{"href":"https:\/\/www.barefoot-baltics.ee\/lt\/wp-json\/wp\/v2\/types\/product"}],"wp:featuredmedia":[{"embeddable":true,"href":"https:\/\/www.barefoot-baltics.ee\/lt\/wp-json\/wp\/v2\/media\/867"}],"wp:attachment":[{"href":"https:\/\/www.barefoot-baltics.ee\/lt\/wp-json\/wp\/v2\/media?parent=6399"}],"wp:term":[{"taxonomy":"product_brand","embeddable":true,"href":"https:\/\/www.barefoot-baltics.ee\/lt\/wp-json\/wp\/v2\/product_brand?post=6399"},{"taxonomy":"product_cat","embeddable":true,"href":"https:\/\/www.barefoot-baltics.ee\/lt\/wp-json\/wp\/v2\/product_cat?post=6399"},{"taxonomy":"product_tag","embeddable":true,"href":"https:\/\/www.barefoot-baltics.ee\/lt\/wp-json\/wp\/v2\/product_tag?post=6399"}],"curies":[{"name":"wp","href":"https:\/\/api.w.org\/{rel}","templated":true}]}}