{"id":6394,"date":"2018-10-01T12:43:13","date_gmt":"2018-10-01T09:43:13","guid":{"rendered":"https:\/\/www.barefoot-baltics.ee\/product\/kilpdirziai-su-zemomis-sagtimis\/"},"modified":"2020-11-04T15:10:54","modified_gmt":"2020-11-04T13:10:54","slug":"kilpdirziai-su-zemomis-sagtimis","status":"publish","type":"product","link":"https:\/\/www.barefoot-baltics.ee\/lt\/produktas\/kilpdirziai-su-zemomis-sagtimis\/","title":{"rendered":"Kilpdir\u017eiai su \u017eemomis sagtimis"},"content":{"rendered":"<p>Tai Barefoot kilpdir\u017eiai, pagaminti i\u0161 patvarios, \u0161velnios odos su nailono pamu\u0161alu, norint i\u0161vengti kilpdir\u017ei\u0173 i\u0161sitampymo. Sagtys yra kilpdir\u017ei\u0173 apa\u010dioje, vir\u0161 kilpos, kad nesusidaryt\u0173 guzas po raitelio vidine \u0161launimi. Lengvai reguliuojami s\u0117dint balne. <\/p>\n<p>Plotis\u2013 2.5 cm. Parduodami poromis. <\/p>\n","protected":false},"excerpt":{"rendered":"<ul>\n<li>\u017demos sagtys spaudimui i\u0161vengti<\/li>\n<li>Saug\u016bs reguliuojant ilg\u012f<\/li>\n<li>Patogesni \u017eirgui<\/li>\n<\/ul>\n","protected":false},"featured_media":755,"template":"","meta":[],"product_brand":[],"product_cat":[1849],"product_tag":[1877,1891],"class_list":{"0":"post-6394","1":"product","2":"type-product","3":"status-publish","4":"has-post-thumbnail","6":"product_cat-kilpos-ir-kilpdirziai","7":"product_tag-labai-patogus","8":"product_tag-oda","9":"product_shipping_class-siuntu-stotis","10":"pa_colour-juoda","11":"pa_colour-ruda","12":"pa_length-130-cm-lt","13":"pa_length-140-cm-lt","15":"first","16":"onbackorder","17":"shipping-taxable","18":"purchasable","19":"product-type-variable"},"_links":{"self":[{"href":"https:\/\/www.barefoot-baltics.ee\/lt\/wp-json\/wp\/v2\/product\/6394","targetHints":{"allow":["GET"]}}],"collection":[{"href":"https:\/\/www.barefoot-baltics.ee\/lt\/wp-json\/wp\/v2\/product"}],"about":[{"href":"https:\/\/www.barefoot-baltics.ee\/lt\/wp-json\/wp\/v2\/types\/product"}],"wp:featuredmedia":[{"embeddable":true,"href":"https:\/\/www.barefoot-baltics.ee\/lt\/wp-json\/wp\/v2\/media\/755"}],"wp:attachment":[{"href":"https:\/\/www.barefoot-baltics.ee\/lt\/wp-json\/wp\/v2\/media?parent=6394"}],"wp:term":[{"taxonomy":"product_brand","embeddable":true,"href":"https:\/\/www.barefoot-baltics.ee\/lt\/wp-json\/wp\/v2\/product_brand?post=6394"},{"taxonomy":"product_cat","embeddable":true,"href":"https:\/\/www.barefoot-baltics.ee\/lt\/wp-json\/wp\/v2\/product_cat?post=6394"},{"taxonomy":"product_tag","embeddable":true,"href":"https:\/\/www.barefoot-baltics.ee\/lt\/wp-json\/wp\/v2\/product_tag?post=6394"}],"curies":[{"name":"wp","href":"https:\/\/api.w.org\/{rel}","templated":true}]}}