{"id":6389,"date":"2018-10-01T10:32:58","date_gmt":"2018-10-01T07:32:58","guid":{"rendered":"https:\/\/www.barefoot-baltics.ee\/product\/saugios-uzdaros-kilpos-aliuminines\/"},"modified":"2021-06-11T16:15:32","modified_gmt":"2021-06-11T13:15:32","slug":"saugios-uzdaros-kilpos-aliuminines","status":"publish","type":"product","link":"https:\/\/www.barefoot-baltics.ee\/lt\/produktas\/saugios-uzdaros-kilpos-aliuminines\/","title":{"rendered":"Saugios u\u017edaros kilpos (aliuminin\u0117s)"},"content":{"rendered":"<p>\u0160ios aliuminin\u0117s kilpos puikiai tinka  ir pradedantiesiems, ir pa\u017eengusiesiems raiteliams. U\u017edara priekin\u0117 dalis u\u017etikrina saugum\u0105, nes neleid\u017eia kojai \u012fstrigti kilpoje ir apsaugo raitel\u012f nuo galimo tempimo \u017eeme, jam nukritus.<\/p>\n<p>Prie\u0161ingai nei tradicin\u0117s kilpos, \u0161ios Barefoot saugios kilpos turi 90\u00b0 pasukt\u0105 akut\u0119. Daugiau joki\u0173 baksnojim\u0173 \u012f \u0161alis beie\u0161kant kilp\u0173. \u0160ios kilpos savaime  kabo teisingu kampu, jog j\u016bs gal\u0117tum\u0117t  \u012fki\u0161ti koj\u0105 be did\u017eiuli\u0173 pastang\u0173. Net pametus kilp\u0105, j\u016bs gal\u0117site greitai j\u0105 rasti.<\/p>\n<p>Platus, apvalus padas su guma suteikia geresn\u012f sukibim\u0105 ir malon\u0173 jojim\u0105 be jokio spaudimo padui. Pado i\u0161matavimai: 11.5 x 9 cm. <\/p>\n","protected":false},"excerpt":{"rendered":"<ul>\n<li>Lengvos, aliuminin\u0117s kilpos<\/li>\n<li>Kilp\u0105 u\u017edaranti dalis pagaminta i\u0161 gumos<\/li>\n<li>90\u00b0 pasukta akut\u0117<\/li>\n<\/ul>\n","protected":false},"featured_media":738,"template":"","meta":[],"product_brand":[],"product_cat":[1849],"product_tag":[1859,1878],"class_list":{"0":"post-6389","1":"product","2":"type-product","3":"status-publish","4":"has-post-thumbnail","6":"product_cat-kilpos-ir-kilpdirziai","7":"product_tag-aliuminis","8":"product_tag-labai-saugus","9":"product_shipping_class-siuntu-stotis","11":"first","12":"onbackorder","13":"shipping-taxable","14":"purchasable","15":"product-type-simple"},"_links":{"self":[{"href":"https:\/\/www.barefoot-baltics.ee\/lt\/wp-json\/wp\/v2\/product\/6389","targetHints":{"allow":["GET"]}}],"collection":[{"href":"https:\/\/www.barefoot-baltics.ee\/lt\/wp-json\/wp\/v2\/product"}],"about":[{"href":"https:\/\/www.barefoot-baltics.ee\/lt\/wp-json\/wp\/v2\/types\/product"}],"wp:featuredmedia":[{"embeddable":true,"href":"https:\/\/www.barefoot-baltics.ee\/lt\/wp-json\/wp\/v2\/media\/738"}],"wp:attachment":[{"href":"https:\/\/www.barefoot-baltics.ee\/lt\/wp-json\/wp\/v2\/media?parent=6389"}],"wp:term":[{"taxonomy":"product_brand","embeddable":true,"href":"https:\/\/www.barefoot-baltics.ee\/lt\/wp-json\/wp\/v2\/product_brand?post=6389"},{"taxonomy":"product_cat","embeddable":true,"href":"https:\/\/www.barefoot-baltics.ee\/lt\/wp-json\/wp\/v2\/product_cat?post=6389"},{"taxonomy":"product_tag","embeddable":true,"href":"https:\/\/www.barefoot-baltics.ee\/lt\/wp-json\/wp\/v2\/product_tag?post=6389"}],"curies":[{"name":"wp","href":"https:\/\/api.w.org\/{rel}","templated":true}]}}