{"id":6388,"date":"2018-09-20T09:20:24","date_gmt":"2018-09-20T06:20:24","guid":{"rendered":"https:\/\/www.barefoot-baltics.ee\/product\/saugios-kilpos-su-gumine-juostele-nerudijantis-plienas\/"},"modified":"2019-08-10T13:57:55","modified_gmt":"2019-08-10T10:57:55","slug":"saugios-kilpos-su-gumine-juostele-nerudijantis-plienas","status":"publish","type":"product","link":"https:\/\/www.barefoot-baltics.ee\/lt\/produktas\/saugios-kilpos-su-gumine-juostele-nerudijantis-plienas\/","title":{"rendered":"Saugios kilpos su gumine juostele (ner\u016bdijantis plienas)"},"content":{"rendered":"<p>\u0160ios saugios kilpos pagamintos i\u0161 auk\u0161tos kokyb\u0117s ner\u016bdijan\u010dio plieno. Jose esantys odiniai sparneliai ir gumyt\u0117s, u\u017etikrina, kad J\u016bs\u0173 koja neu\u017estrigs kilpoje, krentant nuo arklio.<\/p>\n<p>Rekomenduojamos norint u\u017etikrinti jojimo saugum\u0105!<\/p>\n<p>Pado ilgis 11.5 cm. Parduodami poromis.<\/p>\n","protected":false},"excerpt":{"rendered":"<ul>\n<li>Dar didesnis saugumas<\/li>\n<li>Neleid\u017eia kojai \u012fstrigti kilpoje<\/li>\n<\/ul>\n","protected":false},"featured_media":620,"template":"","meta":[],"product_brand":[],"product_cat":[1849],"product_tag":[1878,1904],"class_list":{"0":"post-6388","1":"product","2":"type-product","3":"status-publish","4":"has-post-thumbnail","6":"product_cat-kilpos-ir-kilpdirziai","7":"product_tag-labai-saugus","8":"product_tag-nerudijantis-plienas","9":"product_shipping_class-siuntu-stotis","11":"first","12":"onbackorder","13":"shipping-taxable","14":"purchasable","15":"product-type-simple"},"_links":{"self":[{"href":"https:\/\/www.barefoot-baltics.ee\/lt\/wp-json\/wp\/v2\/product\/6388","targetHints":{"allow":["GET"]}}],"collection":[{"href":"https:\/\/www.barefoot-baltics.ee\/lt\/wp-json\/wp\/v2\/product"}],"about":[{"href":"https:\/\/www.barefoot-baltics.ee\/lt\/wp-json\/wp\/v2\/types\/product"}],"wp:featuredmedia":[{"embeddable":true,"href":"https:\/\/www.barefoot-baltics.ee\/lt\/wp-json\/wp\/v2\/media\/620"}],"wp:attachment":[{"href":"https:\/\/www.barefoot-baltics.ee\/lt\/wp-json\/wp\/v2\/media?parent=6388"}],"wp:term":[{"taxonomy":"product_brand","embeddable":true,"href":"https:\/\/www.barefoot-baltics.ee\/lt\/wp-json\/wp\/v2\/product_brand?post=6388"},{"taxonomy":"product_cat","embeddable":true,"href":"https:\/\/www.barefoot-baltics.ee\/lt\/wp-json\/wp\/v2\/product_cat?post=6388"},{"taxonomy":"product_tag","embeddable":true,"href":"https:\/\/www.barefoot-baltics.ee\/lt\/wp-json\/wp\/v2\/product_tag?post=6388"}],"curies":[{"name":"wp","href":"https:\/\/api.w.org\/{rel}","templated":true}]}}