{"id":6387,"date":"2018-10-01T10:48:19","date_gmt":"2018-10-01T07:48:19","guid":{"rendered":"https:\/\/www.barefoot-baltics.ee\/product\/saugios-uzdaros-kilpos-vaikams-aliuminines\/"},"modified":"2023-07-09T07:59:16","modified_gmt":"2023-07-09T04:59:16","slug":"saugios-uzdaros-kilpos-vaikams-aliuminines","status":"publish","type":"product","link":"https:\/\/www.barefoot-baltics.ee\/lt\/produktas\/saugios-uzdaros-kilpos-vaikams-aliuminines\/","title":{"rendered":"Saugios u\u017edaros kilpos vaikams (aliuminin\u0117s)"},"content":{"rendered":"<p>Tai yra nuostabios saugios vaikams, kurios gali b\u016bti naudojamos visomis progomis. U\u017edara priekin\u0117 dalis u\u017etikrina saugum\u0105, nes neleid\u017eia kojai \u012fstrigti kilpoje ir apsaugo raitel\u012f nuo galimo tempimo \u017eeme, jam nukritus. <\/p>\n<p>Kitaip nei tradicin\u0117s kilpos, \u0161ios Barefoot saugios kilpos turi 90\u00b0 pasukt\u0105 akut\u0119. Daugiau joki\u0173 baksnojim\u0173 \u012f \u0161alis beie\u0161kant kilp\u0173. \u0160ios kilpos savaime kabo teisingu laipsniu, o j\u016bs galit \u012fki\u0161ti koj\u0105 be did\u017eiuli\u0173 pastang\u0173. Net pamet\u0119 kilp\u0105, j\u016bs gal\u0117site greitai j\u0105 rasti. <\/p>\n<p>Platus, apvalus padas su guma suteikia geresn\u012f sukibim\u0105 ir malon\u0173 jojim\u0105 be jokio spaudimo p\u0117dai. Pado plotis \u2013 10.5 cm.<\/p>\n","protected":false},"excerpt":{"rendered":"<ul>\n<li>Lengvos, aliuminin\u0117s kilpos vaikams<\/li>\n<li>Kilp\u0105 u\u017edaranti priekin\u0117 dalis pagaminta i\u0161 gumos<\/li>\n<li>90\u00b0 pasukta akut\u0117<\/li>\n<li>Padas: 10,5 cm<\/li>\n<\/ul>\n","protected":false},"featured_media":741,"template":"","meta":[],"product_brand":[],"product_cat":[1849],"product_tag":[1856,1859,1878,1882],"class_list":{"0":"post-6387","1":"product","2":"type-product","3":"status-publish","4":"has-post-thumbnail","6":"product_cat-kilpos-ir-kilpdirziai","7":"product_tag-1-colis","8":"product_tag-aliuminis","9":"product_tag-labai-saugus","10":"product_tag-vaikams","11":"product_shipping_class-siuntu-stotis","13":"first","14":"onbackorder","15":"shipping-taxable","16":"purchasable","17":"product-type-simple"},"_links":{"self":[{"href":"https:\/\/www.barefoot-baltics.ee\/lt\/wp-json\/wp\/v2\/product\/6387","targetHints":{"allow":["GET"]}}],"collection":[{"href":"https:\/\/www.barefoot-baltics.ee\/lt\/wp-json\/wp\/v2\/product"}],"about":[{"href":"https:\/\/www.barefoot-baltics.ee\/lt\/wp-json\/wp\/v2\/types\/product"}],"wp:featuredmedia":[{"embeddable":true,"href":"https:\/\/www.barefoot-baltics.ee\/lt\/wp-json\/wp\/v2\/media\/741"}],"wp:attachment":[{"href":"https:\/\/www.barefoot-baltics.ee\/lt\/wp-json\/wp\/v2\/media?parent=6387"}],"wp:term":[{"taxonomy":"product_brand","embeddable":true,"href":"https:\/\/www.barefoot-baltics.ee\/lt\/wp-json\/wp\/v2\/product_brand?post=6387"},{"taxonomy":"product_cat","embeddable":true,"href":"https:\/\/www.barefoot-baltics.ee\/lt\/wp-json\/wp\/v2\/product_cat?post=6387"},{"taxonomy":"product_tag","embeddable":true,"href":"https:\/\/www.barefoot-baltics.ee\/lt\/wp-json\/wp\/v2\/product_tag?post=6387"}],"curies":[{"name":"wp","href":"https:\/\/api.w.org\/{rel}","templated":true}]}}