{"id":6386,"date":"2018-10-01T11:06:08","date_gmt":"2018-10-01T08:06:08","guid":{"rendered":"https:\/\/www.barefoot-baltics.ee\/product\/kilpos-90-laipsniu-aliuminines\/"},"modified":"2019-10-25T08:55:58","modified_gmt":"2019-10-25T05:55:58","slug":"kilpos-90-laipsniu-aliuminines","status":"publish","type":"product","link":"https:\/\/www.barefoot-baltics.ee\/lt\/produktas\/kilpos-90-laipsniu-aliuminines\/","title":{"rendered":"Kilpos \u201c90 laipsni\u0173\u201d (aliuminin\u0117s)"},"content":{"rendered":"<p>Kitaip nei tradicin\u0117s kilpos, \u0161ios patogios, aliuminin\u0117s kilpos turi 90\u00b0 pasukt\u0105 akut\u0119. Daugiau joki\u0173 baksnojim\u0173 \u012f \u0161alis beie\u0161kant kilp\u0173. \u0160ios kilpos savaime kabo teisingu kampu, o j\u016bs galit \u012fki\u0161ti koj\u0105 be did\u017eiuli\u0173 pastang\u0173. Net pamet\u0119 kilp\u0105, j\u016bs gal\u0117site greitai j\u0105 rasti. <\/p>\n<p>Pagaminti i\u0161 \u0161lifuoto aliuminio, o padukas i\u0161 juodos gumos. I\u0161matavimai nuo pado: 11.5 x 9 cm.<\/p>\n","protected":false},"excerpt":{"rendered":"<ul>\n<li>Lengvos aliuminin\u0117s kilpos<\/li>\n<li>90\u00b0 pasukta akut\u0117<\/li>\n<li>Padas: 11,5 cm<\/li>\n<\/ul>\n","protected":false},"featured_media":744,"template":"","meta":[],"product_brand":[],"product_cat":[1849],"product_tag":[1856,1859,1876],"class_list":{"0":"post-6386","1":"product","2":"type-product","3":"status-publish","4":"has-post-thumbnail","6":"product_cat-kilpos-ir-kilpdirziai","7":"product_tag-1-colis","8":"product_tag-aliuminis","9":"product_tag-angliska","10":"product_shipping_class-siuntu-stotis","12":"first","13":"onbackorder","14":"shipping-taxable","15":"purchasable","16":"product-type-simple"},"_links":{"self":[{"href":"https:\/\/www.barefoot-baltics.ee\/lt\/wp-json\/wp\/v2\/product\/6386","targetHints":{"allow":["GET"]}}],"collection":[{"href":"https:\/\/www.barefoot-baltics.ee\/lt\/wp-json\/wp\/v2\/product"}],"about":[{"href":"https:\/\/www.barefoot-baltics.ee\/lt\/wp-json\/wp\/v2\/types\/product"}],"wp:featuredmedia":[{"embeddable":true,"href":"https:\/\/www.barefoot-baltics.ee\/lt\/wp-json\/wp\/v2\/media\/744"}],"wp:attachment":[{"href":"https:\/\/www.barefoot-baltics.ee\/lt\/wp-json\/wp\/v2\/media?parent=6386"}],"wp:term":[{"taxonomy":"product_brand","embeddable":true,"href":"https:\/\/www.barefoot-baltics.ee\/lt\/wp-json\/wp\/v2\/product_brand?post=6386"},{"taxonomy":"product_cat","embeddable":true,"href":"https:\/\/www.barefoot-baltics.ee\/lt\/wp-json\/wp\/v2\/product_cat?post=6386"},{"taxonomy":"product_tag","embeddable":true,"href":"https:\/\/www.barefoot-baltics.ee\/lt\/wp-json\/wp\/v2\/product_tag?post=6386"}],"curies":[{"name":"wp","href":"https:\/\/api.w.org\/{rel}","templated":true}]}}