{"id":6385,"date":"2019-03-07T10:02:06","date_gmt":"2019-03-07T08:02:06","guid":{"rendered":"https:\/\/www.barefoot-baltics.ee\/product\/kilpdirziu-krutindirzio-paminkstinimas\/"},"modified":"2019-08-10T13:45:27","modified_gmt":"2019-08-10T10:45:27","slug":"kilpdirziu-krutindirzio-paminkstinimas","status":"publish","type":"product","link":"https:\/\/www.barefoot-baltics.ee\/lt\/produktas\/kilpdirziu-krutindirzio-paminkstinimas\/","title":{"rendered":"Kilpdir\u017ei\u0173 \/kr\u016btindir\u017eio pamink\u0161tinimas"},"content":{"rendered":"<p>Mink\u0161ti, avies vilnos \u201cvokai\u201d, kuriuos galite naudoti kilpdir\u017ei\u0173 ir kr\u016btindir\u017ei\u0173 pamink\u0161tinimui. Jie atsegami ir u\u017esegami lipukais, tod\u0117l lengva u\u017ed\u0117ti ir nuimti.<\/p>\n<p>\u0160ie pamink\u0161tinimai pagaminti i\u0161 tikros avies vilnos, jos gamyba yra draugi\u0161ka gyv\u016bn\u0173 ir resurs\u0173 at\u017evilgiu. Pamink\u0161tinimai gali b\u016bti apkarpyti iki jums reikiamo dyd\u017eio. Apdeginkite \u017eiebtuv\u0117liu arba apsi\u016bkite nukirpt\u0105 kra\u0161t\u0105, kad med\u017eiaga neprad\u0117t\u0173 brigzti. Plaukite \u0161altame vandenyje, v\u0117liau i\u0161tempkite ir gerai i\u0161purtykite.<\/p>\n<p>Ilgis \u2013 52 cm, parduodami poromis.<\/p>\n","protected":false},"excerpt":{"rendered":"<ul>\n<li>Jais galite pamink\u0161tinti ilgus, siaurus kilpdir\u017eius<\/li>\n<li>Skirtas kilpdir\u017eiams ir kr\u016btindir\u017eiams<\/li>\n<li>Apsaugo nuo galimo kilpdir\u017ei\u0173 gnybimo<\/li>\n<li>Nebetrinama balno oda<\/li>\n<\/ul>\n","protected":false},"featured_media":1914,"template":"","meta":[],"product_brand":[],"product_cat":[1853,1849],"product_tag":[1877,1910],"class_list":{"0":"post-6385","1":"product","2":"type-product","3":"status-publish","4":"has-post-thumbnail","6":"product_cat-jojimo-apranga-ir-kita","7":"product_cat-kilpos-ir-kilpdirziai","8":"product_tag-labai-patogus","9":"product_tag-vilna-lt","10":"product_shipping_class-siuntu-stotis","12":"first","13":"onbackorder","14":"shipping-taxable","15":"purchasable","16":"product-type-simple"},"_links":{"self":[{"href":"https:\/\/www.barefoot-baltics.ee\/lt\/wp-json\/wp\/v2\/product\/6385","targetHints":{"allow":["GET"]}}],"collection":[{"href":"https:\/\/www.barefoot-baltics.ee\/lt\/wp-json\/wp\/v2\/product"}],"about":[{"href":"https:\/\/www.barefoot-baltics.ee\/lt\/wp-json\/wp\/v2\/types\/product"}],"wp:featuredmedia":[{"embeddable":true,"href":"https:\/\/www.barefoot-baltics.ee\/lt\/wp-json\/wp\/v2\/media\/1914"}],"wp:attachment":[{"href":"https:\/\/www.barefoot-baltics.ee\/lt\/wp-json\/wp\/v2\/media?parent=6385"}],"wp:term":[{"taxonomy":"product_brand","embeddable":true,"href":"https:\/\/www.barefoot-baltics.ee\/lt\/wp-json\/wp\/v2\/product_brand?post=6385"},{"taxonomy":"product_cat","embeddable":true,"href":"https:\/\/www.barefoot-baltics.ee\/lt\/wp-json\/wp\/v2\/product_cat?post=6385"},{"taxonomy":"product_tag","embeddable":true,"href":"https:\/\/www.barefoot-baltics.ee\/lt\/wp-json\/wp\/v2\/product_tag?post=6385"}],"curies":[{"name":"wp","href":"https:\/\/api.w.org\/{rel}","templated":true}]}}