{"id":6380,"date":"2018-10-06T11:31:18","date_gmt":"2018-10-06T08:31:18","guid":{"rendered":"https:\/\/www.barefoot-baltics.ee\/product\/kilpdirziai-su-zemomis-sagtimis-dirbtine-oda\/"},"modified":"2021-10-13T18:56:27","modified_gmt":"2021-10-13T15:56:27","slug":"kilpdirziai-su-zemomis-sagtimis-dirbtine-oda","status":"publish","type":"product","link":"https:\/\/www.barefoot-baltics.ee\/lt\/produktas\/kilpdirziai-su-zemomis-sagtimis-dirbtine-oda\/","title":{"rendered":"Kilpdir\u017eiai su \u017eemomis sagtimis (dirbtin\u0117 oda)"},"content":{"rendered":"<p>\u0160ie kilpdir\u017eiai pagaminti i\u0161 patvarios Barefoot dirbtin\u0117s odos, pavadintos DryTex. Nailono pagrindas neleid\u017eia kilpdir\u017eiui i\u0161sitampyti. Sagtys yra \u017eemai,  prie kilp\u0173, taip i\u0161vengiant guzo po vidine \u0161launimi. Lengvai reguliuojamos s\u0117dint balne. <\/p>\n<p>Plotis \u2013 2.5 cm, parduodami poromis.<\/p>\n","protected":false},"excerpt":{"rendered":"<ul>\n<li>Sagtys nesukelia spaudimo \u017eirgo nugarai<\/li>\n<li>Lengvai reguliuojamos s\u0117dint balne<\/li>\n<li>Nailono pagrindas apsaugo nuo tempimosi<\/li>\n<\/ul>\n","protected":false},"featured_media":780,"template":"","meta":[],"product_brand":[],"product_cat":[1849],"product_tag":[1876,1861],"class_list":{"0":"post-6380","1":"product","2":"type-product","3":"status-publish","4":"has-post-thumbnail","6":"product_cat-kilpos-ir-kilpdirziai","7":"product_tag-angliska","8":"product_tag-dirbtine-oda","9":"product_shipping_class-siuntu-stotis","10":"pa_colour-juoda","11":"pa_colour-ruda","12":"pa_length-115-cm-lt","13":"pa_length-140-cm-lt","15":"first","16":"onbackorder","17":"shipping-taxable","18":"purchasable","19":"product-type-variable"},"_links":{"self":[{"href":"https:\/\/www.barefoot-baltics.ee\/lt\/wp-json\/wp\/v2\/product\/6380","targetHints":{"allow":["GET"]}}],"collection":[{"href":"https:\/\/www.barefoot-baltics.ee\/lt\/wp-json\/wp\/v2\/product"}],"about":[{"href":"https:\/\/www.barefoot-baltics.ee\/lt\/wp-json\/wp\/v2\/types\/product"}],"wp:featuredmedia":[{"embeddable":true,"href":"https:\/\/www.barefoot-baltics.ee\/lt\/wp-json\/wp\/v2\/media\/780"}],"wp:attachment":[{"href":"https:\/\/www.barefoot-baltics.ee\/lt\/wp-json\/wp\/v2\/media?parent=6380"}],"wp:term":[{"taxonomy":"product_brand","embeddable":true,"href":"https:\/\/www.barefoot-baltics.ee\/lt\/wp-json\/wp\/v2\/product_brand?post=6380"},{"taxonomy":"product_cat","embeddable":true,"href":"https:\/\/www.barefoot-baltics.ee\/lt\/wp-json\/wp\/v2\/product_cat?post=6380"},{"taxonomy":"product_tag","embeddable":true,"href":"https:\/\/www.barefoot-baltics.ee\/lt\/wp-json\/wp\/v2\/product_tag?post=6380"}],"curies":[{"name":"wp","href":"https:\/\/api.w.org\/{rel}","templated":true}]}}