{"id":6372,"date":"2018-09-19T11:08:51","date_gmt":"2018-09-19T08:08:51","guid":{"rendered":"https:\/\/www.barefoot-baltics.ee\/product\/raistis-balnasparniams-su-metaliniu-papuosimu\/"},"modified":"2019-08-10T08:55:30","modified_gmt":"2019-08-10T05:55:30","slug":"raistis-balnasparniams-su-metaliniu-papuosimu","status":"publish","type":"product","link":"https:\/\/www.barefoot-baltics.ee\/lt\/produktas\/raistis-balnasparniams-su-metaliniu-papuosimu\/","title":{"rendered":"Rai\u0161tis balnasparniams (su metaliniu papuo\u0161imu)"},"content":{"rendered":"<p>Odiniai rai\u0161\u010diai, kuriuos galite naudoti kaip atsargines dalis Barefoot balnasparniams. (Gali b\u016bti, kad tinka ir kitiems  balnasparniams.) Dekoruoti metaliniais papuo\u0161imais ir parduodami poromis.<\/p>\n","protected":false},"excerpt":{"rendered":"<ul>\n<li>Atsarginiai rai\u0161\u010diai balnasparniams<\/li>\n<li>Dekoruoti metaliniais papuo\u0161imais<\/li>\n<li>Parduodami poromis<\/li>\n<\/ul>\n","protected":false},"featured_media":604,"template":"","meta":[],"product_brand":[],"product_cat":[1849],"product_tag":[1891,1909],"class_list":{"0":"post-6372","1":"product","2":"type-product","3":"status-publish","4":"has-post-thumbnail","6":"product_cat-kilpos-ir-kilpdirziai","7":"product_tag-oda","8":"product_tag-vesterno","9":"product_shipping_class-siuntu-stotis","10":"pa_colour-juoda","11":"pa_colour-ruda","13":"first","14":"onbackorder","15":"shipping-taxable","16":"purchasable","17":"product-type-variable"},"_links":{"self":[{"href":"https:\/\/www.barefoot-baltics.ee\/lt\/wp-json\/wp\/v2\/product\/6372","targetHints":{"allow":["GET"]}}],"collection":[{"href":"https:\/\/www.barefoot-baltics.ee\/lt\/wp-json\/wp\/v2\/product"}],"about":[{"href":"https:\/\/www.barefoot-baltics.ee\/lt\/wp-json\/wp\/v2\/types\/product"}],"wp:featuredmedia":[{"embeddable":true,"href":"https:\/\/www.barefoot-baltics.ee\/lt\/wp-json\/wp\/v2\/media\/604"}],"wp:attachment":[{"href":"https:\/\/www.barefoot-baltics.ee\/lt\/wp-json\/wp\/v2\/media?parent=6372"}],"wp:term":[{"taxonomy":"product_brand","embeddable":true,"href":"https:\/\/www.barefoot-baltics.ee\/lt\/wp-json\/wp\/v2\/product_brand?post=6372"},{"taxonomy":"product_cat","embeddable":true,"href":"https:\/\/www.barefoot-baltics.ee\/lt\/wp-json\/wp\/v2\/product_cat?post=6372"},{"taxonomy":"product_tag","embeddable":true,"href":"https:\/\/www.barefoot-baltics.ee\/lt\/wp-json\/wp\/v2\/product_tag?post=6372"}],"curies":[{"name":"wp","href":"https:\/\/api.w.org\/{rel}","templated":true}]}}