{"id":6353,"date":"2018-10-29T19:36:29","date_gmt":"2018-10-29T17:36:29","guid":{"rendered":"https:\/\/www.barefoot-baltics.ee\/product\/angliska-pavarza\/"},"modified":"2021-08-30T16:55:36","modified_gmt":"2021-08-30T13:55:36","slug":"angliska-pavarza","status":"publish","type":"product","link":"https:\/\/www.barefoot-baltics.ee\/lt\/produktas\/angliska-pavarza\/","title":{"rendered":"Angli\u0161ka pavar\u017ea"},"content":{"rendered":"<p>\u0160i madinga angli\u0161ka pavar\u017ea turi dvi sudedam\u0105sias dalis. Vir\u0161utin\u0117 dalis yra elastin\u0117 su keturiomis ner\u016bdijan\u010dio plieno ritin\u0117li\u0173 sagtimis. Apatin\u0117 dalis &#8211; i\u0161 storo, oda apsupto pamink\u0161tinimo. Pamink\u0161tinimas prisitaiko, puikiai priglunda prie \u017eirgo pilvo ir nejuda kartu su balnu ar elastine dalimi. Yra i\u0161vengiama bet kokio odos erzinimo arba m\u0117lyni\u0173 pavar\u017eos vietoje ant kr\u016btin\u0117s.<\/p>\n<p>\u0160i sistema suteikia did\u017eiausi\u0105 saugum\u0105 ver\u017eiant pavar\u017e\u0105 su pa\u010diu did\u017eiausiu patogumu \u017eirgui.<\/p>\n<p>D formos \u017eiedas gali b\u016bti nuleistas, jei yra nereikalingas.<\/p>\n<p>Labai apvaliems \u017eirgams rekomenduojame m\u016bs\u0173 angli\u0161k\u0105 m\u0117nulio pavar\u017e\u0105.<\/p>\n","protected":false},"excerpt":{"rendered":"<ul>\n<li>Netrukdo \u017eirgo kv\u0117pavimui<\/li>\n<li>Pamink\u0161tinimas i\u0161 mink\u0161tos ver\u0161elio odos<\/li>\n<li>Ner\u016bdijan\u010dio plieno ritin\u0117li\u0173 sagtys<\/li>\n<li>\u0160e\u0161i ilgiai, dvi spalvos<\/li>\n<li>Su pla\u010dia elastine guma<\/li>\n<\/ul>\n","protected":false},"featured_media":1204,"template":"","meta":[],"product_brand":[],"product_cat":[1848],"product_tag":[1876,1865,1891],"class_list":{"0":"post-6353","1":"product","2":"type-product","3":"status-publish","4":"has-post-thumbnail","6":"product_cat-pavarzos","7":"product_tag-angliska","8":"product_tag-madingas","9":"product_tag-oda","10":"product_shipping_class-siuntu-stotis","11":"pa_colour-juoda","12":"pa_colour-ruda","13":"pa_length-35-cm-lt","14":"pa_length-45-cm-lt","15":"pa_length-55-cm-lt","16":"pa_length-65-cm-lt","17":"pa_length-75-cm-lt","18":"pa_length-85-cm-lt","20":"first","21":"instock","22":"shipping-taxable","23":"purchasable","24":"product-type-variable"},"_links":{"self":[{"href":"https:\/\/www.barefoot-baltics.ee\/lt\/wp-json\/wp\/v2\/product\/6353","targetHints":{"allow":["GET"]}}],"collection":[{"href":"https:\/\/www.barefoot-baltics.ee\/lt\/wp-json\/wp\/v2\/product"}],"about":[{"href":"https:\/\/www.barefoot-baltics.ee\/lt\/wp-json\/wp\/v2\/types\/product"}],"wp:featuredmedia":[{"embeddable":true,"href":"https:\/\/www.barefoot-baltics.ee\/lt\/wp-json\/wp\/v2\/media\/1204"}],"wp:attachment":[{"href":"https:\/\/www.barefoot-baltics.ee\/lt\/wp-json\/wp\/v2\/media?parent=6353"}],"wp:term":[{"taxonomy":"product_brand","embeddable":true,"href":"https:\/\/www.barefoot-baltics.ee\/lt\/wp-json\/wp\/v2\/product_brand?post=6353"},{"taxonomy":"product_cat","embeddable":true,"href":"https:\/\/www.barefoot-baltics.ee\/lt\/wp-json\/wp\/v2\/product_cat?post=6353"},{"taxonomy":"product_tag","embeddable":true,"href":"https:\/\/www.barefoot-baltics.ee\/lt\/wp-json\/wp\/v2\/product_tag?post=6353"}],"curies":[{"name":"wp","href":"https:\/\/api.w.org\/{rel}","templated":true}]}}