{"id":6344,"date":"2018-10-30T07:54:23","date_gmt":"2018-10-30T05:54:23","guid":{"rendered":"https:\/\/www.barefoot-baltics.ee\/product\/vesterno-pavarza\/"},"modified":"2019-08-09T15:45:57","modified_gmt":"2019-08-09T12:45:57","slug":"vesterno-pavarza","status":"publish","type":"product","link":"https:\/\/www.barefoot-baltics.ee\/lt\/produktas\/vesterno-pavarza\/","title":{"rendered":"Vesterno pavar\u017ea"},"content":{"rendered":"<p>M\u016bs\u0173 vesterno pavar\u017ea yra anatomin\u0117 ir pagaminta i\u0161 auk\u0161tos kokyb\u0117s odos. Pamink\u0161tinimas u\u017etikrina patogum\u0105 \u017eirgui. Ji turi dideles, plok\u0161\u010dias bei patvarias ner\u016bdijan\u010dio plieno sagtis. Ideali pavar\u017ea jautriems \u017eirgams.<\/p>\n","protected":false},"excerpt":{"rendered":"<ul>\n<li>Anatomin\u0117, labai patogi \u017eirgui<\/li>\n<li>Tikra oda, \u0161velnus pamink\u0161tinimas<\/li>\n<li>Labai plok\u0161\u010dios sagtys<\/li>\n<\/ul>\n","protected":false},"featured_media":1226,"template":"","meta":[],"product_brand":[],"product_cat":[1848],"product_tag":[1891,1909],"class_list":{"0":"post-6344","1":"product","2":"type-product","3":"status-publish","4":"has-post-thumbnail","6":"product_cat-pavarzos","7":"product_tag-oda","8":"product_tag-vesterno","9":"product_shipping_class-siuntu-stotis","10":"pa_colour-juoda","11":"pa_colour-ruda","12":"pa_length-55-cm-lt","13":"pa_length-65-cm-lt","14":"pa_length-75-cm-lt","15":"pa_length-85-cm-lt","17":"first","18":"onbackorder","19":"shipping-taxable","20":"purchasable","21":"product-type-variable"},"_links":{"self":[{"href":"https:\/\/www.barefoot-baltics.ee\/lt\/wp-json\/wp\/v2\/product\/6344","targetHints":{"allow":["GET"]}}],"collection":[{"href":"https:\/\/www.barefoot-baltics.ee\/lt\/wp-json\/wp\/v2\/product"}],"about":[{"href":"https:\/\/www.barefoot-baltics.ee\/lt\/wp-json\/wp\/v2\/types\/product"}],"wp:featuredmedia":[{"embeddable":true,"href":"https:\/\/www.barefoot-baltics.ee\/lt\/wp-json\/wp\/v2\/media\/1226"}],"wp:attachment":[{"href":"https:\/\/www.barefoot-baltics.ee\/lt\/wp-json\/wp\/v2\/media?parent=6344"}],"wp:term":[{"taxonomy":"product_brand","embeddable":true,"href":"https:\/\/www.barefoot-baltics.ee\/lt\/wp-json\/wp\/v2\/product_brand?post=6344"},{"taxonomy":"product_cat","embeddable":true,"href":"https:\/\/www.barefoot-baltics.ee\/lt\/wp-json\/wp\/v2\/product_cat?post=6344"},{"taxonomy":"product_tag","embeddable":true,"href":"https:\/\/www.barefoot-baltics.ee\/lt\/wp-json\/wp\/v2\/product_tag?post=6344"}],"curies":[{"name":"wp","href":"https:\/\/api.w.org\/{rel}","templated":true}]}}