{"id":6341,"date":"2018-09-19T11:48:17","date_gmt":"2018-09-19T08:48:17","guid":{"rendered":"https:\/\/www.barefoot-baltics.ee\/product\/pavarzos-konverteriai-is-vesterno-i-angliska\/"},"modified":"2019-08-09T15:44:20","modified_gmt":"2019-08-09T12:44:20","slug":"pavarzos-konverteriai-is-vesterno-i-angliska","status":"publish","type":"product","link":"https:\/\/www.barefoot-baltics.ee\/lt\/produktas\/pavarzos-konverteriai-is-vesterno-i-angliska\/","title":{"rendered":"Pavar\u017eos konverteriai i\u0161 vesterno \u012f angli\u0161k\u0105"},"content":{"rendered":"<p>Barefoot pavar\u017eos konverteriai yra lengvas b\u016bdas j\u016bs\u0173 vesterno pavar\u017eos ver\u017eim\u0105 paversti angli\u0161ku, kad gal\u0117tum\u0117te naudoti angli\u0161ko tipo pavar\u017eas. Du pavar\u017eos dir\u017eai eina kiaurai per odos pamink\u0161tinim\u0105, kad b\u016bt\u0173 i\u0161vengta kailio erzinimo ir b\u016bt\u0173 tolygiai paskirstytas spaudimas ant jautraus \u017eirgo pilvo.<\/p>\n<p>M\u016bs\u0173 pavar\u017eos konverteriai gali b\u016bti naudojami ant vis\u0173 tradicini\u0173 vesterno baln\u0173. Kod\u0117l j\u0173 nepanaudojus, norint palengvinti pavar\u017eos ver\u017eim\u0105 ant j\u016bs\u0173 vesterno balno?<\/p>\n<p>Parduodami poromi.<\/p>\n","protected":false},"excerpt":{"rendered":"<ul>\n<li>Vesterno pavar\u017eos ver\u017eim\u0105 paver\u010dia angli\u0161ku<\/li>\n<li>Padengti mink\u0161tomis skiaut\u0117mis<\/li>\n<li>Pagaminti i\u0161 tikros odos<\/li>\n<\/ul>\n","protected":false},"featured_media":608,"template":"","meta":[],"product_brand":[],"product_cat":[1848],"product_tag":[1876,1891,1909],"class_list":{"0":"post-6341","1":"product","2":"type-product","3":"status-publish","4":"has-post-thumbnail","6":"product_cat-pavarzos","7":"product_tag-angliska","8":"product_tag-oda","9":"product_tag-vesterno","10":"product_shipping_class-siuntu-stotis","11":"pa_colour-juoda","12":"pa_colour-ruda","14":"first","15":"instock","16":"shipping-taxable","17":"purchasable","18":"product-type-variable"},"_links":{"self":[{"href":"https:\/\/www.barefoot-baltics.ee\/lt\/wp-json\/wp\/v2\/product\/6341","targetHints":{"allow":["GET"]}}],"collection":[{"href":"https:\/\/www.barefoot-baltics.ee\/lt\/wp-json\/wp\/v2\/product"}],"about":[{"href":"https:\/\/www.barefoot-baltics.ee\/lt\/wp-json\/wp\/v2\/types\/product"}],"wp:featuredmedia":[{"embeddable":true,"href":"https:\/\/www.barefoot-baltics.ee\/lt\/wp-json\/wp\/v2\/media\/608"}],"wp:attachment":[{"href":"https:\/\/www.barefoot-baltics.ee\/lt\/wp-json\/wp\/v2\/media?parent=6341"}],"wp:term":[{"taxonomy":"product_brand","embeddable":true,"href":"https:\/\/www.barefoot-baltics.ee\/lt\/wp-json\/wp\/v2\/product_brand?post=6341"},{"taxonomy":"product_cat","embeddable":true,"href":"https:\/\/www.barefoot-baltics.ee\/lt\/wp-json\/wp\/v2\/product_cat?post=6341"},{"taxonomy":"product_tag","embeddable":true,"href":"https:\/\/www.barefoot-baltics.ee\/lt\/wp-json\/wp\/v2\/product_tag?post=6341"}],"curies":[{"name":"wp","href":"https:\/\/api.w.org\/{rel}","templated":true}]}}