{"id":6336,"date":"2018-10-30T07:40:56","date_gmt":"2018-10-30T05:40:56","guid":{"rendered":"https:\/\/www.barefoot-baltics.ee\/product\/avikailio-pavarza\/"},"modified":"2021-08-30T16:55:12","modified_gmt":"2021-08-30T13:55:12","slug":"avikailio-pavarza","status":"publish","type":"product","link":"https:\/\/www.barefoot-baltics.ee\/lt\/produktas\/avikailio-pavarza\/","title":{"rendered":"Avikailio pavar\u017ea"},"content":{"rendered":"<p>Labai mink\u0161ta avikailio pavar\u017ea, skirta jautri\u0173 pilv\u0173 \u017eirgams. Dvi sudedamosios dalys: pirmoji yra tikras avikailis, o kita \u2013 tvirtas nailonas. Lipukai \u0161ias abi dalis saugiai susega, bet taip pat leid\u017eia lengvai nuimti avikail\u012f plovimui. Taip pat \u0161i funkcija leid\u017eia \u0161iek tiek reguliuoti sag\u010di\u0173 pozicij\u0105. Avikailio pamu\u0161alas yra truputi platesnis nei pavar\u017ea, o tai leid\u017eia tolygiau paskirstyti spaudim\u0105 bei i\u0161vengti trynimo.<\/p>\n<p>Avikailis veikia kaip antialergenas ir suma\u017eina grybeli\u0173 , kurie da\u017enai randami pavar\u017eos ver\u017eimo vietose, kiek\u012f,. \u0160i pavar\u017ea idealiai tinka jautriai odai ir subtilioms pavar\u017eos ver\u017eimo vietoms, nes kailis gali sugerti judes\u012f, taip i\u0161vengiant m\u0117lyni\u0173, trynimo ir spaudimo \u017eaizd\u0173. Pavar\u017ea yra pralaidi orui, o avikailis padeda sugerti prakait\u0105 ir reguliuoti dr\u0117gm\u0119, ypa\u010d vasaros metu. <\/p>\n<p>Nailono dalys yra elastin\u0117s, ply\u0161iams atspar\u016bs dir\u017eai vienoje pus\u0117je leid\u017eia \u017eirgui lengviau kv\u0117puoti.<\/p>\n<p>Kadangi avikailis yra nat\u016bralus produktas, ma\u017eos spalvos ar kailio ilgio variacijos galimos \u0161iose pavar\u017eose. Pra\u0161ome j\u0173 ned\u017eiovinti tiesioginiuose saul\u0117s spinduliuose ir pra\u0161ome juos skalbti su specialiais, vilnai skirtais skalbikliais. Po skalbimo paguldyti lygiai, kad i\u0161d\u017ei\u016bt\u0173.<\/p>\n","protected":false},"excerpt":{"rendered":"<ul>\n<li>Lanksti ir elastinga<\/li>\n<li>Netrukdo \u017eirgo kv\u0117pavimui<\/li>\n<li>Tikro avikailio pamink\u0161tinimas<\/li>\n<li>Lengvai plaunama \u2013 avikailis nusegamas lipukais<\/li>\n<li>Ner\u016bdijan\u010dio plieno ritin\u0117li\u0173 sagtys<\/li>\n<\/ul>\n","protected":false},"featured_media":1216,"template":"","meta":[],"product_brand":[],"product_cat":[1848],"product_tag":[1876,1901,1874],"class_list":{"0":"post-6336","1":"product","2":"type-product","3":"status-publish","4":"has-post-thumbnail","6":"product_cat-pavarzos","7":"product_tag-angliska","8":"product_tag-avikailis","9":"product_tag-elastinas","10":"product_shipping_class-siuntu-stotis","11":"pa_length-45-cm-lt","12":"pa_length-55-cm-lt","13":"pa_length-65-cm-lt","14":"pa_length-75-cm-lt","16":"first","17":"onbackorder","18":"shipping-taxable","19":"purchasable","20":"product-type-variable"},"_links":{"self":[{"href":"https:\/\/www.barefoot-baltics.ee\/lt\/wp-json\/wp\/v2\/product\/6336","targetHints":{"allow":["GET"]}}],"collection":[{"href":"https:\/\/www.barefoot-baltics.ee\/lt\/wp-json\/wp\/v2\/product"}],"about":[{"href":"https:\/\/www.barefoot-baltics.ee\/lt\/wp-json\/wp\/v2\/types\/product"}],"wp:featuredmedia":[{"embeddable":true,"href":"https:\/\/www.barefoot-baltics.ee\/lt\/wp-json\/wp\/v2\/media\/1216"}],"wp:attachment":[{"href":"https:\/\/www.barefoot-baltics.ee\/lt\/wp-json\/wp\/v2\/media?parent=6336"}],"wp:term":[{"taxonomy":"product_brand","embeddable":true,"href":"https:\/\/www.barefoot-baltics.ee\/lt\/wp-json\/wp\/v2\/product_brand?post=6336"},{"taxonomy":"product_cat","embeddable":true,"href":"https:\/\/www.barefoot-baltics.ee\/lt\/wp-json\/wp\/v2\/product_cat?post=6336"},{"taxonomy":"product_tag","embeddable":true,"href":"https:\/\/www.barefoot-baltics.ee\/lt\/wp-json\/wp\/v2\/product_tag?post=6336"}],"curies":[{"name":"wp","href":"https:\/\/api.w.org\/{rel}","templated":true}]}}