{"id":6335,"date":"2018-10-29T19:30:58","date_gmt":"2018-10-29T17:30:58","guid":{"rendered":"https:\/\/www.barefoot-baltics.ee\/product\/kilpsaitis\/"},"modified":"2019-08-09T15:39:58","modified_gmt":"2019-08-09T12:39:58","slug":"kilpsaitis","status":"publish","type":"product","link":"https:\/\/www.barefoot-baltics.ee\/lt\/produktas\/kilpsaitis\/","title":{"rendered":"Kilpsaitis"},"content":{"rendered":"<p>Kilpsaitis reikalingas visiems vesterno balnams su vesterno pavar\u017ea. Jis naudojamas kair\u0117je pus\u0117je pavar\u017eai priver\u017eti. Pagamintas i\u0161 tvirtos, patvarios odos, kuri buvo specialiai atrinkta tai funkcijai atlikti. Joje yra skyl\u0117s, taigi ji gali b\u016bti priver\u017eta su pavar\u017eos sagtimi arba suri\u0161us mazg\u0105. <\/p>\n<p>5 cm plo\u010dio ir 180 cm ilgio.<\/p>\n","protected":false},"excerpt":{"rendered":"<ul>\n<li>Pavar\u017eos priedas esantis kair\u0117je, naudojamas Vesterno stiliaus pavar\u017eos ver\u017eime<\/li>\n<li>Pagamintas i\u0161 geriausios, rankomis atrinktos raugintos karv\u0117s odos<\/li>\n<li>Gali b\u016bti pritvirtintas mazgu arba naudojant pavar\u017eos sagt\u012f<\/li>\n<\/ul>\n","protected":false},"featured_media":1201,"template":"","meta":[],"product_brand":[],"product_cat":[1848],"product_tag":[1891,1909],"class_list":{"0":"post-6335","1":"product","2":"type-product","3":"status-publish","4":"has-post-thumbnail","6":"product_cat-pavarzos","7":"product_tag-oda","8":"product_tag-vesterno","9":"product_shipping_class-siuntu-stotis","11":"first","12":"onbackorder","13":"shipping-taxable","14":"purchasable","15":"product-type-simple"},"_links":{"self":[{"href":"https:\/\/www.barefoot-baltics.ee\/lt\/wp-json\/wp\/v2\/product\/6335","targetHints":{"allow":["GET"]}}],"collection":[{"href":"https:\/\/www.barefoot-baltics.ee\/lt\/wp-json\/wp\/v2\/product"}],"about":[{"href":"https:\/\/www.barefoot-baltics.ee\/lt\/wp-json\/wp\/v2\/types\/product"}],"wp:featuredmedia":[{"embeddable":true,"href":"https:\/\/www.barefoot-baltics.ee\/lt\/wp-json\/wp\/v2\/media\/1201"}],"wp:attachment":[{"href":"https:\/\/www.barefoot-baltics.ee\/lt\/wp-json\/wp\/v2\/media?parent=6335"}],"wp:term":[{"taxonomy":"product_brand","embeddable":true,"href":"https:\/\/www.barefoot-baltics.ee\/lt\/wp-json\/wp\/v2\/product_brand?post=6335"},{"taxonomy":"product_cat","embeddable":true,"href":"https:\/\/www.barefoot-baltics.ee\/lt\/wp-json\/wp\/v2\/product_cat?post=6335"},{"taxonomy":"product_tag","embeddable":true,"href":"https:\/\/www.barefoot-baltics.ee\/lt\/wp-json\/wp\/v2\/product_tag?post=6335"}],"curies":[{"name":"wp","href":"https:\/\/api.w.org\/{rel}","templated":true}]}}