{"id":6328,"date":"2018-10-29T19:41:12","date_gmt":"2018-10-29T17:41:12","guid":{"rendered":"https:\/\/www.barefoot-baltics.ee\/product\/pavarza-issitempk-ir-kvepuok\/"},"modified":"2021-06-11T16:15:34","modified_gmt":"2021-06-11T13:15:34","slug":"pavarza-issitempk-ir-kvepuok","status":"publish","type":"product","link":"https:\/\/www.barefoot-baltics.ee\/lt\/produktas\/pavarza-issitempk-ir-kvepuok\/","title":{"rendered":"Pavar\u017ea \u201cI\u0161sitempk ir kv\u0117puok\u201d"},"content":{"rendered":"<p>\u0160i nepriekai\u0161tinga pavar\u017ea pagaminta i\u0161 \u201cI\u0161sitiesk ir kv\u0117puok\u201d med\u017eiagos, specialiai sukurtos Barefoot kompanijai. Ji susideda i\u0161 daugelio gretim\u0173 smulki\u0173 elastini\u0173 juost\u0173, susi\u016bt\u0173 ply\u0161imams atspariu nailono si\u016blu. Tai med\u017eiagai suteikia ply\u0161iams atspari\u0105, bet tuo pat metu visi\u0161kai tampri\u0105 med\u017eiag\u0105.<\/p>\n<p>\u201cI\u0161sitiesk ir kv\u0117puok\u201d med\u017eiaga yra susupta \u012f mink\u0161t\u0105, reguliuojam\u0105 apvalkal\u0105, kuris apsaugo jautri\u0105 \u017eirgo pavar\u017eos ver\u017eimo viet\u0105.<\/p>\n<p>\u0160ios pavar\u017eos privalumai pa\u017evelgus:<\/p>\n<ul>\n<li>Visi\u0161kai elastin\u0117: \u017eirgo kr\u016btin\u0117s judesiai n\u0117ra var\u017eomi<\/li>\n<li>Saugi: smulkiai austos, ply\u0161imams atsparios nailono med\u017eiagos<\/li>\n<li>Mink\u0161tai dengta<\/li>\n<li>Atramin\u0117s ritin\u0117li\u0173 sagtys  abiejuose galuose<\/li>\n<li>Centrinis \u017eiedas martingalui ar kr\u016btindir\u017eiui prisegti<\/li>\n<\/ul>\n<p>Elastin\u0117 med\u017eiaga prisitaiko prie \u017eirgo k\u016bno\u2013 tod\u0117l pavar\u017ea gali temptis. Mes rekomenduojame j\u0105 laikas nuo laiko apsukti. Jei j\u016bs j\u0105 naudojate i\u0161 kair\u0117s \u012f de\u0161in\u0119, apsukite, kad eit\u0173 i\u0161 de\u0161in\u0117s \u012f kair\u0119, jog susibalansuot\u0173.<\/p>\n<p>Mink\u0161t\u0105 apvalkal\u0105 galima skalbti skalbimo ma\u0161inoje 30 laipsni\u0173 temperat\u016broje. Vidin\u012f elastin\u0105 geriausia skalbti rankoms \u0161altame vandenyje.<\/p>\n","protected":false},"excerpt":{"rendered":"<ul>\n<li>Pagaminta i\u0161 Barefoot \u201cI\u0161sitemk ir kv\u0117puok\u201d med\u017eiagos<\/li>\n<li>Netrukdo \u017eirgo kv\u0117pavimui, juda kartu su pilvu<\/li>\n<li>Pamink\u0161tintas \u0161velnia, lengvai skalbiama med\u017eiaga<\/li>\n<li>Abiejose pus\u0117se yra ner\u016bdijan\u010dio plieno ritin\u0117li\u0173 sagtys<\/li>\n<li>Pilnai elastin\u0117<\/li>\n<\/ul>\n","protected":false},"featured_media":1206,"template":"","meta":[],"product_brand":[],"product_cat":[1848],"product_tag":[1874,1877,1905],"class_list":{"0":"post-6328","1":"product","2":"type-product","3":"status-publish","4":"has-post-thumbnail","6":"product_cat-pavarzos","7":"product_tag-elastinas","8":"product_tag-labai-patogus","9":"product_tag-stretchbreathe-lt","10":"product_shipping_class-siuntu-stotis","11":"pa_length-35-cm-lt","12":"pa_length-45-cm-lt","13":"pa_length-55-cm-lt","14":"pa_length-65-cm-lt","15":"pa_length-75-cm-lt","16":"pa_length-85-cm-lt","18":"first","19":"onbackorder","20":"shipping-taxable","21":"purchasable","22":"product-type-variable"},"_links":{"self":[{"href":"https:\/\/www.barefoot-baltics.ee\/lt\/wp-json\/wp\/v2\/product\/6328","targetHints":{"allow":["GET"]}}],"collection":[{"href":"https:\/\/www.barefoot-baltics.ee\/lt\/wp-json\/wp\/v2\/product"}],"about":[{"href":"https:\/\/www.barefoot-baltics.ee\/lt\/wp-json\/wp\/v2\/types\/product"}],"wp:featuredmedia":[{"embeddable":true,"href":"https:\/\/www.barefoot-baltics.ee\/lt\/wp-json\/wp\/v2\/media\/1206"}],"wp:attachment":[{"href":"https:\/\/www.barefoot-baltics.ee\/lt\/wp-json\/wp\/v2\/media?parent=6328"}],"wp:term":[{"taxonomy":"product_brand","embeddable":true,"href":"https:\/\/www.barefoot-baltics.ee\/lt\/wp-json\/wp\/v2\/product_brand?post=6328"},{"taxonomy":"product_cat","embeddable":true,"href":"https:\/\/www.barefoot-baltics.ee\/lt\/wp-json\/wp\/v2\/product_cat?post=6328"},{"taxonomy":"product_tag","embeddable":true,"href":"https:\/\/www.barefoot-baltics.ee\/lt\/wp-json\/wp\/v2\/product_tag?post=6328"}],"curies":[{"name":"wp","href":"https:\/\/api.w.org\/{rel}","templated":true}]}}