{"id":6327,"date":"2018-10-29T19:33:50","date_gmt":"2018-10-29T17:33:50","guid":{"rendered":"https:\/\/www.barefoot-baltics.ee\/product\/elastinis-dirzas-vesterno-pavarzai-prisegti-issitempk-ir-kvepuok\/"},"modified":"2019-08-09T15:34:21","modified_gmt":"2019-08-09T12:34:21","slug":"elastinis-dirzas-vesterno-pavarzai-prisegti-issitempk-ir-kvepuok","status":"publish","type":"product","link":"https:\/\/www.barefoot-baltics.ee\/lt\/produktas\/elastinis-dirzas-vesterno-pavarzai-prisegti-issitempk-ir-kvepuok\/","title":{"rendered":"Elastinis dir\u017eas vesterno pavar\u017eai prisegti \u201cI\u0161sitempk ir kv\u0117puok\u201d"},"content":{"rendered":"<p>\u0160is elastinis dir\u017eas pavar\u017eai priver\u017eti buvo specialiai sukurtas vesterno balnams, kur geras pavar\u017eos u\u017ever\u017eimas nuo \u017eem\u0117s yra nei\u0161vengiamas, kadangi j\u016bs da\u017eniausiai nepersireguliuojate pavar\u017eos kai s\u0117dite balne.<\/p>\n<p>Elastin\u0117  \u201cI\u0161sitempk ir kv\u0117puok\u201d med\u017eiaga suteikia vietos jud\u0117ti, taigi j\u016bs\u0173 \u017eirgas n\u0117ra u\u017ever\u017eiamas per stipriai. Ji pagaminta i\u0161 atid\u017eiai atrinkt\u0173 med\u017eiag\u0173. Elastin\u0117 juosta leid\u017eia \u017eirgui lengvai kv\u0117puoti, bet yra pakankamai \u012ftempta, kad balnas nenuslyst\u0173.<\/p>\n<p>Elastinis dir\u017eas pavar\u017eai prisegti  yra naudojamas vesterno pavar\u017eos ver\u017eimui balno de\u0161in\u0117je. Kair\u0117je pus\u0117je pavar\u017ea pritvirtinama (u\u017ever\u017eiama) ir tradici\u0161kai u\u017eri\u0161ama mazgu.<\/p>\n<p>Bendras elastinio dir\u017eo pavar\u017eai prisegti ilgis yra 110 cm, bet j\u016bs tur\u0117tum\u0117te perlenkti j\u0105 per pus\u0119 ir naudoti j\u0105 \u201edvigub\u0105\u201c. Spalva \u2013 ruda. <\/p>\n","protected":false},"excerpt":{"rendered":"<ul>\n<li>Elastinis vesterno pavar\u017eos u\u017ever\u017eimas<\/li>\n<li>Leid\u017eia \u017eirgui lengviau kv\u0117puoti<\/li>\n<li>Labai stipri oda<\/li>\n<li>Elastin\u0117 med\u017eiaga ir auk\u0161tos kokyb\u0117s galai<\/li>\n<\/ul>\n","protected":false},"featured_media":1203,"template":"","meta":[],"product_brand":[],"product_cat":[1848],"product_tag":[1874,1905,1909],"class_list":{"0":"post-6327","1":"product","2":"type-product","3":"status-publish","4":"has-post-thumbnail","6":"product_cat-pavarzos","7":"product_tag-elastinas","8":"product_tag-stretchbreathe-lt","9":"product_tag-vesterno","10":"product_shipping_class-siuntu-stotis","12":"first","13":"onbackorder","14":"shipping-taxable","15":"purchasable","16":"product-type-simple"},"_links":{"self":[{"href":"https:\/\/www.barefoot-baltics.ee\/lt\/wp-json\/wp\/v2\/product\/6327","targetHints":{"allow":["GET"]}}],"collection":[{"href":"https:\/\/www.barefoot-baltics.ee\/lt\/wp-json\/wp\/v2\/product"}],"about":[{"href":"https:\/\/www.barefoot-baltics.ee\/lt\/wp-json\/wp\/v2\/types\/product"}],"wp:featuredmedia":[{"embeddable":true,"href":"https:\/\/www.barefoot-baltics.ee\/lt\/wp-json\/wp\/v2\/media\/1203"}],"wp:attachment":[{"href":"https:\/\/www.barefoot-baltics.ee\/lt\/wp-json\/wp\/v2\/media?parent=6327"}],"wp:term":[{"taxonomy":"product_brand","embeddable":true,"href":"https:\/\/www.barefoot-baltics.ee\/lt\/wp-json\/wp\/v2\/product_brand?post=6327"},{"taxonomy":"product_cat","embeddable":true,"href":"https:\/\/www.barefoot-baltics.ee\/lt\/wp-json\/wp\/v2\/product_cat?post=6327"},{"taxonomy":"product_tag","embeddable":true,"href":"https:\/\/www.barefoot-baltics.ee\/lt\/wp-json\/wp\/v2\/product_tag?post=6327"}],"curies":[{"name":"wp","href":"https:\/\/api.w.org\/{rel}","templated":true}]}}