{"id":6326,"date":"2018-10-29T12:08:06","date_gmt":"2018-10-29T10:08:06","guid":{"rendered":"https:\/\/www.barefoot-baltics.ee\/product\/dirzas-vesterno-pavarzai-prisegti\/"},"modified":"2019-08-08T14:41:00","modified_gmt":"2019-08-08T11:41:00","slug":"dirzas-vesterno-pavarzai-prisegti","status":"publish","type":"product","link":"https:\/\/www.barefoot-baltics.ee\/lt\/produktas\/dirzas-vesterno-pavarzai-prisegti\/","title":{"rendered":"Dir\u017eas vesterno pavar\u017eai prisegti"},"content":{"rendered":"<p>M\u016bs\u0173 dir\u017eas vesterno pavar\u017eai prisegti, yra reikalingas ver\u017eiant vesterno pavar\u017e\u0105. Jis naudojamas de\u0161in\u0117je balno pus\u0117je. Labai tvirtos, patvarios odos, specialiai atrinktos \u0161iai funkcijai atlikti.<\/p>\n<p>Plotis \u2013 4.5 cm, pilnas ilgis \u2013 111 cm (naudokite perlenkt\u0105 pusiau, \u201edvigub\u0105\u201c)<\/p>\n","protected":false},"excerpt":{"rendered":"<ul>\n<li>Pagamintas i\u0161 geriausios, rankomis atrinktos raugintos karv\u0117s odos<\/li>\n<li>Pavar\u017eos prisegimas de\u0161in\u0117je pus\u0117je<\/li>\n<li>Visiems balnams su vesterno pavar\u017eos ver\u017eimu<\/li>\n<\/ul>\n","protected":false},"featured_media":1170,"template":"","meta":[],"product_brand":[],"product_cat":[1848],"product_tag":[1891,1909],"class_list":{"0":"post-6326","1":"product","2":"type-product","3":"status-publish","4":"has-post-thumbnail","6":"product_cat-pavarzos","7":"product_tag-oda","8":"product_tag-vesterno","9":"product_shipping_class-siuntu-stotis","11":"first","12":"onbackorder","13":"shipping-taxable","14":"purchasable","15":"product-type-simple"},"_links":{"self":[{"href":"https:\/\/www.barefoot-baltics.ee\/lt\/wp-json\/wp\/v2\/product\/6326","targetHints":{"allow":["GET"]}}],"collection":[{"href":"https:\/\/www.barefoot-baltics.ee\/lt\/wp-json\/wp\/v2\/product"}],"about":[{"href":"https:\/\/www.barefoot-baltics.ee\/lt\/wp-json\/wp\/v2\/types\/product"}],"wp:featuredmedia":[{"embeddable":true,"href":"https:\/\/www.barefoot-baltics.ee\/lt\/wp-json\/wp\/v2\/media\/1170"}],"wp:attachment":[{"href":"https:\/\/www.barefoot-baltics.ee\/lt\/wp-json\/wp\/v2\/media?parent=6326"}],"wp:term":[{"taxonomy":"product_brand","embeddable":true,"href":"https:\/\/www.barefoot-baltics.ee\/lt\/wp-json\/wp\/v2\/product_brand?post=6326"},{"taxonomy":"product_cat","embeddable":true,"href":"https:\/\/www.barefoot-baltics.ee\/lt\/wp-json\/wp\/v2\/product_cat?post=6326"},{"taxonomy":"product_tag","embeddable":true,"href":"https:\/\/www.barefoot-baltics.ee\/lt\/wp-json\/wp\/v2\/product_tag?post=6326"}],"curies":[{"name":"wp","href":"https:\/\/api.w.org\/{rel}","templated":true}]}}