{"id":6323,"date":"2018-07-19T13:01:48","date_gmt":"2018-07-19T10:01:48","guid":{"rendered":"https:\/\/www.barefoot-baltics.ee\/product\/avikailio-paminkstinimas-ispaniskam-balnui-madridas\/"},"modified":"2019-08-08T14:38:57","modified_gmt":"2019-08-08T11:38:57","slug":"avikailio-paminkstinimas-ispaniskam-balnui-madridas","status":"publish","type":"product","link":"https:\/\/www.barefoot-baltics.ee\/lt\/produktas\/avikailio-paminkstinimas-ispaniskam-balnui-madridas\/","title":{"rendered":"Avikailio pamink\u0161tinimas ispani\u0161kam balnui \u201cMadridas\u201d"},"content":{"rendered":"<p>Tai yra avikailio s\u0117dyn\u0117, specialiai sukurta m\u016bs\u0173 ispani\u0161kam balnui \u201cMadridas\u201d. Paprastai prisegamas lipukais prie balno vietoj standartin\u0117s s\u0117dyn\u0117s, neslidus. Patogi s\u0117dyn\u0117s. Integruoti keli\u0173 blokeliai u\u017etikrina kojos pozicij\u0105. Apa\u010dia pagaminta i\u0161 tvirto, lankstaus veltinio, dengto drobe.<\/p>\n","protected":false},"excerpt":{"rendered":"<ul>\n<li>Segamas lipukais, tod\u0117l neslidus<\/li>\n<li>Integruoti keli\u0173 blokeliai<\/li>\n<li>Tikra avies oda<\/li>\n<\/ul>\n","protected":false},"featured_media":394,"template":"","meta":[],"product_brand":[],"product_cat":[1847],"product_tag":[1901,1877],"class_list":{"0":"post-6323","1":"product","2":"type-product","3":"status-publish","4":"has-post-thumbnail","6":"product_cat-balno-aksesuarai","7":"product_tag-avikailis","8":"product_tag-labai-patogus","9":"product_shipping_class-siuntu-stotis","10":"pa_size-1-lt","11":"pa_size-2-lt","13":"first","14":"onbackorder","15":"shipping-taxable","16":"purchasable","17":"product-type-variable"},"_links":{"self":[{"href":"https:\/\/www.barefoot-baltics.ee\/lt\/wp-json\/wp\/v2\/product\/6323","targetHints":{"allow":["GET"]}}],"collection":[{"href":"https:\/\/www.barefoot-baltics.ee\/lt\/wp-json\/wp\/v2\/product"}],"about":[{"href":"https:\/\/www.barefoot-baltics.ee\/lt\/wp-json\/wp\/v2\/types\/product"}],"wp:featuredmedia":[{"embeddable":true,"href":"https:\/\/www.barefoot-baltics.ee\/lt\/wp-json\/wp\/v2\/media\/394"}],"wp:attachment":[{"href":"https:\/\/www.barefoot-baltics.ee\/lt\/wp-json\/wp\/v2\/media?parent=6323"}],"wp:term":[{"taxonomy":"product_brand","embeddable":true,"href":"https:\/\/www.barefoot-baltics.ee\/lt\/wp-json\/wp\/v2\/product_brand?post=6323"},{"taxonomy":"product_cat","embeddable":true,"href":"https:\/\/www.barefoot-baltics.ee\/lt\/wp-json\/wp\/v2\/product_cat?post=6323"},{"taxonomy":"product_tag","embeddable":true,"href":"https:\/\/www.barefoot-baltics.ee\/lt\/wp-json\/wp\/v2\/product_tag?post=6323"}],"curies":[{"name":"wp","href":"https:\/\/api.w.org\/{rel}","templated":true}]}}