{"id":6306,"date":"2018-10-24T13:21:46","date_gmt":"2018-10-24T10:21:46","guid":{"rendered":"https:\/\/www.barefoot-baltics.ee\/product\/avikailio-paminkstinimas-balnui\/"},"modified":"2019-08-08T14:37:27","modified_gmt":"2019-08-08T11:37:27","slug":"avikailio-paminkstinimas-balnui","status":"publish","type":"product","link":"https:\/\/www.barefoot-baltics.ee\/lt\/produktas\/avikailio-paminkstinimas-balnui\/","title":{"rendered":"Avikailio pamink\u0161tinimas balnui"},"content":{"rendered":"<p>Balno s\u0117dyn\u0117s pamink\u0161tinimas, pagamintas i\u0161 tikro, mink\u0161to ir jaukaus avikailio, specialiai pagaminto Barefoot balnams. J\u016bs galite j\u012f naudoti kaip pakaital\u0105 j\u016bs\u0173 esamo balno s\u0117dynei.<\/p>\n<p>D\u0117l prisegimo lipukais avikailio s\u0117dyn\u0117s pamink\u0161tinimas neslysta. Idealiai tinka jautriems raiteliams, kurie nori jaustis patogiau balne.<\/p>\n<p>Balno s\u0117dyn\u0117s juodos spalvos pamink\u0161tinimas tinka \u0161iems balnams \u201c\u010cerokis\u201d, \u201c\u010ceroki klasika \u201d, \u201cLondonas\u201d ir \u201cNotingamas\u201d, o baltos tinka kitiems baln\u0173 modeliams.<\/p>\n","protected":false},"excerpt":{"rendered":"<ul>\n<li>Ideali amortizacija<\/li>\n<li>\u0160iltas \u017eiem\u0105, v\u0117sus vasar\u0105<\/li>\n<li>Reguliuoja temperat\u016br\u0105<\/li>\n<li>Sugeria dr\u0117gm\u0119<\/li>\n<\/ul>\n","protected":false},"featured_media":1029,"template":"","meta":[],"product_brand":[],"product_cat":[1847],"product_tag":[1901,1877],"class_list":{"0":"post-6306","1":"product","2":"type-product","3":"status-publish","4":"has-post-thumbnail","6":"product_cat-balno-aksesuarai","7":"product_tag-avikailis","8":"product_tag-labai-patogus","9":"product_shipping_class-siuntu-stotis","10":"pa_size-1-lt","11":"pa_size-2-lt","12":"pa_your-saddle-arizona-lt","13":"pa_your-saddle-atlanta-lt","14":"pa_your-saddle-cerokis","15":"pa_your-saddle-cerokis-klasika","16":"pa_your-saddle-londonas","17":"pa_your-saddle-nevada-lt","18":"pa_your-saddle-notingamas","19":"pa_your-saddle-sajenas","21":"first","22":"onbackorder","23":"shipping-taxable","24":"purchasable","25":"product-type-variable"},"_links":{"self":[{"href":"https:\/\/www.barefoot-baltics.ee\/lt\/wp-json\/wp\/v2\/product\/6306","targetHints":{"allow":["GET"]}}],"collection":[{"href":"https:\/\/www.barefoot-baltics.ee\/lt\/wp-json\/wp\/v2\/product"}],"about":[{"href":"https:\/\/www.barefoot-baltics.ee\/lt\/wp-json\/wp\/v2\/types\/product"}],"wp:featuredmedia":[{"embeddable":true,"href":"https:\/\/www.barefoot-baltics.ee\/lt\/wp-json\/wp\/v2\/media\/1029"}],"wp:attachment":[{"href":"https:\/\/www.barefoot-baltics.ee\/lt\/wp-json\/wp\/v2\/media?parent=6306"}],"wp:term":[{"taxonomy":"product_brand","embeddable":true,"href":"https:\/\/www.barefoot-baltics.ee\/lt\/wp-json\/wp\/v2\/product_brand?post=6306"},{"taxonomy":"product_cat","embeddable":true,"href":"https:\/\/www.barefoot-baltics.ee\/lt\/wp-json\/wp\/v2\/product_cat?post=6306"},{"taxonomy":"product_tag","embeddable":true,"href":"https:\/\/www.barefoot-baltics.ee\/lt\/wp-json\/wp\/v2\/product_tag?post=6306"}],"curies":[{"name":"wp","href":"https:\/\/api.w.org\/{rel}","templated":true}]}}