{"id":6305,"date":"2018-10-20T16:06:47","date_gmt":"2018-10-20T13:06:47","guid":{"rendered":"https:\/\/www.barefoot-baltics.ee\/product\/odiniai-balnakrepsiai\/"},"modified":"2025-12-15T22:20:34","modified_gmt":"2025-12-15T20:20:34","slug":"odiniai-balnakrepsiai","status":"publish","type":"product","link":"https:\/\/www.barefoot-baltics.ee\/lt\/produktas\/odiniai-balnakrepsiai\/","title":{"rendered":"Odiniai balnakrep\u0161iai"},"content":{"rendered":"<p>\u0160ie, gra\u017e\u016bs, odiniai balnakrep\u0161iai pagaminti i\u0161 ilgaam\u017ei\u0161kos, rankomis puo\u0161tos brazili\u0161kos odos.<\/p>\n<p>Oda yra ne\u017eymiai tepta aliejumi, tod\u0117l yra atspari vandeniui. Balnakrep\u0161iai turi tris karabinus lengvam ir saugiam prisegimui prie balno. Taip pat odini\u0173 dir\u017eeli\u0173 pora kiekvienoje pus\u0117je papildomam baga\u017eui prisegti (striuk\u0117s ir g\u016bnios).<\/p>\n<p>Ner\u016bdijan\u010dio plieno ritin\u0117li\u0173 sagtys padaro krep\u0161i\u0173 atsegim\u0105 ir u\u017esegim\u0105 tokiu lengvu, kaip \u017eod\u017eio \u201cBarefoot\u201d pasakymas.<\/p>\n<p>Abiej\u0173 krep\u0161i\u0173 i\u0161matavimai yra 20 cm x 25 cm x 8 cm.<\/p>\n","protected":false},"excerpt":{"rendered":"<ul>\n<li>Ilgaam\u017ei\u0161ki, gra\u017e\u016bs balnakrep\u0161iai<\/li>\n<li>Puo\u0161ti rankomis i\u0161 brazili\u0161kos odos<\/li>\n<li>Truput\u012f tepti aliejumi ir atspar\u016bs vandeniui<\/li>\n<li>Odiniai dir\u017eeliai \u0161onuose papildomam baga\u017eui<\/li>\n<\/ul>\n","protected":false},"featured_media":949,"template":"","meta":[],"product_brand":[],"product_cat":[1847],"product_tag":[1865,1891],"class_list":{"0":"post-6305","1":"product","2":"type-product","3":"status-publish","4":"has-post-thumbnail","6":"product_cat-balno-aksesuarai","7":"product_tag-madingas","8":"product_tag-oda","9":"product_shipping_class-siuntu-stotis","11":"first","12":"onbackorder","13":"shipping-taxable","14":"purchasable","15":"product-type-simple"},"_links":{"self":[{"href":"https:\/\/www.barefoot-baltics.ee\/lt\/wp-json\/wp\/v2\/product\/6305","targetHints":{"allow":["GET"]}}],"collection":[{"href":"https:\/\/www.barefoot-baltics.ee\/lt\/wp-json\/wp\/v2\/product"}],"about":[{"href":"https:\/\/www.barefoot-baltics.ee\/lt\/wp-json\/wp\/v2\/types\/product"}],"wp:featuredmedia":[{"embeddable":true,"href":"https:\/\/www.barefoot-baltics.ee\/lt\/wp-json\/wp\/v2\/media\/949"}],"wp:attachment":[{"href":"https:\/\/www.barefoot-baltics.ee\/lt\/wp-json\/wp\/v2\/media?parent=6305"}],"wp:term":[{"taxonomy":"product_brand","embeddable":true,"href":"https:\/\/www.barefoot-baltics.ee\/lt\/wp-json\/wp\/v2\/product_brand?post=6305"},{"taxonomy":"product_cat","embeddable":true,"href":"https:\/\/www.barefoot-baltics.ee\/lt\/wp-json\/wp\/v2\/product_cat?post=6305"},{"taxonomy":"product_tag","embeddable":true,"href":"https:\/\/www.barefoot-baltics.ee\/lt\/wp-json\/wp\/v2\/product_tag?post=6305"}],"curies":[{"name":"wp","href":"https:\/\/api.w.org\/{rel}","templated":true}]}}