{"id":6302,"date":"2018-10-22T11:06:25","date_gmt":"2018-10-22T08:06:25","guid":{"rendered":"https:\/\/www.barefoot-baltics.ee\/product\/krutindirzis-issitempk-ir-kvepuok\/"},"modified":"2019-08-08T14:22:44","modified_gmt":"2019-08-08T11:22:44","slug":"krutindirzis-issitempk-ir-kvepuok","status":"publish","type":"product","link":"https:\/\/www.barefoot-baltics.ee\/lt\/produktas\/krutindirzis-issitempk-ir-kvepuok\/","title":{"rendered":"Kr\u016btindir\u017eis \u201cI\u0161sitempk ir kv\u0117puok\u201d"},"content":{"rendered":"<p>\u0160is kintamo ilgio kr\u016btindir\u017eis daugiausia pagamintas i\u0161 auk\u0161tos kokyb\u0117s, mink\u0161tos, lanks\u010dios odos. Dalis, kuri kontaktuoja su \u017eirgu yra i\u0161 mink\u0161tos odos ir termo\u2013elastini\u0173 put\u0173, kurios leid\u017eia lengvai prisitaikyti kr\u016btindir\u017eiui prie \u017eirgo kr\u016btin\u0117s judesio. Pamink\u0161tinimas yra truput\u012f i\u0161lind\u0119s ir atsargiai nuapvalintas, norint i\u0161vengti trynymo.<\/p>\n<p>\u0160is kr\u016btindir\u017eis yra lengvai prisegamas ir pritaikomas visiems balnams, nes turi du u\u017esegimo b\u016bdus: dviem odiniais dir\u017eais arba dviem karabinais.<\/p>\n","protected":false},"excerpt":{"rendered":"<ul>\n<li>Kei\u010diamo ilgio, auk\u0161tos kokyb\u0117s odos kr\u016btindir\u017eis<\/li>\n<li>Labai mink\u0161tas pamink\u0161tinimas<\/li>\n<li>Su tampriu dir\u017eeliu<\/li>\n<li>Mink\u0161tas, nuimamas kailio pamink\u0161tinimas<\/li>\n<\/ul>\n","protected":false},"featured_media":976,"template":"","meta":[],"product_brand":[],"product_cat":[1847],"product_tag":[1877,1891,1905],"class_list":{"0":"post-6302","1":"product","2":"type-product","3":"status-publish","4":"has-post-thumbnail","6":"product_cat-balno-aksesuarai","7":"product_tag-labai-patogus","8":"product_tag-oda","9":"product_tag-stretchbreathe-lt","10":"product_shipping_class-siuntu-stotis","11":"pa_size-1-cob-lt","12":"pa_size-2-full-lt","14":"first","15":"onbackorder","16":"shipping-taxable","17":"purchasable","18":"product-type-variable"},"_links":{"self":[{"href":"https:\/\/www.barefoot-baltics.ee\/lt\/wp-json\/wp\/v2\/product\/6302","targetHints":{"allow":["GET"]}}],"collection":[{"href":"https:\/\/www.barefoot-baltics.ee\/lt\/wp-json\/wp\/v2\/product"}],"about":[{"href":"https:\/\/www.barefoot-baltics.ee\/lt\/wp-json\/wp\/v2\/types\/product"}],"wp:featuredmedia":[{"embeddable":true,"href":"https:\/\/www.barefoot-baltics.ee\/lt\/wp-json\/wp\/v2\/media\/976"}],"wp:attachment":[{"href":"https:\/\/www.barefoot-baltics.ee\/lt\/wp-json\/wp\/v2\/media?parent=6302"}],"wp:term":[{"taxonomy":"product_brand","embeddable":true,"href":"https:\/\/www.barefoot-baltics.ee\/lt\/wp-json\/wp\/v2\/product_brand?post=6302"},{"taxonomy":"product_cat","embeddable":true,"href":"https:\/\/www.barefoot-baltics.ee\/lt\/wp-json\/wp\/v2\/product_cat?post=6302"},{"taxonomy":"product_tag","embeddable":true,"href":"https:\/\/www.barefoot-baltics.ee\/lt\/wp-json\/wp\/v2\/product_tag?post=6302"}],"curies":[{"name":"wp","href":"https:\/\/api.w.org\/{rel}","templated":true}]}}