{"id":6299,"date":"2018-09-12T12:31:53","date_gmt":"2018-09-12T09:31:53","guid":{"rendered":"https:\/\/www.barefoot-baltics.ee\/product\/balnasparniai-su-keliu-blokeliais\/"},"modified":"2019-08-08T14:20:49","modified_gmt":"2019-08-08T11:20:49","slug":"balnasparniai-su-keliu-blokeliais","status":"publish","type":"product","link":"https:\/\/www.barefoot-baltics.ee\/lt\/produktas\/balnasparniai-su-keliu-blokeliais\/","title":{"rendered":"Balnasparniai su keli\u0173 blokeliais"},"content":{"rendered":"<p>Odiniai balnasparniai su integruotais keli\u0173 blokeliais, kurios galite prisegti prie savo kilpdir\u017ei\u0173. Tai puikus b\u016bdas tur\u0117ti nuimamus, papildomus keli\u0173 blokelius balnams, kurie j\u0173 neturi, kaip antai \u201c\u0160ajenas\u201d, \u201cAtlanta\u201d, \u201cArizona\u201d ir kt. Jie ne tik suteikia saugumo \u2013 i\u0161jojant \u012f gamt\u0105 ar treniruot\u0117se \u2013 bet taip pat raitelis patogiau s\u0117di. Keliai i\u0161keliami mink\u0161t\u0173 blokeli\u0173, palaikant raitelio keli\u0173 kontakt\u0105. <\/p>\n<p>Juos lengva naudoti! Tiesiog praki\u0161kite savo kilpdir\u017eius per tu\u0161tum\u0105, esan\u010di\u0105 balnasparniuose. (kilpdir\u017eiai nepridedami). \u0160iems balnasparniam tinka ir standartinio plo\u010dio (1 colio) ir plat\u016bs (2 coli\u0173) kilpdir\u017eiai, taip suteikiant jums \u0161ans\u0105 pasirinkti norimas kilpas. <\/p>\n<p>\u0160ie balnasparniai su keli\u0173 blokeliais turi daug prana\u0161um\u0173:<\/p>\n<ul>\n<li>Raitelio koja stabiliau remiasi \u012f baln\u0105<\/li>\n<li>Gali b\u016bti naudojami su angli\u0161ko stiliaus kilpdir\u017eiais<\/li>\n<li>Keli\u0173 blokeliai suteikia atram\u0105 ir suteikia saugumo<\/li>\n<li>R\u016bbai tiesiogiai nekontaktuoja su \u017eirgu<\/li>\n<li>Galite joti be auk\u0161taauli\u0173 bat\u0173 ar aul\u0173<\/li>\n<li>Tinka visiems balnams neturintiems kelio blokeli\u0173<\/li>\n<\/ul>\n<p>Ilgis \u2013 43.5 cm, parduodami poromis. Nerekomenduojame naudoti \u0161i\u0173 balnasparni\u0173 su dirbtin\u0117s odos balnais. Balnasparniai gali prad\u0117ti gadinti baln\u0105, nes  j\u0173 oda yra kietesn\u0117, nei dirbtin\u0117 oda. <\/p>\n","protected":false},"excerpt":{"rendered":"<ul>\n<li>Balnasparniai su anatominiais keli\u0173 blokeliais<\/li>\n<li>Visiems balnams ir jojimo disciplinoms<\/li>\n<li>I\u0161jojimus \u012f gamt\u0105 paver\u010dia saugiais<\/li>\n<li>Lengvai u\u017ededami ir nuimami<\/li>\n<li>Parduodami poromis<\/li>\n<\/ul>\n","protected":false},"featured_media":554,"template":"","meta":[],"product_brand":[],"product_cat":[1847,1849],"product_tag":[1876,1878,1891,1909],"class_list":{"0":"post-6299","1":"product","2":"type-product","3":"status-publish","4":"has-post-thumbnail","6":"product_cat-balno-aksesuarai","7":"product_cat-kilpos-ir-kilpdirziai","8":"product_tag-angliska","9":"product_tag-labai-saugus","10":"product_tag-oda","11":"product_tag-vesterno","12":"product_shipping_class-siuntu-stotis","13":"pa_colour-juoda","14":"pa_colour-ruda","16":"first","17":"onbackorder","18":"shipping-taxable","19":"purchasable","20":"product-type-variable"},"_links":{"self":[{"href":"https:\/\/www.barefoot-baltics.ee\/lt\/wp-json\/wp\/v2\/product\/6299","targetHints":{"allow":["GET"]}}],"collection":[{"href":"https:\/\/www.barefoot-baltics.ee\/lt\/wp-json\/wp\/v2\/product"}],"about":[{"href":"https:\/\/www.barefoot-baltics.ee\/lt\/wp-json\/wp\/v2\/types\/product"}],"wp:featuredmedia":[{"embeddable":true,"href":"https:\/\/www.barefoot-baltics.ee\/lt\/wp-json\/wp\/v2\/media\/554"}],"wp:attachment":[{"href":"https:\/\/www.barefoot-baltics.ee\/lt\/wp-json\/wp\/v2\/media?parent=6299"}],"wp:term":[{"taxonomy":"product_brand","embeddable":true,"href":"https:\/\/www.barefoot-baltics.ee\/lt\/wp-json\/wp\/v2\/product_brand?post=6299"},{"taxonomy":"product_cat","embeddable":true,"href":"https:\/\/www.barefoot-baltics.ee\/lt\/wp-json\/wp\/v2\/product_cat?post=6299"},{"taxonomy":"product_tag","embeddable":true,"href":"https:\/\/www.barefoot-baltics.ee\/lt\/wp-json\/wp\/v2\/product_tag?post=6299"}],"curies":[{"name":"wp","href":"https:\/\/api.w.org\/{rel}","templated":true}]}}