{"id":6295,"date":"2018-10-22T10:00:46","date_gmt":"2018-10-22T07:00:46","guid":{"rendered":"https:\/\/www.barefoot-baltics.ee\/product\/odinis-krutindirzis\/"},"modified":"2019-08-08T14:07:02","modified_gmt":"2019-08-08T11:07:02","slug":"odinis-krutindirzis","status":"publish","type":"product","link":"https:\/\/www.barefoot-baltics.ee\/lt\/produktas\/odinis-krutindirzis\/","title":{"rendered":"Odinis kr\u016btindir\u017eis"},"content":{"rendered":"<p>\u0160is odinis kr\u016btindir\u017eis pagamintas i\u0161 mink\u0161tos, auk\u0161tos kokyb\u0117s odos. Papuo\u0161tas gra\u017eiais ra\u0161tais. \u0160viesus ir rudas kr\u016btindir\u017eis turi krep\u0161io ra\u0161t\u0105, tuo tarpu juodas kr\u016btindir\u017eis siuvin\u0117tas. Kontaktuojan\u010dios su \u017eirgu dalys yra pamink\u0161tintos mink\u0161ta oda ir termo\u2013elastin\u0117mis putomis. Tai suteikia \u017eirgui patogumo. Pamink\u0161tinimas yra vos platesnis nei odin\u0117 kr\u016btindir\u017eio dalis, taip pat ir atsargiai nuapvalintas, norint i\u0161vengti plauk\u0173 trynimo. <\/p>\n<p>\u0160is odinis kr\u016btindir\u017eis gali b\u016bti prisegtas prie bet kurio balno, d\u0117l savo dvej\u0173 u\u017esegimo tip\u0173. J\u016bs galite naudoti arba du odinius dir\u017eelius, arba 2 karabinus.<\/p>\n<p>Pagrindin\u0117s funkcijos:<\/p>\n<ul>\n<li>Labai mink\u0161tas su termo\u2013elastin\u0117mis putomis<\/li>\n<li>Rank\u0173 darbo ra\u0161tas arba siuvin\u0117jimas<\/li>\n<li>Lengvas pritaikymas d\u0117l odini\u0173 dir\u017eeli\u0173 ir karabin\u0173<\/li>\n<\/ul>\n","protected":false},"excerpt":{"rendered":"<ul>\n<li>Auk\u0161to kokyb\u0117s odos kr\u016btindir\u017eis<\/li>\n<li>Tinka kiekvienam balnui<\/li>\n<li>Labai mink\u0161tas<\/li>\n<li>Galima rinktis i\u0161 trij\u0173 spalv\u0173<\/li>\n<\/ul>\n","protected":false},"featured_media":969,"template":"","meta":[],"product_brand":[],"product_cat":[1847],"product_tag":[1877,1891],"class_list":{"0":"post-6295","1":"product","2":"type-product","3":"status-publish","4":"has-post-thumbnail","6":"product_cat-balno-aksesuarai","7":"product_tag-labai-patogus","8":"product_tag-oda","9":"product_shipping_class-siuntu-stotis","10":"pa_colour-juoda","11":"pa_colour-ruda","12":"pa_colour-sviesi","14":"first","15":"instock","16":"shipping-taxable","17":"purchasable","18":"product-type-variable"},"_links":{"self":[{"href":"https:\/\/www.barefoot-baltics.ee\/lt\/wp-json\/wp\/v2\/product\/6295","targetHints":{"allow":["GET"]}}],"collection":[{"href":"https:\/\/www.barefoot-baltics.ee\/lt\/wp-json\/wp\/v2\/product"}],"about":[{"href":"https:\/\/www.barefoot-baltics.ee\/lt\/wp-json\/wp\/v2\/types\/product"}],"wp:featuredmedia":[{"embeddable":true,"href":"https:\/\/www.barefoot-baltics.ee\/lt\/wp-json\/wp\/v2\/media\/969"}],"wp:attachment":[{"href":"https:\/\/www.barefoot-baltics.ee\/lt\/wp-json\/wp\/v2\/media?parent=6295"}],"wp:term":[{"taxonomy":"product_brand","embeddable":true,"href":"https:\/\/www.barefoot-baltics.ee\/lt\/wp-json\/wp\/v2\/product_brand?post=6295"},{"taxonomy":"product_cat","embeddable":true,"href":"https:\/\/www.barefoot-baltics.ee\/lt\/wp-json\/wp\/v2\/product_cat?post=6295"},{"taxonomy":"product_tag","embeddable":true,"href":"https:\/\/www.barefoot-baltics.ee\/lt\/wp-json\/wp\/v2\/product_tag?post=6295"}],"curies":[{"name":"wp","href":"https:\/\/api.w.org\/{rel}","templated":true}]}}