{"id":6291,"date":"2018-10-19T07:36:54","date_gmt":"2018-10-19T04:36:54","guid":{"rendered":"https:\/\/www.barefoot-baltics.ee\/product\/balno-lankelis-su-rankenomis\/"},"modified":"2019-08-08T14:04:38","modified_gmt":"2019-08-08T11:04:38","slug":"balno-lankelis-su-rankenomis","status":"publish","type":"product","link":"https:\/\/www.barefoot-baltics.ee\/lt\/produktas\/balno-lankelis-su-rankenomis\/","title":{"rendered":"Balno lankelis su rankenomis"},"content":{"rendered":"<p>\u0160ie anatominiai  balno lankeliai su rankenomis suteikia jums saugi\u0105 viet\u0105 laikytis, nepaisant to ar j\u016bs\u0173 rankos didel\u0117s ar ma\u017eos. Jie gali b\u016bti naudojami su bet kurio Barefoot balnu, kuris turi lankel\u012f (balno lankelis su ragu). Tiesiog pakeiskite lankelius atidarydami priekin\u012f u\u017etrauktuk\u0105. Lengvai pakei\u010diama bet kuriuo metu be dideli\u0173 pastang\u0173 ar baln\u0173 eksperto pagalbos. <\/p>\n<p>NB! \u0160ie balno lankeliai negali b\u016bti naudojami su standartiniais angli\u0161kais balnais. Lankelio u\u017etrauktukas eina i\u0161 de\u0161in\u0117s \u012f kair\u0119, taigi negal\u0117site u\u017edaryti u\u017etrauktuko d\u0117l ranken\u0117li\u0173. Jums reik\u0117s lankelio u\u017etrauktuko, kuris  yra ir kair\u0117je, ir de\u0161in\u0117je bei u\u017esisega centre. Tai rei\u0161kia, kad angli\u0161ko tipo balnams reik\u0117s u\u017esisakyti individual\u0173 baln\u0105, kaip antai individualus  \u201c\u0160ajenas\u201d arba individualus \u201c\u010cerokis\u201d. \u0160iuos du balnus galite u\u017esisakyti su balno lankeliu su rankenomis. Tai papildomai kainuoja 80 EUR.<\/p>\n<p>Rekomenduojame \u0161ias HDR ranken\u0117les:<\/p>\n<ul>\n<li>Raitelio treniravimui<\/li>\n<li>Terapijai<\/li>\n<li>Bailiems \u017eirgams<\/li>\n<li>Savimi nepasitikintiems raiteliams<\/li>\n<\/ul>\n","protected":false},"excerpt":{"rendered":"<ul>\n<li>Suteikia saugi\u0105 viet\u0105 laikytis<\/li>\n<li>Daug tu\u0161tumos gogui<\/li>\n<li>Anatomin\u0117s ranken\u0117l\u0117s<\/li>\n<li>Geriausiai tinka pradedan\u010di\u0173j\u0173 treniravimui ir terapijai<\/li>\n<\/ul>\n","protected":false},"featured_media":888,"template":"","meta":[],"product_brand":[],"product_cat":[1847],"product_tag":[1877,1881,1858],"class_list":{"0":"post-6291","1":"product","2":"type-product","3":"status-publish","4":"has-post-thumbnail","6":"product_cat-balno-aksesuarai","7":"product_tag-labai-patogus","8":"product_tag-pradedantiesiems","9":"product_tag-reguliuojamas","10":"product_shipping_class-siuntu-stotis","11":"pa_width-platus","12":"pa_width-vidutinis","13":"pa_width-xxl-lt","15":"first","16":"onbackorder","17":"shipping-taxable","18":"purchasable","19":"product-type-variable"},"_links":{"self":[{"href":"https:\/\/www.barefoot-baltics.ee\/lt\/wp-json\/wp\/v2\/product\/6291","targetHints":{"allow":["GET"]}}],"collection":[{"href":"https:\/\/www.barefoot-baltics.ee\/lt\/wp-json\/wp\/v2\/product"}],"about":[{"href":"https:\/\/www.barefoot-baltics.ee\/lt\/wp-json\/wp\/v2\/types\/product"}],"wp:featuredmedia":[{"embeddable":true,"href":"https:\/\/www.barefoot-baltics.ee\/lt\/wp-json\/wp\/v2\/media\/888"}],"wp:attachment":[{"href":"https:\/\/www.barefoot-baltics.ee\/lt\/wp-json\/wp\/v2\/media?parent=6291"}],"wp:term":[{"taxonomy":"product_brand","embeddable":true,"href":"https:\/\/www.barefoot-baltics.ee\/lt\/wp-json\/wp\/v2\/product_brand?post=6291"},{"taxonomy":"product_cat","embeddable":true,"href":"https:\/\/www.barefoot-baltics.ee\/lt\/wp-json\/wp\/v2\/product_cat?post=6291"},{"taxonomy":"product_tag","embeddable":true,"href":"https:\/\/www.barefoot-baltics.ee\/lt\/wp-json\/wp\/v2\/product_tag?post=6291"}],"curies":[{"name":"wp","href":"https:\/\/api.w.org\/{rel}","templated":true}]}}