{"id":6287,"date":"2018-10-20T19:49:55","date_gmt":"2018-10-20T16:49:55","guid":{"rendered":"https:\/\/www.barefoot-baltics.ee\/product\/galiniai-balnakrepsiai\/"},"modified":"2021-08-30T16:56:33","modified_gmt":"2021-08-30T13:56:33","slug":"galiniai-balnakrepsiai","status":"publish","type":"product","link":"https:\/\/www.barefoot-baltics.ee\/lt\/produktas\/galiniai-balnakrepsiai\/","title":{"rendered":"Galiniai balnakrep\u0161iai"},"content":{"rendered":"<p>Tai yra prakti\u0161ki galiniai balnakrep\u0161iai su nuimamu centriniu krep\u0161iu. Mes \u012fsitikin\u0119, kad apgalvojome visk\u0105\u2013 krep\u0161iai turi du patvarius buteliuk\u0173 laikiklius, atskir\u0105 ki\u0161en\u0119 lipuk\u0173 u\u017esegimu mobiliesiems ar GPS\u2013 si\u0173stuvams ir ilgus dir\u017eus, kuriais balnakrep\u0161\u012f galima prisegti prie bet kurio balno. Du lengvai pasiekiami, itin talp\u016bs \u0161oniniai krep\u0161iai.<\/p>\n<p>Centrinis krep\u0161ys prisegtas lipukais ir gali b\u016bti nuimtas, kai n\u0117ra daug baga\u017eo. Po centriniu krep\u0161iu yra du papildomi dir\u017eai su sagtimis g\u016bniai ar striukei greitai prisegti.<\/p>\n<p>Krep\u0161iai yra labai lengvi (1.7 kg). Pagaminti i\u0161 600 D nailono, dengti poliuretanu, kuris puikiai tinka lauko s\u0105lygoms bei turi vandeniui ir ne\u0161varumams atspari\u0173 savybi\u0173. Visi krep\u0161iai pamink\u0161tinti, patog\u016bs naudoti, amortizuojantys, tod\u0117l yra draugi\u0161ki \u017eirgui.<\/p>\n<p>\u0160onini\u0173 krep\u0161i\u0173 i\u0161matavimai: 28 cm x 27.5 cm x 9 cm. Centrinio krep\u0161io i\u0161matavimai 41 cm x 29 cm x 8 cm.<\/p>\n","protected":false},"excerpt":{"rendered":"<ul>\n<li>Ma\u017eas svoris (1.7 kg)<\/li>\n<li>Nuimamas centrinis krep\u0161ys<\/li>\n<li>Vandeniui ir ne\u0161varumams atspari med\u017eiaga<\/li>\n<\/ul>\n","protected":false},"featured_media":954,"template":"","meta":[],"product_brand":[],"product_cat":[1847],"product_tag":[1877,1892,1893],"class_list":{"0":"post-6287","1":"product","2":"type-product","3":"status-publish","4":"has-post-thumbnail","6":"product_cat-balno-aksesuarai","7":"product_tag-labai-patogus","8":"product_tag-lengvas","9":"product_tag-nailonas","10":"product_shipping_class-siuntu-stotis","11":"pa_colour-juoda","12":"pa_colour-ruda","14":"first","15":"onbackorder","16":"shipping-taxable","17":"purchasable","18":"product-type-variable"},"_links":{"self":[{"href":"https:\/\/www.barefoot-baltics.ee\/lt\/wp-json\/wp\/v2\/product\/6287","targetHints":{"allow":["GET"]}}],"collection":[{"href":"https:\/\/www.barefoot-baltics.ee\/lt\/wp-json\/wp\/v2\/product"}],"about":[{"href":"https:\/\/www.barefoot-baltics.ee\/lt\/wp-json\/wp\/v2\/types\/product"}],"wp:featuredmedia":[{"embeddable":true,"href":"https:\/\/www.barefoot-baltics.ee\/lt\/wp-json\/wp\/v2\/media\/954"}],"wp:attachment":[{"href":"https:\/\/www.barefoot-baltics.ee\/lt\/wp-json\/wp\/v2\/media?parent=6287"}],"wp:term":[{"taxonomy":"product_brand","embeddable":true,"href":"https:\/\/www.barefoot-baltics.ee\/lt\/wp-json\/wp\/v2\/product_brand?post=6287"},{"taxonomy":"product_cat","embeddable":true,"href":"https:\/\/www.barefoot-baltics.ee\/lt\/wp-json\/wp\/v2\/product_cat?post=6287"},{"taxonomy":"product_tag","embeddable":true,"href":"https:\/\/www.barefoot-baltics.ee\/lt\/wp-json\/wp\/v2\/product_tag?post=6287"}],"curies":[{"name":"wp","href":"https:\/\/api.w.org\/{rel}","templated":true}]}}