{"id":6284,"date":"2018-10-24T13:39:21","date_gmt":"2018-10-24T10:39:21","guid":{"rendered":"https:\/\/www.barefoot-baltics.ee\/product\/avies-vilnos-uzdangalas-balnui\/"},"modified":"2022-08-12T13:50:33","modified_gmt":"2022-08-12T10:50:33","slug":"avies-vilnos-uzdangalas-balnui","status":"publish","type":"product","link":"https:\/\/www.barefoot-baltics.ee\/lt\/produktas\/avies-vilnos-uzdangalas-balnui\/","title":{"rendered":"Avies vilnos u\u017edangalas balnui"},"content":{"rendered":"<p>\u0160is avies vilnos u\u017edangalas balnui gali b\u016bti naudojamas su visais Barefoot balnais. Tai paver\u010dia baln\u0105 dar patogesniu ir jaukesniu. Jis taip pat tinka daugeliui tradicini\u0173 (ne Barefoot) vesterno baln\u0173\u2013 tiesiog u\u017esisakykite 2 dyd\u012f.<\/p>\n<p>U\u017edangalas lengvai prisegamas dviem lipukais kair\u0117je ir de\u0161in\u0117je balno s\u0117dyn\u0117s pus\u0117se. U\u017edangalo gale yra didelis i\u0161siki\u0161imas, kuris u\u017etempiamas ant s\u0117dyn\u0117s galo. Po trumpo pajojimo s\u0117dyn\u0117s u\u017edangalas prisitaiko prie balno. Dirbtin\u0117s gumos apa\u010dia neleid\u017eia slidin\u0117ti, taigi raitelis jau\u010diasi saugiau bei turi mink\u0161tesn\u0119 s\u0117dyn\u0119.<\/p>\n<p>\u0160is produktas pagamintas i\u0161 tikros avies vilnos. Avies vilna turi ma\u017edaug tokias pat antibakterines ir spaudim\u0105 slopinan\u010dias savybes kaip ir avikailis. Ta\u010diau vienas mums svarbus skirtumas yra toks: vilna yra paprastai nuskusta nuo avies, kas yra reguliari, santykiniai neskaudi proced\u016bra, tada avies vilna yra perduodama kaip tekstil\u0117s med\u017eiaga tolimesniam apdirbimui, tuo tarpu d\u0117l avikailio avis turi b\u016bti nu\u017eudyta. Tai rei\u0161kia, kad produkcija yra draugi\u0161ka tiek gyv\u016bn\u0173, tiek resurs\u0173 at\u017evilgiu.<\/p>\n<p>J\u016bs galite rankomis plauti \u0161\u012f s\u0117dyn\u0117s u\u017edangal\u0105 \u0161altame vandenyje. Tada i\u0161tempkite \u012f buvusi\u0105 form\u0105 ir stipriai papurtykite. 1 dydis tinka 0 dyd\u017eio balnams.<\/p>\n","protected":false},"excerpt":{"rendered":"<ul>\n<li>Suteikia mink\u0161tesn\u0119 s\u0117dyn\u0119<\/li>\n<li>Geresn\u0117 amortizacija<\/li>\n<li>Lengvai prisegamas<\/li>\n<\/ul>\n","protected":false},"featured_media":1033,"template":"","meta":[],"product_brand":[],"product_cat":[1847],"product_tag":[1876,1877,1909,1910],"class_list":{"0":"post-6284","1":"product","2":"type-product","3":"status-publish","4":"has-post-thumbnail","6":"product_cat-balno-aksesuarai","7":"product_tag-angliska","8":"product_tag-labai-patogus","9":"product_tag-vesterno","10":"product_tag-vilna-lt","11":"product_shipping_class-siuntu-stotis","12":"pa_size-1-lt","13":"pa_size-2-lt","15":"first","16":"onbackorder","17":"shipping-taxable","18":"purchasable","19":"product-type-variable"},"_links":{"self":[{"href":"https:\/\/www.barefoot-baltics.ee\/lt\/wp-json\/wp\/v2\/product\/6284","targetHints":{"allow":["GET"]}}],"collection":[{"href":"https:\/\/www.barefoot-baltics.ee\/lt\/wp-json\/wp\/v2\/product"}],"about":[{"href":"https:\/\/www.barefoot-baltics.ee\/lt\/wp-json\/wp\/v2\/types\/product"}],"wp:featuredmedia":[{"embeddable":true,"href":"https:\/\/www.barefoot-baltics.ee\/lt\/wp-json\/wp\/v2\/media\/1033"}],"wp:attachment":[{"href":"https:\/\/www.barefoot-baltics.ee\/lt\/wp-json\/wp\/v2\/media?parent=6284"}],"wp:term":[{"taxonomy":"product_brand","embeddable":true,"href":"https:\/\/www.barefoot-baltics.ee\/lt\/wp-json\/wp\/v2\/product_brand?post=6284"},{"taxonomy":"product_cat","embeddable":true,"href":"https:\/\/www.barefoot-baltics.ee\/lt\/wp-json\/wp\/v2\/product_cat?post=6284"},{"taxonomy":"product_tag","embeddable":true,"href":"https:\/\/www.barefoot-baltics.ee\/lt\/wp-json\/wp\/v2\/product_tag?post=6284"}],"curies":[{"name":"wp","href":"https:\/\/api.w.org\/{rel}","templated":true}]}}