{"id":6273,"date":"2018-10-19T16:17:08","date_gmt":"2018-10-19T13:17:08","guid":{"rendered":"https:\/\/www.barefoot-baltics.ee\/product\/balno-lankelis-su-ragu\/"},"modified":"2019-08-06T11:05:51","modified_gmt":"2019-08-06T08:05:51","slug":"balno-lankelis-su-ragu","status":"publish","type":"product","link":"https:\/\/www.barefoot-baltics.ee\/lt\/produktas\/balno-lankelis-su-ragu\/","title":{"rendered":"Balno lankelis su ragu"},"content":{"rendered":"<p>Su \u0161iuo lankeliu j\u016bs galite tur\u0117ti balno lankel\u012f su ragu, kuris yra tinkamas vesterno balnams. Galimi skirtingi dyd\u017eiai. Mes rekomenduojame vidutinio dyd\u017eio lankel\u012f siauriems \u017eirgams, o plat\u0173 dyd\u012f visiems platiems \u017eirgams. \u017dirgai su pastebimu gogu ir labai pla\u010diais pe\u010diais (\u0161altakraujams) tur\u0117t\u0173 b\u016bti jojami su XXL dyd\u017eiu. <\/p>\n<p>Paprastas \u012fd\u0117jimas: atsekite u\u017etrauktuk\u0105, pakeiskite lankel\u012f, u\u017esekite u\u017etrauktuk\u0105\u2013 viskas!<\/p>\n<p>Kad b\u016bt\u0173 lengviau atskirti m\u016bs\u0173 lankeliai yra skirting\u0173 spalv\u0173.<\/p>\n<ul>\n<li>Vidutinis \u2013 pilkas<\/li>\n<li>Platus \u2013 raudonas<\/li>\n<li>XXL \u2013 m\u0117lynas<\/li>\n<\/ul>\n","protected":false},"excerpt":{"rendered":"<ul>\n<li>Pasidaryk\u2013Pats, lengvai pakei\u010diamas<\/li>\n<li>Pritaikykite baln\u0105 skirtingiems \u017eirgams skirtinguose treniravimo etapuose ir skirtingais sezonais<\/li>\n<li>Galimi skirtingi dyd\u017eiai ir spalvos<\/li>\n<\/ul>\n","protected":false},"featured_media":909,"template":"","meta":[],"product_brand":[],"product_cat":[1847],"product_tag":[1858,1909],"class_list":{"0":"post-6273","1":"product","2":"type-product","3":"status-publish","4":"has-post-thumbnail","6":"product_cat-balno-aksesuarai","7":"product_tag-reguliuojamas","8":"product_tag-vesterno","9":"product_shipping_class-siuntu-stotis","10":"pa_colour-juoda","11":"pa_colour-ruda","12":"pa_colour-sokoladine","13":"pa_colour-sviesi","14":"pa_width-platus","15":"pa_width-vidutinis","16":"pa_width-xxl-lt","18":"first","19":"onbackorder","20":"shipping-taxable","21":"purchasable","22":"product-type-variable"},"_links":{"self":[{"href":"https:\/\/www.barefoot-baltics.ee\/lt\/wp-json\/wp\/v2\/product\/6273","targetHints":{"allow":["GET"]}}],"collection":[{"href":"https:\/\/www.barefoot-baltics.ee\/lt\/wp-json\/wp\/v2\/product"}],"about":[{"href":"https:\/\/www.barefoot-baltics.ee\/lt\/wp-json\/wp\/v2\/types\/product"}],"wp:featuredmedia":[{"embeddable":true,"href":"https:\/\/www.barefoot-baltics.ee\/lt\/wp-json\/wp\/v2\/media\/909"}],"wp:attachment":[{"href":"https:\/\/www.barefoot-baltics.ee\/lt\/wp-json\/wp\/v2\/media?parent=6273"}],"wp:term":[{"taxonomy":"product_brand","embeddable":true,"href":"https:\/\/www.barefoot-baltics.ee\/lt\/wp-json\/wp\/v2\/product_brand?post=6273"},{"taxonomy":"product_cat","embeddable":true,"href":"https:\/\/www.barefoot-baltics.ee\/lt\/wp-json\/wp\/v2\/product_cat?post=6273"},{"taxonomy":"product_tag","embeddable":true,"href":"https:\/\/www.barefoot-baltics.ee\/lt\/wp-json\/wp\/v2\/product_tag?post=6273"}],"curies":[{"name":"wp","href":"https:\/\/api.w.org\/{rel}","templated":true}]}}